
{"id":2251,"date":"2021-06-03T12:22:45","date_gmt":"2021-06-03T15:22:45","guid":{"rendered":"http:\/\/cursos.unipampa.edu.br\/cursos\/ppeng\/?page_id=2251"},"modified":"2025-05-23T19:55:05","modified_gmt":"2025-05-23T22:55:05","slug":"introducao-a-mecanica-do-continuo","status":"publish","type":"page","link":"https:\/\/cursos.unipampa.edu.br\/cursos\/ppeng\/es\/introducao-a-mecanica-do-continuo\/","title":{"rendered":"Introdu\u00e7\u00e3o \u00e0 mec\u00e2nica do cont\u00ednuo"},"content":{"rendered":"<p><strong>C\u00f3digo<\/strong>: AL50XX<\/p>\n<p><strong>Cr\u00e9ditos<\/strong>: 4<\/p>\n<p><strong>Disciplina obrigat\u00f3ria<\/strong>: N\u00e3o<\/p>\n<p><strong>Semestre de oferta<\/strong>: 1\u00ba Semestre*<\/p>\n<p><strong>Docente<\/strong>: Luis Eduardo Kosteski<\/p>\n<hr \/>\n<p><strong>Ementa<\/strong>:<br \/>\nVetores e tensores, tensor de tens\u00f5es, tensor de deforma\u00e7\u00f5es. Princ\u00edpios gerais: conserva\u00e7\u00e3o da massa, equa\u00e7\u00e3o da continuidade, quantidade de movimento, equa\u00e7\u00f5es do movimento e do equil\u00edbrio, deslocamentos virtuais. Equa\u00e7\u00f5es constitutivas: elasticidade, plasticidade.<\/p>\n<hr \/>\n<p><strong>Bibliografia<\/strong>:<br \/>\n1. Lawrence E. Malvern &#8211; Introduction to the Mechanics of a Continuous Medium, 1969.<br \/>\n2. Morton E. Gurtin &#8211; An Introduction to Continuum Mechanics, 1981.<br \/>\n3. W. Michael Lai, David Rubin, Erhard Krempl &#8211; Introduction to Continuum Mechanics, Fourth Edition, 2010.<br \/>\n4. J. N. Reddy. An Introduction to Continuum Mechanics. Second Edition. Cambridge University Press; 2\u00aa Edi\u00e7\u00e3o (29 julho 2013)<br \/>\n5. P. Chadwick &#8211; Continuum Mechanics. Concise Theory and Problems, Second Corrected and Enlarged Edition, 1999.<\/p>\n<hr \/>\n<p>* Oferta condicionada \u00e0 demanda.<\/p>","protected":false},"excerpt":{"rendered":"<p>C\u00f3digo: AL50XX Cr\u00e9ditos: 4 Disciplina obrigat\u00f3ria: N\u00e3o Semestre de oferta: 1\u00ba Semestre* Docente: Luis Eduardo Kosteski Ementa: Vetores e tensores, tensor de tens\u00f5es, tensor de deforma\u00e7\u00f5es. Princ\u00edpios gerais: conserva\u00e7\u00e3o da massa, equa\u00e7\u00e3o da continuidade, quantidade de movimento, equa\u00e7\u00f5es do movimento e do equil\u00edbrio, deslocamentos virtuais. Equa\u00e7\u00f5es constitutivas: elasticidade, plasticidade. Bibliografia: 1. Lawrence E. Malvern &#8211; [&hellip;]<\/p>\n","protected":false},"author":629,"featured_media":0,"parent":0,"menu_order":0,"comment_status":"closed","ping_status":"closed","template":"","meta":[],"_links":{"self":[{"href":"https:\/\/cursos.unipampa.edu.br\/cursos\/ppeng\/es\/wp-json\/wp\/v2\/pages\/2251"}],"collection":[{"href":"https:\/\/cursos.unipampa.edu.br\/cursos\/ppeng\/es\/wp-json\/wp\/v2\/pages"}],"about":[{"href":"https:\/\/cursos.unipampa.edu.br\/cursos\/ppeng\/es\/wp-json\/wp\/v2\/types\/page"}],"author":[{"embeddable":true,"href":"https:\/\/cursos.unipampa.edu.br\/cursos\/ppeng\/es\/wp-json\/wp\/v2\/users\/629"}],"replies":[{"embeddable":true,"href":"https:\/\/cursos.unipampa.edu.br\/cursos\/ppeng\/es\/wp-json\/wp\/v2\/comments?post=2251"}],"version-history":[{"count":4,"href":"https:\/\/cursos.unipampa.edu.br\/cursos\/ppeng\/es\/wp-json\/wp\/v2\/pages\/2251\/revisions"}],"predecessor-version":[{"id":3758,"href":"https:\/\/cursos.unipampa.edu.br\/cursos\/ppeng\/es\/wp-json\/wp\/v2\/pages\/2251\/revisions\/3758"}],"wp:attachment":[{"href":"https:\/\/cursos.unipampa.edu.br\/cursos\/ppeng\/es\/wp-json\/wp\/v2\/media?parent=2251"}],"curies":[{"name":"wp","href":"https:\/\/api.w.org\/{rel}","templated":true}]}}