
{"id":2249,"date":"2021-06-03T12:14:41","date_gmt":"2021-06-03T15:14:41","guid":{"rendered":"http:\/\/cursos.unipampa.edu.br\/cursos\/ppeng\/?page_id=2249"},"modified":"2025-05-23T19:48:17","modified_gmt":"2025-05-23T22:48:17","slug":"materiais-e-meio-ambiente","status":"publish","type":"page","link":"https:\/\/cursos.unipampa.edu.br\/cursos\/ppeng\/es\/materiais-e-meio-ambiente\/","title":{"rendered":"Materiais e meio ambiente"},"content":{"rendered":"<p><strong>C\u00f3digo<\/strong>: AL50XX<\/p>\n<p><strong>Cr\u00e9ditos<\/strong>: 2<\/p>\n<p><strong>Disciplina obrigat\u00f3ria<\/strong>: Sim<\/p>\n<p><strong>Semestre de oferta<\/strong>: 2\u00ba semestre<\/p>\n<p><strong>Docente<\/strong>: Fernanda Bianchi Pereira da Costa<\/p>\n<hr \/>\n<p><strong>Ementa<\/strong>: Aplica\u00e7\u00f5es e processos de ligas met\u00e1licas. Estruturas, propriedades e aplica\u00e7\u00f5es das cer\u00e2micas. Estruturas, caracter\u00edsticas e aplica\u00e7\u00f5es dos pol\u00edmeros. Comp\u00f3sitos. Comp\u00f3sitos a base ciment\u00edcia. Mat\u00e9ria prima alternativa. Polui\u00e7\u00e3o da \u00e1gua. Polui\u00e7\u00e3o do solo. Polui\u00e7\u00e3o atmosf\u00e9rica. Matrizes energ\u00e9ticas e meio ambiente.<\/p>\n<hr \/>\n<p><strong>Bibliografia<\/strong>:<br \/>\n1. CALLISTER, W. D. Materials Science and Engineering An Introduction. Nova Jersey: John Wiley &amp; Sons, Inc., 2000.<br \/>\n2. ASKELAND, D. R. The Science and Engineering of Materials. Londres: Chapman and Hall, 1998.<br \/>\n3. CALLISTER, WILLIAM D. Ci\u00eancia e Engenharia de Materiais &#8211; Uma Introdu\u00e7\u00e3o. 7a ed., Rio de Janeiro: LTC, 2008.<br \/>\n4. HINRICHS, Roger A.; KLEINBACH, Merlin. Energia e meio ambiente. Cengage Learning Editores, 2003.<br \/>\n5. RAO, C. S. Environmental pollution control engineering. New Age International, 2007.<\/p>","protected":false},"excerpt":{"rendered":"<p>C\u00f3digo: AL50XX Cr\u00e9ditos: 2 Disciplina obrigat\u00f3ria: Sim Semestre de oferta: 2\u00ba semestre Docente: Fernanda Bianchi Pereira da Costa Ementa: Aplica\u00e7\u00f5es e processos de ligas met\u00e1licas. Estruturas, propriedades e aplica\u00e7\u00f5es das cer\u00e2micas. Estruturas, caracter\u00edsticas e aplica\u00e7\u00f5es dos pol\u00edmeros. Comp\u00f3sitos. Comp\u00f3sitos a base ciment\u00edcia. Mat\u00e9ria prima alternativa. Polui\u00e7\u00e3o da \u00e1gua. Polui\u00e7\u00e3o do solo. Polui\u00e7\u00e3o atmosf\u00e9rica. Matrizes energ\u00e9ticas [&hellip;]<\/p>\n","protected":false},"author":629,"featured_media":0,"parent":0,"menu_order":0,"comment_status":"closed","ping_status":"closed","template":"","meta":[],"_links":{"self":[{"href":"https:\/\/cursos.unipampa.edu.br\/cursos\/ppeng\/es\/wp-json\/wp\/v2\/pages\/2249"}],"collection":[{"href":"https:\/\/cursos.unipampa.edu.br\/cursos\/ppeng\/es\/wp-json\/wp\/v2\/pages"}],"about":[{"href":"https:\/\/cursos.unipampa.edu.br\/cursos\/ppeng\/es\/wp-json\/wp\/v2\/types\/page"}],"author":[{"embeddable":true,"href":"https:\/\/cursos.unipampa.edu.br\/cursos\/ppeng\/es\/wp-json\/wp\/v2\/users\/629"}],"replies":[{"embeddable":true,"href":"https:\/\/cursos.unipampa.edu.br\/cursos\/ppeng\/es\/wp-json\/wp\/v2\/comments?post=2249"}],"version-history":[{"count":3,"href":"https:\/\/cursos.unipampa.edu.br\/cursos\/ppeng\/es\/wp-json\/wp\/v2\/pages\/2249\/revisions"}],"predecessor-version":[{"id":3751,"href":"https:\/\/cursos.unipampa.edu.br\/cursos\/ppeng\/es\/wp-json\/wp\/v2\/pages\/2249\/revisions\/3751"}],"wp:attachment":[{"href":"https:\/\/cursos.unipampa.edu.br\/cursos\/ppeng\/es\/wp-json\/wp\/v2\/media?parent=2249"}],"curies":[{"name":"wp","href":"https:\/\/api.w.org\/{rel}","templated":true}]}}