
{"id":2225,"date":"2021-06-03T11:19:16","date_gmt":"2021-06-03T14:19:16","guid":{"rendered":"http:\/\/cursos.unipampa.edu.br\/cursos\/ppeng\/?page_id=2225"},"modified":"2025-05-22T21:34:32","modified_gmt":"2025-05-23T00:34:32","slug":"metodologia-do-trabalho-cientifico","status":"publish","type":"page","link":"https:\/\/cursos.unipampa.edu.br\/cursos\/ppeng\/es\/metodologia-do-trabalho-cientifico\/","title":{"rendered":"Metodologia do trabalho cient\u00edfico"},"content":{"rendered":"<p><\/p>\n<div class=\"row\">\n<div class=\"row\">\n<div class=\"row\">\n<div class=\"row\">\n<div class=\"row\">\n<div class=\"row\">\n<div class=\"row\">\n<div class=\"row\">\n<div class=\"row\">\n<div class=\"row\">\n<div class=\"row\"><label class=\"control-label\" style=\"text-align: justify\"><strong>C\u00f3digo<\/strong>: A<\/label><span id=\"form:sigla\" style=\"text-align: justify\">L<\/span><span style=\"text-align: justify\">5022<\/span><\/div>\n<div><\/div>\n<div class=\"row\">\n<div style=\"text-align: justify\">\n<div class=\"row\">\n<div class=\"col-md-2\"><label class=\"control-label\"><strong>Cr\u00e9ditos<\/strong>: <\/label><span id=\"form:creditos\">2<\/span><\/div>\n<div><\/div>\n<div><strong>Disciplina obrigat\u00f3ria<\/strong>: Sim<\/div>\n<\/div>\n<\/div>\n<\/div>\n<div><\/div>\n<div><strong>Semestre de oferta<\/strong>: 1\u00ba semestre<\/div>\n<div><\/div>\n<div><strong>Docente<\/strong>: Cesar Flaubiano da Cruz Cristaldo<\/div>\n<div><\/div>\n<div style=\"text-align: justify\">\n<hr \/>\n<\/div>\n<div style=\"text-align: justify\"><strong>Ementa<\/strong>: <span id=\"form:ementa\">Diretrizes metodol\u00f3gicas para a leitura, compreens\u00e3o e reda\u00e7\u00e3o de textos cient\u00edficos. Principais caracter\u00edsticas dos diferentes m\u00e9todos de pesquisa. Delineamento da proposta de pesquisa e escolha do m\u00e9todo de pesquisa. Import\u00e2ncia da comunica\u00e7\u00e3o escrita na ci\u00eancia. Se\u00e7\u00f5es de um manuscrito cient\u00edfico. Elabora\u00e7\u00e3o de figuras e tabelas.<\/span><\/div>\n<div><\/div>\n<div class=\"row\">\n<div>\n<hr \/>\n<\/div>\n<div><strong>Bibliografia<\/strong>:<\/div>\n<div><span id=\"form:bibliografia\">1. ANDRADE, M. M. Introdu\u00e7\u00e3o a metodologia do trabalho cient\u00edfico. 10a ed., S\u00e3o Paulo: Brochura, 2010. <\/span><\/div>\n<div><span id=\"form:bibliografia\">2. DAY, R. A. Scientific English: A Guide for Scientists and Other Professionals. F\u00eanix: Oryx Press, 1992. <\/span><\/div>\n<div><span id=\"form:bibliografia\">3. DAY, R. A. How to Write and Publish a Scientific Paper. 3a ed., Cambridge: Cambridge University Press, 1989. <\/span><\/div>\n<div><span id=\"form:bibliografia\">4. LAKATOS, E. M.; MARCONI, M.A. Fundamentos de metodologia cient\u00edfica. 7. ed., S\u00e3o Paulo: Atlas, 2007. <\/span><\/div>\n<div><span id=\"form:bibliografia\">5. SEVERINO, A. J. Metodologia do trabalho cient\u00edfico. 23 ed., S\u00e3o Paulo: Cortez Editora, 2007.<\/span><\/div>\n<\/div>\n<\/div>\n<\/div>\n<\/div>\n<\/div>\n<\/div>\n<\/div>\n<\/div>\n<\/div>\n<\/div>\n<\/div>\n<p><\/p>","protected":false},"excerpt":{"rendered":"<p>C\u00f3digo: AL5022 Cr\u00e9ditos: 2 Disciplina obrigat\u00f3ria: Sim Semestre de oferta: 1\u00ba semestre Docente: Cesar Flaubiano da Cruz Cristaldo Ementa: Diretrizes metodol\u00f3gicas para a leitura, compreens\u00e3o e reda\u00e7\u00e3o de textos cient\u00edficos. Principais caracter\u00edsticas dos diferentes m\u00e9todos de pesquisa. Delineamento da proposta de pesquisa e escolha do m\u00e9todo de pesquisa. Import\u00e2ncia da comunica\u00e7\u00e3o escrita na ci\u00eancia. Se\u00e7\u00f5es [&hellip;]<\/p>\n","protected":false},"author":629,"featured_media":0,"parent":0,"menu_order":0,"comment_status":"closed","ping_status":"closed","template":"","meta":[],"_links":{"self":[{"href":"https:\/\/cursos.unipampa.edu.br\/cursos\/ppeng\/es\/wp-json\/wp\/v2\/pages\/2225"}],"collection":[{"href":"https:\/\/cursos.unipampa.edu.br\/cursos\/ppeng\/es\/wp-json\/wp\/v2\/pages"}],"about":[{"href":"https:\/\/cursos.unipampa.edu.br\/cursos\/ppeng\/es\/wp-json\/wp\/v2\/types\/page"}],"author":[{"embeddable":true,"href":"https:\/\/cursos.unipampa.edu.br\/cursos\/ppeng\/es\/wp-json\/wp\/v2\/users\/629"}],"replies":[{"embeddable":true,"href":"https:\/\/cursos.unipampa.edu.br\/cursos\/ppeng\/es\/wp-json\/wp\/v2\/comments?post=2225"}],"version-history":[{"count":10,"href":"https:\/\/cursos.unipampa.edu.br\/cursos\/ppeng\/es\/wp-json\/wp\/v2\/pages\/2225\/revisions"}],"predecessor-version":[{"id":3744,"href":"https:\/\/cursos.unipampa.edu.br\/cursos\/ppeng\/es\/wp-json\/wp\/v2\/pages\/2225\/revisions\/3744"}],"wp:attachment":[{"href":"https:\/\/cursos.unipampa.edu.br\/cursos\/ppeng\/es\/wp-json\/wp\/v2\/media?parent=2225"}],"curies":[{"name":"wp","href":"https:\/\/api.w.org\/{rel}","templated":true}]}}