
{"id":2199,"date":"2021-06-02T20:58:11","date_gmt":"2021-06-02T23:58:11","guid":{"rendered":"http:\/\/cursos.unipampa.edu.br\/cursos\/ppeng\/?page_id=2199"},"modified":"2025-08-26T15:54:54","modified_gmt":"2025-08-26T18:54:54","slug":"area-de-concentracao-e-linhas-de-pesquisa","status":"publish","type":"page","link":"https:\/\/cursos.unipampa.edu.br\/cursos\/ppeng\/es\/area-de-concentracao-e-linhas-de-pesquisa\/","title":{"rendered":"\u00c1rea de Concentra\u00e7\u00e3o e Linhas de Pesquisa"},"content":{"rendered":"<p><\/p>\n<h4><b>\u00c1rea de concentra\u00e7\u00e3o:<\/b><\/h4>\n<ul>\n<li>\n<ul>\n<li>\n<h5>Tecnologia dos Materiais e Meio Ambiente<\/h5>\n<\/li>\n<\/ul>\n<\/li>\n<\/ul>\n<p>A \u00e1rea de concentra\u00e7\u00e3o Tecnologia dos Materiais e Meio Ambiente \u00e9 uma jun\u00e7\u00e3o de duas \u00e1reas \u201ccl\u00e1ssicas\u201d da \u00e1rea das Engenharias I. Assim, utilizando pr\u00e1ticas de car\u00e1ter inter e multidisciplinar, tem por objetivo a utiliza\u00e7\u00e3o de conhecimentos de ci\u00eancias b\u00e1sicas e de engenharia para implementar a\u00e7\u00f5es que levem ao estudo e ao desenvolvimento tecnol\u00f3gico e sustent\u00e1vel de materiais, bem como sua aplica\u00e7\u00e3o a equipamentos e sistemas estruturais, assim como a sua intera\u00e7\u00e3o com o meio ambiente.<\/p>\n<p>O PPEng divide-se em tr\u00eas linhas de pesquisas, que muitas vezes interagem entre si, tendo projetos que pertencem a duas ou mais destas linhas. As linhas de pesquisa s\u00e3o:<\/p>\n<h4><\/h4>\n<h4><strong>Linhas de pesquisa:<\/strong><\/h4>\n<p>&nbsp;<\/p>\n<ul>\n<li>\n<ul>\n<li>\n<h5><b>Materiais e Estruturas<\/b><\/h5>\n<\/li>\n<\/ul>\n<\/li>\n<\/ul>\n<p>Esta linha de pesquisa visa a aplica\u00e7\u00e3o e o estudo de materiais na engenharia, assim como a an\u00e1lise, o dimensionamento e a verifica\u00e7\u00e3o da estabilidade e da seguran\u00e7a de sistemas e elementos estruturais. Para obter os comportamentos e propriedades desejados, \u00e9 necess\u00e1rio investigar a rela\u00e7\u00e3o entre microestrutura e processamento dos materiais, o processo construtivo de componentes mec\u00e2nicos e estruturais, bem como o efeito de cargas externas, cargas t\u00e9rmicas, ataque de meio ambiente (corros\u00e3o qu\u00edmica e radia\u00e7\u00e3o nuclear), seja de maneira est\u00e1tica ou din\u00e2mica. Esta linha trabalha, tamb\u00e9m, na compreens\u00e3o do comportamento das estruturas, buscando desenvolver t\u00e9cnicas e recomenda\u00e7\u00f5es de projeto e execu\u00e7\u00e3o com foco na inova\u00e7\u00e3o. Envolve, tamb\u00e9m, a an\u00e1lise da intera\u00e7\u00e3o do meio ambiente com os sistemas estruturais buscando entender e analisar as a\u00e7\u00f5es que um exerce sobre o outro e\/ou a forma de otimizar esta intera\u00e7\u00e3o de forma sustent\u00e1vel. Al\u00e9m disso, s\u00e3o desenvolvidas novas t\u00e9cnicas e novos materiais na constru\u00e7\u00e3o e reabilita\u00e7\u00e3o de pavimentos e estradas vicinais e na constru\u00e7\u00e3o de barragens de terra.<\/p>\n<p><em>Docentes envolvidos: <\/em><strong>\u00a0<\/strong><\/p>\n<p><strong><a href=\"http:\/\/lattes.cnpq.br\/6091255468174471\">Prof. Dr.<\/a>\u00a0<a href=\"http:\/\/lattes.cnpq.br\/6091255468174471\">ALISSON SIMONETTI MILANI<\/a>; <a href=\"http:\/\/lattes.cnpq.br\/2106899473153118\">Prof\u00aa.\u00a0 Dr\u00aa.<\/a> <a href=\"http:\/\/lattes.cnpq.br\/2106899473153118\">FERNANDA BIANCHI PEREIRA DA COSTA<\/a><a href=\"http:\/\/lattes.cnpq.br\/1237671923222436\">; Prof. Dr.<\/a> <a href=\"http:\/\/lattes.cnpq.br\/1237671923222436\">EDERLI MARANGON<\/a>; <a href=\"http:\/\/lattes.cnpq.br\/4830192494821672\">Prof. Dr. JAELSON BUDNY<\/a>; <a href=\"http:\/\/lattes.cnpq.br\/9084066665891488\">Prof. Dr. <\/a><\/strong><strong><a href=\"http:\/\/lattes.cnpq.br\/9084066665891488\">LUIS EDUARDO KOSTESKI<\/a>;\u00a0<\/strong><a href=\"http:\/\/lattes.cnpq.br\/4555490834696013\"><strong>Prof. Dr. <\/strong><\/a><strong><a href=\"http:\/\/lattes.cnpq.br\/4555490834696013\">MARCO ANT\u00d4NIO DURLO TIER\u00a0<\/a>;\u00a0<\/strong><strong><a href=\"http:\/\/lattes.cnpq.br\/7294696610153616\">Prof. Dr. <\/a><a href=\"http:\/\/lattes.cnpq.br\/7294696610153616\">TONILSON DE SOUZA ROSENDO<\/a><\/strong><\/p>\n<p>&nbsp;<\/p>\n<ul>\n<li>\n<ul>\n<li>\n<h5><strong> Modelagem e Simula\u00e7\u00e3o<\/strong><\/h5>\n<\/li>\n<\/ul>\n<\/li>\n<\/ul>\n<p>Esta linha de pesquisa \u00e9 encarregada da simula\u00e7\u00e3o e modelagem de problemas, que possam ter aplica\u00e7\u00f5es em engenharia civil, e na preserva\u00e7\u00e3o do meio ambiente, tendo como caracter\u00edstica principal a interdisciplinaridade. A linha de pesquisa tem como base a matem\u00e1tica, f\u00edsica, ci\u00eancia da computa\u00e7\u00e3o e mec\u00e2nica aplicadas na solu\u00e7\u00e3o de problemas. Dessa forma, o tema de interesse da linha de pesquisa \u00e9 o estudo te\u00f3rico e experimental dos fen\u00f4menos atmosf\u00e9ricos, que possam ter implica\u00e7\u00f5es em problemas de engenharia civil e na preserva\u00e7\u00e3o do ambiente, tais como, balan\u00e7o energ\u00e9tico pr\u00f3ximo \u00e0 superf\u00edcie, conforto t\u00e9rmico, qualidade do ar, intera\u00e7\u00e3o flu\u00eddo-estrutura, gera\u00e7\u00e3o de energia. Ademais, estudos de fluidodin\u00e2mica computacional, termodin\u00e2mica computacional, eletromagnetismo computacional e mec\u00e2nica dos s\u00f3lidos computacional, aplicados a problemas de engenharia civil e ambiental, tamb\u00e9m s\u00e3o algumas das especialidades dentro desta linha.<\/p>\n<p><em>Docentes envolvidos:<\/em><strong>\u00a0<\/strong><\/p>\n<p><strong><a href=\"http:\/\/lattes.cnpq.br\/4218549939112866\">Prof. Dr. CESAR FLAUBIANO DA CRUZ CRISTALDO<\/a>;\u00a0<\/strong><a href=\"http:\/\/lattes.cnpq.br\/7171227119525859\"><strong>Prof. Dr. <\/strong><\/a><strong><a href=\"http:\/\/lattes.cnpq.br\/7171227119525859\">F<\/a><a href=\"http:\/\/lattes.cnpq.br\/7171227119525859\">ELIPE DENARDIN COSTA<\/a>;\u00a0<\/strong><a href=\"http:\/\/lattes.cnpq.br\/9084066665891488\"><strong>Prof. Dr. LUIS EDUARDO KOSTESKI<\/strong><\/a><strong>;\u00a0<\/strong><strong><a href=\"http:\/\/lattes.cnpq.br\/8184054005410712\">Prof. Dr. LUIZ EDUARDO MEDEIROS<\/a>; <\/strong><strong>\u00a0<a href=\"http:\/\/lattes.cnpq.br\/5444644395117575\">Prof. Dr.\u00a0RAFAEL MARONEZE<\/a><\/strong><\/p>\n<ul>\n<li>\n<ul>\n<li>\n<h5><b>Novos Materiais e suas Aplica\u00e7\u00f5es Tecnol\u00f3gicas<\/b><\/h5>\n<\/li>\n<\/ul>\n<\/li>\n<\/ul>\n<p>O foco principal desta linha de pesquisa est\u00e1 na produ\u00e7\u00e3o de novos materiais, aplic\u00e1veis \u00e0 engenharia e \u00e0 constru\u00e7\u00e3o civil, que possam ser definidos como sustent\u00e1veis, dando uma aplicabilidade e agregando valor comercial a res\u00edduos industriais\/agr\u00edcolas que, normalmente, s\u00e3o descartados na natureza. Os estudos v\u00e3o desde a fabrica\u00e7\u00e3o de dispositivos, utilizando materiais alternativos, at\u00e9 estudos (experimentais e te\u00f3ricos) de processos de s\u00edntese, caracteriza\u00e7\u00e3o e produ\u00e7\u00e3o de micro e nanomateriais uni, bi e tridimensionais. Como exemplo, pode-se citar a produ\u00e7\u00e3o de grafeno e suas poss\u00edveis aplica\u00e7\u00f5es como biosensores, nanorrevestimentos, nanomembranas, nanomateriais estruturais e nanomateriais funcionais; fabrica\u00e7\u00e3o de materiais cer\u00e2micos, filtros, entre outros. Para a caracteriza\u00e7\u00e3o dos materiais, diversas t\u00e9cnicas s\u00e3o utilizadas com destaque para: Espectroscopia Raman, infravermelho (FTIR), Espectrofotometria Uv-Vis, difra\u00e7\u00e3o de raios X (DRX), Fluoresc\u00eancia de raios X (FRX), microscopia eletr\u00f4nica de varredura (MEV) e microscopia de for\u00e7a at\u00f4mica (AFM).<\/p>\n<p><em>Docentes envolvidos: <\/em><strong>\u00a0<\/strong><\/p>\n<p><strong><a href=\"http:\/\/lattes.cnpq.br\/1681384408424641\">Prof\u00aa. Dr\u00aa CHIARA VALSECCHI<\/a>; <a href=\"http:\/\/lattes.cnpq.br\/2813439231499190\">Prof\u00aa. Dr\u00aa. GABRIELA SILVEIRA DA ROSA<\/a>; <a href=\"http:\/\/lattes.cnpq.br\/1180133581175682\">Prof. Dr. <\/a><\/strong><strong><a href=\"http:\/\/lattes.cnpq.br\/1180133581175682\">FL\u00c1VIO ANDR\u00c9 PAVAN<\/a>;\u00a0<\/strong><strong><a href=\"http:\/\/lattes.cnpq.br\/5788352453565121\">Prof. Dr.<\/a> <a href=\"http:\/\/lattes.cnpq.br\/5788352453565121\">JACSON WEBER DE MENEZES<\/a>;\u00a0<\/strong><strong><a href=\"http:\/\/lattes.cnpq.br\/8794613375951983\">Prof. Dr.<\/a> <a href=\"http:\/\/lattes.cnpq.br\/8794613375951983\">LUIS ENRIQUE GOMEZ ARMAS<\/a>; <\/strong><a href=\"http:\/\/lattes.cnpq.br\/4555490834696013\"><strong>Prof. Dr. <\/strong><\/a><strong><a href=\"http:\/\/lattes.cnpq.br\/4555490834696013\">MARCO ANT\u00d4NIO DURLO TIER<\/a><\/strong><\/p>\n<p>&nbsp;<\/p>\n<p>&nbsp;<\/p>","protected":false},"excerpt":{"rendered":"<p>\u00c1rea de concentra\u00e7\u00e3o: Tecnologia dos Materiais e Meio Ambiente A \u00e1rea de concentra\u00e7\u00e3o Tecnologia dos Materiais e Meio Ambiente \u00e9 uma jun\u00e7\u00e3o de duas \u00e1reas \u201ccl\u00e1ssicas\u201d da \u00e1rea das Engenharias I. Assim, utilizando pr\u00e1ticas de car\u00e1ter inter e multidisciplinar, tem por objetivo a utiliza\u00e7\u00e3o de conhecimentos de ci\u00eancias b\u00e1sicas e de engenharia para implementar a\u00e7\u00f5es [&hellip;]<\/p>\n","protected":false},"author":629,"featured_media":0,"parent":0,"menu_order":0,"comment_status":"closed","ping_status":"closed","template":"","meta":[],"_links":{"self":[{"href":"https:\/\/cursos.unipampa.edu.br\/cursos\/ppeng\/es\/wp-json\/wp\/v2\/pages\/2199"}],"collection":[{"href":"https:\/\/cursos.unipampa.edu.br\/cursos\/ppeng\/es\/wp-json\/wp\/v2\/pages"}],"about":[{"href":"https:\/\/cursos.unipampa.edu.br\/cursos\/ppeng\/es\/wp-json\/wp\/v2\/types\/page"}],"author":[{"embeddable":true,"href":"https:\/\/cursos.unipampa.edu.br\/cursos\/ppeng\/es\/wp-json\/wp\/v2\/users\/629"}],"replies":[{"embeddable":true,"href":"https:\/\/cursos.unipampa.edu.br\/cursos\/ppeng\/es\/wp-json\/wp\/v2\/comments?post=2199"}],"version-history":[{"count":7,"href":"https:\/\/cursos.unipampa.edu.br\/cursos\/ppeng\/es\/wp-json\/wp\/v2\/pages\/2199\/revisions"}],"predecessor-version":[{"id":4127,"href":"https:\/\/cursos.unipampa.edu.br\/cursos\/ppeng\/es\/wp-json\/wp\/v2\/pages\/2199\/revisions\/4127"}],"wp:attachment":[{"href":"https:\/\/cursos.unipampa.edu.br\/cursos\/ppeng\/es\/wp-json\/wp\/v2\/media?parent=2199"}],"curies":[{"name":"wp","href":"https:\/\/api.w.org\/{rel}","templated":true}]}}