
{"id":2111,"date":"2021-06-01T17:17:42","date_gmt":"2021-06-01T20:17:42","guid":{"rendered":"http:\/\/cursos.unipampa.edu.br\/cursos\/ppeng\/?page_id=2111"},"modified":"2025-07-22T16:26:25","modified_gmt":"2025-07-22T19:26:25","slug":"alunos-regulares-encerrados","status":"publish","type":"page","link":"https:\/\/cursos.unipampa.edu.br\/cursos\/ppeng\/es\/alunos-regulares-encerrados\/","title":{"rendered":"Alunos Regulares (Encerrados)"},"content":{"rendered":"<p><\/p>\n<h2 style=\"text-align: center\">2022<\/h2>\n<p style=\"text-align: center\"><a href=\"https:\/\/cursos.unipampa.edu.br\/cursos\/ppeng\/processo-seletivo-2022-1\/\">Processo seletivo para ingresso de discentes regulares \u2013 2022\/1<\/a><\/p>\n<h2 style=\"text-align: center\">2021<\/h2>\n<h4 style=\"text-align: center\">2\u00ba Semestre<\/h4>\n<p style=\"text-align: center\"><a href=\"https:\/\/cursos.unipampa.edu.br\/cursos\/ppeng\/en\/processo-seletivo-2021-2\/\">Processo seletivo para ingresso de discentes regulares \u2013 2021\/2<\/a><\/p>\n<h4 style=\"text-align: center\">1\u00ba Semestre<\/h4>\n<h3 style=\"text-align: center\"><a href=\"https:\/\/cursos.unipampa.edu.br\/cursos\/ppeng\/files\/2020\/12\/edital_de_-selecao_ppeng_2021-1.pdf\">PROCESSO SELETIVO PARA INGRESSO DE DISCENTES NO PROGRAMA DE P\u00d3S-GRADUA\u00c7\u00c3O EM ENGENHARIA MESTRADO ACAD\u00caMICO \u2013 1\u00ba SEMESTRE\/2021<\/a><\/h3>\n<p style=\"text-align: center\"><a href=\"https:\/\/cursos.unipampa.edu.br\/cursos\/ppeng\/files\/2021\/02\/membros-da-comissao-de-selecao-do-edital-no-381.pdf\"><b>MEMBROS DA COMISS\u00c3O DE SELE\u00c7\u00c3O.<\/b><\/a><br \/>\n<a href=\"https:\/\/cursos.unipampa.edu.br\/cursos\/ppeng\/files\/2021\/02\/cronograma-e-criterios-de-defesa-do-pre-projeto.pdf\">Cronograma e crit\u00e9rios de defesa do pr\u00e9-projeto de pesquisa: Edital 381\/2020<\/a><br \/>\n<a href=\"https:\/\/cursos.unipampa.edu.br\/cursos\/ppeng\/files\/2021\/02\/homologacao-final.pdf\"><b>HOMOLOGA\u00c7\u00c3O FINAL DOS CANDIDATOS<\/b><\/a><br \/>\n<a href=\"https:\/\/cursos.unipampa.edu.br\/cursos\/ppeng\/files\/2021\/03\/resultados-preliminares-edital-381_2.pdf\">Resultado Preliminar \u2013 Edital 381\/2020<\/a><br \/>\n<a href=\"https:\/\/cursos.unipampa.edu.br\/cursos\/ppeng\/files\/2021\/02\/inscricoes-homologados-no-edital-no-381.pdf\">INSCRI\u00c7\u00d5ES HOMOLOGADAS NO EDITAL N\u00ba 381<\/a><br \/>\n<a href=\"https:\/\/cursos.unipampa.edu.br\/cursos\/ppeng\/files\/2021\/03\/resultados-finais-edital-381.pdf\">Resultado Final \u2013 Edital 381\/2020<\/a><\/p>\n<h2 style=\"text-align: center\">2020<\/h2>\n<h2 style=\"text-align: center\"><a href=\"https:\/\/guri.unipampa.edu.br\/psa\/processos\/visualizarProcessoSeletivo\/concursosEncerrados\/10583\">PROCESSO SELETIVO PARA INGRESSO NO PROGRAMA DE P\u00d3S-GRADUA\u00c7\u00c3O EM ENGENHARIA \u2013 MESTRADO DA UNIPAMPA 1\u00ba SEMESTRE\/2020<\/a><\/h2>\n<h2 style=\"text-align: center\">PROCESSO SELETIVO PARA INGRESSO NO PROGRAMA DE P\u00d3S-GRADUA\u00c7\u00c3O EM ENGENHARIA \u2013 MESTRADO DA UNIPAMPA 2\u00ba SEMESTRE\/2020 (CANCELADO DEVIDO \u00c0 PANDEMIA!!!)<\/h2>\n<h2 style=\"text-align: center\">2019<\/h2>\n<h2 style=\"text-align: center\"><a href=\"https:\/\/guri.unipampa.edu.br\/psa\/processos\/visualizarProcessoSeletivo\/concursosEncerrados\/8383\">PROCESSO SELETIVO PARA INGRESSO NO PROGRAMA DE P\u00d3S-GRADUA\u00c7\u00c3O EM ENGENHARIA \u2013 MESTRADO DA UNIPAMPA 1\u00ba SEMESTRE\/2019<\/a><\/h2>\n<h2 style=\"text-align: center\"><a href=\"https:\/\/guri.unipampa.edu.br\/psa\/processos\/visualizarProcessoSeletivo\/concursosEncerrados\/9919\">PROCESSO SELETIVO PARA INGRESSO NO PROGRAMA DE P\u00d3S-GRADUA\u00c7\u00c3O EM ENGENHARIA \u2013 MESTRADO DA UNIPAMPA 2\u00ba SEMESTRE\/2019<\/a><\/h2>\n<h2 style=\"text-align: center\">2018<\/h2>\n<h2 style=\"text-align: center\"><a href=\"https:\/\/cursos.unipampa.edu.br\/cursos\/ppeng\/2017\/08\/28\/edital-de-ingresso-ao-ppeng-para-o-1o-semestre-de-2018\/\">PROCESSO SELETIVO PARA INGRESSO NO PROGRAMA DE P\u00d3S-GRADUA\u00c7\u00c3O EM ENGENHARIA \u2013 MESTRADO DA UNIPAMPA 1\u00ba SEMESTRE\/2018<\/a><\/h2>\n<p style=\"text-align: center\"><a href=\"https:\/\/cursos.unipampa.edu.br\/cursos\/ppeng\/2017\/10\/09\/inscricoes-homologadas-do-edital-de-ingresso-ao-ppeng-para-o-2o-semestre-de-2016\/\">Inscri\u00e7\u00f5es homologadas do Edital de Ingresso ao PPEng para o 1\u00ba Semestre de 2018<\/a><\/p>\n<p style=\"text-align: center\"><a href=\"https:\/\/cursos.unipampa.edu.br\/cursos\/ppeng\/2017\/11\/14\/resultado-do-processo-seletivo-para-ingresso-no-ppeng-no-primeiro-semestre-de-2016\/\">Resultado Final do processo seletivo para ingresso no PPEng 1\u00ba Semestre\/2018<\/a><\/p>\n<p style=\"text-align: center\">\n<h3 style=\"text-align: center\"><a href=\"https:\/\/guri.unipampa.edu.br\/psa\/processos\/visualizarProcessoSeletivo\/concursosEncerrados\/7815\">PROCESSO SELETIVO PARA INGRESSO NO PROGRAMA DE P\u00d3S-GRADUA\u00c7\u00c3O EM ENGENHARIA \u2013 MESTRADO DA UNIPAMPA 2\u00ba SEMESTRE\/2018<\/a><\/h3>\n<p><\/p>","protected":false},"excerpt":{"rendered":"<p>2022 Processo seletivo para ingresso de discentes regulares \u2013 2022\/1 2021 2\u00ba Semestre Processo seletivo para ingresso de discentes regulares \u2013 2021\/2 1\u00ba Semestre PROCESSO SELETIVO PARA INGRESSO DE DISCENTES NO PROGRAMA DE P\u00d3S-GRADUA\u00c7\u00c3O EM ENGENHARIA MESTRADO ACAD\u00caMICO \u2013 1\u00ba SEMESTRE\/2021 MEMBROS DA COMISS\u00c3O DE SELE\u00c7\u00c3O. Cronograma e crit\u00e9rios de defesa do pr\u00e9-projeto de pesquisa: [&hellip;]<\/p>\n","protected":false},"author":629,"featured_media":0,"parent":0,"menu_order":0,"comment_status":"closed","ping_status":"closed","template":"","meta":[],"_links":{"self":[{"href":"https:\/\/cursos.unipampa.edu.br\/cursos\/ppeng\/es\/wp-json\/wp\/v2\/pages\/2111"}],"collection":[{"href":"https:\/\/cursos.unipampa.edu.br\/cursos\/ppeng\/es\/wp-json\/wp\/v2\/pages"}],"about":[{"href":"https:\/\/cursos.unipampa.edu.br\/cursos\/ppeng\/es\/wp-json\/wp\/v2\/types\/page"}],"author":[{"embeddable":true,"href":"https:\/\/cursos.unipampa.edu.br\/cursos\/ppeng\/es\/wp-json\/wp\/v2\/users\/629"}],"replies":[{"embeddable":true,"href":"https:\/\/cursos.unipampa.edu.br\/cursos\/ppeng\/es\/wp-json\/wp\/v2\/comments?post=2111"}],"version-history":[{"count":16,"href":"https:\/\/cursos.unipampa.edu.br\/cursos\/ppeng\/es\/wp-json\/wp\/v2\/pages\/2111\/revisions"}],"predecessor-version":[{"id":3953,"href":"https:\/\/cursos.unipampa.edu.br\/cursos\/ppeng\/es\/wp-json\/wp\/v2\/pages\/2111\/revisions\/3953"}],"wp:attachment":[{"href":"https:\/\/cursos.unipampa.edu.br\/cursos\/ppeng\/es\/wp-json\/wp\/v2\/media?parent=2111"}],"curies":[{"name":"wp","href":"https:\/\/api.w.org\/{rel}","templated":true}]}}