
{"id":2101,"date":"2021-06-01T16:06:22","date_gmt":"2021-06-01T19:06:22","guid":{"rendered":"http:\/\/cursos.unipampa.edu.br\/cursos\/ppeng\/?page_id=2101"},"modified":"2025-07-22T17:14:45","modified_gmt":"2025-07-22T20:14:45","slug":"regime-especial-2021","status":"publish","type":"page","link":"https:\/\/cursos.unipampa.edu.br\/cursos\/ppeng\/es\/regime-especial-2021\/","title":{"rendered":"Regime Especial (Encerrados)"},"content":{"rendered":"<p><\/p>\n<h3 style=\"text-align: center\">2022<\/h3>\n<p class=\"entry-title\" style=\"text-align: center\"><a href=\"https:\/\/cursos.unipampa.edu.br\/cursos\/ppeng\/en\/selecao-de-alunos-em-regime-especial-para-o-programa-de-pos-graduacao-em-engenharia-ppeng-1o-semestre-2022\/\">SELE\u00c7\u00c3O DE ALUNOS EM REGIME ESPECIAL PARA O PROGRAMA DE P\u00d3S-GRADUA\u00c7\u00c3O EM ENGENHARIA (PPEng) \u2013 1\u00ba SEMESTRE\/2022<\/a><\/p>\n<h3 style=\"text-align: center\">2021<\/h3>\n<p style=\"text-align: center\">\n<h5 style=\"text-align: center\"><strong><a href=\"https:\/\/cursos.unipampa.edu.br\/cursos\/ppeng\/matricula-de-discentes-em-regime-especial-2021-2\/\">CHAMADA P\u00daBLICA PARA SELE\u00c7\u00c3O DE ALUNOS EM REGIME ESPECIAL PARA O<\/a>\u00a0<\/strong><strong><a href=\"https:\/\/cursos.unipampa.edu.br\/cursos\/ppeng\/matricula-de-discentes-em-regime-especial-2021-2\/\">PROGRAMA DE P\u00d3S-GRADUA\u00c7\u00c3O EM ENGENHARIA (PPEng) &#8211; 2\u00ba SEMESTRE\/2021<\/a><\/strong><\/h5>\n<p style=\"text-align: center\">\n<h3 style=\"text-align: center\"><a href=\"https:\/\/cursos.unipampa.edu.br\/cursos\/ppeng\/files\/2021\/03\/chamada_2021-1.pdf\">CHAMADA P\u00daBLICA PARA SELE\u00c7\u00c3O DE ALUNOS EM REGIME ESPECIAL PARA O<br \/>\nPROGRAMA DE P\u00d3S-GRADUA\u00c7\u00c3O EM ENGENHARIA (PPEng) &#8211; 1\u00ba SEMESTRE\/2021<\/a><\/h3>\n<h6 style=\"text-align: center\"><a href=\"https:\/\/cursos.unipampa.edu.br\/cursos\/ppeng\/files\/2021\/03\/homologacoes_final.pdf\">INSCRI\u00c7\u00d5ES HOMOLOGADAS NA CHAMADA P\u00daBLICA PARA SELE\u00c7\u00c3O DE ALUNOS E<\/a><a href=\"https:\/\/cursos.unipampa.edu.br\/cursos\/ppeng\/files\/2021\/03\/homologacoes_final.pdf\">M REGIME ESPECIAL PARA O PROGRAMA DE P\u00d3S-GRADUA\u00c7\u00c3O EM ENGENHARIA <\/a><a href=\"https:\/\/cursos.unipampa.edu.br\/cursos\/ppeng\/files\/2021\/03\/homologacoes_final.pdf\">(PPEng) &#8211; 1\u00b0 SEMESTRE\/2021<\/a><\/h6>\n<h6 style=\"text-align: center\"><a href=\"https:\/\/cursos.unipampa.edu.br\/cursos\/ppeng\/files\/2021\/03\/homologacoes_2021_1.pdf\">RESULTADO DA CHAMADA P\u00daBLICA DE SELE\u00c7\u00c3O DE ALUNOS EM REGIME ESPECIAL &#8211; 1\u00ba SEMESTRE\/2021<\/a><\/h6>\n<h3 style=\"text-align: center\"><strong>2020<\/strong><\/h3>\n<h3 style=\"text-align: center\"><a href=\"https:\/\/cursos.unipampa.edu.br\/cursos\/ppeng\/files\/2020\/02\/regime-especial-ppeng-2020-1.pdf\">CHAMADA P\u00daBLICA PARA SELE\u00c7\u00c3O DE ALUNOS EM REGIME ESPECIAL PARA O PROGRAMA DE P\u00d3S-GRADUA\u00c7\u00c3O EM ENGENHARIA (PPENG) \u20131\u00ba SEMESTRE\/2020<\/a><\/h3>\n<p style=\"text-align: center\"><a href=\"https:\/\/cursos.unipampa.edu.br\/cursos\/ppeng\/files\/2020\/03\/sei_unipampa-0264611-aviso.pdf\">RESULTADO DAS HOMOLOGA\u00c7\u00d5ES DAS INSCRI\u00c7\u00d5ES &#8211; CHAMADA P\u00daBLICA PARA SELE\u00c7\u00c3O DE ALUNOS EM REGIME ESPECIAL PARA O PROGRAMA DE P\u00d3S-GRADUA\u00c7\u00c3O EM ENGENHARIA (PPENG) 1\u00ba SEMESTRE\/2020\u00a0<\/a><\/p>\n<p style=\"text-align: center\"><a href=\"https:\/\/cursos.unipampa.edu.br\/cursos\/ppeng\/files\/2020\/03\/sei_unipampa-0264840-aviso.pdf\">RELA\u00c7\u00c3O FINAL DOS CANDIDATOS CLASSIFICADOS NA CHAMADA P\u00daBLICA PARA SELE\u00c7\u00c3O DE ALUNOS EM REGIME ESPECIAL PARA O PROGRAMA DE P\u00d3S-GRADUA\u00c7\u00c3O EM ENGENHARIA EM N\u00cdVEL DE MESTRADO \u2013 1\u00ba SEMESTRE\/2020<\/a><\/p>\n<h3 style=\"text-align: center\"><strong>2019<\/strong><\/h3>\n<h3 style=\"text-align: center\"><a href=\"https:\/\/guri.unipampa.edu.br\/psa\/processos\/visualizarProcessoSeletivo\/concursosEncerrados\/9219\">CHAMADA P\u00daBLICA PARA SELE\u00c7\u00c3O DE ALUNOS EM REGIME ESPECIAL PARA O PROGRAMA DE P\u00d3S-GRADUA\u00c7\u00c3O EM ENGENHARIA (PPENG) \u20131\u00ba SEMESTRE\/2019<\/a><\/h3>\n<h3 style=\"text-align: center\"><a href=\"https:\/\/guri.unipampa.edu.br\/psa\/processos\/visualizarProcessoSeletivo\/concursosEncerrados\/10269\">CHAMADA P\u00daBLICA PARA SELE\u00c7\u00c3O DE ALUNOS EM REGIME ESPECIAL PARA O PROGRAMA DE P\u00d3S-GRADUA\u00c7\u00c3O EM ENGENHARIA (PPENG) \u20132\u00ba SEMESTRE\/2019<\/a><\/h3>\n<h3 style=\"text-align: center\"><strong>2018<\/strong><\/h3>\n<h3 style=\"text-align: center\"><a href=\"https:\/\/cursos.unipampa.edu.br\/cursos\/ppeng\/2017\/08\/28\/edital-de-ingresso-ao-ppeng-para-o-1o-semestre-de-2018\/\">CHAMADA P\u00daBLICA PARA SELE\u00c7\u00c3O DE ALUNOS EM REGIME ESPECIAL PARA O PROGRAMA DE P\u00d3S-GRADUA\u00c7\u00c3O EM ENGENHARIA (PPENG) \u20131\u00ba SEMESTRE\/2018<\/a><\/h3>\n<h3 style=\"text-align: center\"><a href=\"https:\/\/guri.unipampa.edu.br\/psa\/processos\/visualizarProcessoSeletivo\/concursosEncerrados\/8183\">CHAMADA P\u00daBLICA PARA SELE\u00c7\u00c3O DE ALUNOS EM REGIME ESPECIAL PARA O PROGRAMA DE P\u00d3S-GRADUA\u00c7\u00c3O EM ENGENHARIA (PPENG) \u20132\u00ba SEMESTRE\/2018<\/a><\/h3>\n<h3 style=\"text-align: center\"><strong>2017<\/strong><\/h3>\n<h3 style=\"text-align: center\"><a href=\"https:\/\/cursos.unipampa.edu.br\/cursos\/ppeng\/2017\/01\/31\/inscricoes-para-alunos-em-regime-especial-201601\/\">CHAMADA P\u00daBLICA PARA SELE\u00c7\u00c3O DE ALUNOS EM REGIME ESPECIAL PARA O PROGRAMA DE P\u00d3S-GRADUA\u00c7\u00c3O EM ENGENHARIA (PPENG) \u20131\u00ba SEMESTRE\/2017<\/a><\/h3>\n<header class=\"entry-header\"><\/header>\n<p style=\"text-align: center\">\n<p><\/p>","protected":false},"excerpt":{"rendered":"<p>2022 SELE\u00c7\u00c3O DE ALUNOS EM REGIME ESPECIAL PARA O PROGRAMA DE P\u00d3S-GRADUA\u00c7\u00c3O EM ENGENHARIA (PPEng) \u2013 1\u00ba SEMESTRE\/2022 2021 CHAMADA P\u00daBLICA PARA SELE\u00c7\u00c3O DE ALUNOS EM REGIME ESPECIAL PARA O\u00a0PROGRAMA DE P\u00d3S-GRADUA\u00c7\u00c3O EM ENGENHARIA (PPEng) &#8211; 2\u00ba SEMESTRE\/2021 CHAMADA P\u00daBLICA PARA SELE\u00c7\u00c3O DE ALUNOS EM REGIME ESPECIAL PARA O PROGRAMA DE P\u00d3S-GRADUA\u00c7\u00c3O EM ENGENHARIA (PPEng) [&hellip;]<\/p>\n","protected":false},"author":629,"featured_media":0,"parent":0,"menu_order":0,"comment_status":"closed","ping_status":"closed","template":"","meta":[],"_links":{"self":[{"href":"https:\/\/cursos.unipampa.edu.br\/cursos\/ppeng\/es\/wp-json\/wp\/v2\/pages\/2101"}],"collection":[{"href":"https:\/\/cursos.unipampa.edu.br\/cursos\/ppeng\/es\/wp-json\/wp\/v2\/pages"}],"about":[{"href":"https:\/\/cursos.unipampa.edu.br\/cursos\/ppeng\/es\/wp-json\/wp\/v2\/types\/page"}],"author":[{"embeddable":true,"href":"https:\/\/cursos.unipampa.edu.br\/cursos\/ppeng\/es\/wp-json\/wp\/v2\/users\/629"}],"replies":[{"embeddable":true,"href":"https:\/\/cursos.unipampa.edu.br\/cursos\/ppeng\/es\/wp-json\/wp\/v2\/comments?post=2101"}],"version-history":[{"count":17,"href":"https:\/\/cursos.unipampa.edu.br\/cursos\/ppeng\/es\/wp-json\/wp\/v2\/pages\/2101\/revisions"}],"predecessor-version":[{"id":3972,"href":"https:\/\/cursos.unipampa.edu.br\/cursos\/ppeng\/es\/wp-json\/wp\/v2\/pages\/2101\/revisions\/3972"}],"wp:attachment":[{"href":"https:\/\/cursos.unipampa.edu.br\/cursos\/ppeng\/es\/wp-json\/wp\/v2\/media?parent=2101"}],"curies":[{"name":"wp","href":"https:\/\/api.w.org\/{rel}","templated":true}]}}