
{"id":2084,"date":"2021-06-01T14:37:33","date_gmt":"2021-06-01T17:37:33","guid":{"rendered":"http:\/\/cursos.unipampa.edu.br\/cursos\/ppeng\/?page_id=2084"},"modified":"2025-08-22T11:33:14","modified_gmt":"2025-08-22T14:33:14","slug":"sobre-o-ppeng","status":"publish","type":"page","link":"https:\/\/cursos.unipampa.edu.br\/cursos\/ppeng\/es\/sobre-o-ppeng\/","title":{"rendered":"Sobre el Programa"},"content":{"rendered":"<p><\/p>\n<p style=\"text-align: justify\">El Programa de Postgrado en Ingenier\u00eda (PPEng) fue creado en octubre de 2010, cuando la propuesta de creaci\u00f3n del Programa fue aprobada por la CAPES, en el \u00e1rea de Ingenier\u00eda III en la modalidad de Maestr\u00eda Acad\u00e9mica. La primera promoci\u00f3n del programa inici\u00f3 sus clases en agosto de 2011 y hasta enero de 2021 el PPEng gradu\u00f3 a 90 maestros. En el a\u00f1o 2020 el programa pas\u00f3 por una importante revisi\u00f3n y en 2021 el PPEng tuvo su solicitud de cambio de \u00e1rea b\u00e1sica aprobada por la CAPES, pasando al \u00e1rea b\u00e1sica de Ingenier\u00eda I.<\/p>\n<p style=\"text-align: justify\">Las investigaciones realizadas en el programa est\u00e1n enfocadas, principalmente, a atender la demanda regional en la soluci\u00f3n de problemas en el \u00e1rea de tecnolog\u00eda de materiales y medio ambiente en el contexto de la Ingenier\u00eda I. El PPEng tiene un \u00e1rea de concentraci\u00f3n, Tecnolog\u00eda de los Materiales y Medio Ambiente, a la que est\u00e1n vinculadas las tres l\u00edneas de investigaci\u00f3n del programa: Materiales y Estructuras; Modelado y Simulaci\u00f3n; Nuevos materiales y sus aplicaciones tecnol\u00f3gicas (m\u00e1s informaci\u00f3n <a href=\"https:\/\/cursos.unipampa.edu.br\/cursos\/ppeng\/area-de-concetracao-e-linhas-de-pesquisa\/\">aqu\u00ed<\/a>).<\/p>\n<p style=\"text-align: justify\">En estas l\u00edneas, a trav\u00e9s de las disciplinas y la investigaci\u00f3n, el estudiante tendr\u00e1 la posibilidad de explorar problemas como: comportamiento de estructuras, buscando desarrollar t\u00e9cnicas y recomendaciones para su dise\u00f1o e implementaci\u00f3n con un enfoque de innovaci\u00f3n, interacci\u00f3n del medio ambiente con sistemas estructurales, producci\u00f3n de grafeno y sus posibles aplicaciones, fabricaci\u00f3n de materiales cer\u00e1micos, confort t\u00e9rmico, islas de calor urbanas, calidad del aire, interacci\u00f3n fluido-estructura, generaci\u00f3n de energ\u00eda a partir de energ\u00edas renovables, din\u00e1mica de fluidos computacional, termodin\u00e1mica computacional, electromagnetismo computacional y mec\u00e1nica de s\u00f3lidos computacional, entre otros.<\/p>\n<p style=\"text-align: justify\">El p\u00fablico objetivo del programa son profesionales y licenciados en las \u00e1reas de Ingenier\u00eda Civil, Ingenier\u00eda Ambiental, Ingenier\u00eda Mec\u00e1nica, Ingenier\u00eda Agr\u00edcola, F\u00edsica, Matem\u00e1ticas, Qu\u00edmica y \u00e1reas afines. La formaci\u00f3n de los recursos humanos en PPEng se centra en la aplicaci\u00f3n del m\u00e9todo cient\u00edfico en la resoluci\u00f3n de problemas y con una amplia comprensi\u00f3n del proceso de investigaci\u00f3n, desarrollo e innovaci\u00f3n. As\u00ed, el egresado de la Maestr\u00eda en Ingenier\u00eda ser\u00e1 capaz de realizar estudios, desarrollar y proponer m\u00e9todos, t\u00e9cnicas y herramientas que permitan implementar soluciones en diversas \u00e1reas de inter\u00e9s para la Ingenier\u00eda, especialmente en la Ingenier\u00eda Civil y la preservaci\u00f3n del medio ambiente.<\/p>\n<p><\/p>","protected":false},"excerpt":{"rendered":"<p>El Programa de Postgrado en Ingenier\u00eda (PPEng) fue creado en octubre de 2010, cuando la propuesta de creaci\u00f3n del Programa fue aprobada por la CAPES, en el \u00e1rea de Ingenier\u00eda III en la modalidad de Maestr\u00eda Acad\u00e9mica. La primera promoci\u00f3n del programa inici\u00f3 sus clases en agosto de 2011 y hasta enero de 2021 el [&hellip;]<\/p>\n","protected":false},"author":629,"featured_media":0,"parent":0,"menu_order":0,"comment_status":"closed","ping_status":"closed","template":"","meta":[],"_links":{"self":[{"href":"https:\/\/cursos.unipampa.edu.br\/cursos\/ppeng\/es\/wp-json\/wp\/v2\/pages\/2084"}],"collection":[{"href":"https:\/\/cursos.unipampa.edu.br\/cursos\/ppeng\/es\/wp-json\/wp\/v2\/pages"}],"about":[{"href":"https:\/\/cursos.unipampa.edu.br\/cursos\/ppeng\/es\/wp-json\/wp\/v2\/types\/page"}],"author":[{"embeddable":true,"href":"https:\/\/cursos.unipampa.edu.br\/cursos\/ppeng\/es\/wp-json\/wp\/v2\/users\/629"}],"replies":[{"embeddable":true,"href":"https:\/\/cursos.unipampa.edu.br\/cursos\/ppeng\/es\/wp-json\/wp\/v2\/comments?post=2084"}],"version-history":[{"count":25,"href":"https:\/\/cursos.unipampa.edu.br\/cursos\/ppeng\/es\/wp-json\/wp\/v2\/pages\/2084\/revisions"}],"predecessor-version":[{"id":4066,"href":"https:\/\/cursos.unipampa.edu.br\/cursos\/ppeng\/es\/wp-json\/wp\/v2\/pages\/2084\/revisions\/4066"}],"wp:attachment":[{"href":"https:\/\/cursos.unipampa.edu.br\/cursos\/ppeng\/es\/wp-json\/wp\/v2\/media?parent=2084"}],"curies":[{"name":"wp","href":"https:\/\/api.w.org\/{rel}","templated":true}]}}