
{"id":2007,"date":"2021-04-03T15:32:28","date_gmt":"2021-04-03T18:32:28","guid":{"rendered":"http:\/\/cursos.unipampa.edu.br\/cursos\/ppeng\/?page_id=2007"},"modified":"2026-02-03T17:19:03","modified_gmt":"2026-02-03T20:19:03","slug":"planejamento-estrategico-e-autoavaliacao","status":"publish","type":"page","link":"https:\/\/cursos.unipampa.edu.br\/cursos\/ppeng\/es\/planejamento-estrategico-e-autoavaliacao\/","title":{"rendered":"Planificaci\u00f3n estrat\u00e9gica y autoevaluaci\u00f3n"},"content":{"rendered":"<p><\/p>\n<h4>Planejamento estrat\u00e9gico e relat\u00f3rios de acompanhamento<\/h4>\n<ul>\n<li><a href=\"https:\/\/cursos.unipampa.edu.br\/cursos\/ppeng\/files\/2021\/06\/planejamento_ppeng_2021-2024-.pdf\">Planejamento estrat\u00e9gico 2021-2024<\/a><\/li>\n<\/ul>\n<h4>Relat\u00f3rios dos processos de autoavalia\u00e7\u00e3o<\/h4>\n<ul>\n<li><a href=\"https:\/\/cursos.unipampa.edu.br\/cursos\/ppeng\/files\/2021\/06\/autoavaliacao_ppeng_vconselho.pdf\">2020<\/a><\/li>\n<\/ul>\n<p><\/p>","protected":false},"excerpt":{"rendered":"<p>Planejamento estrat\u00e9gico e relat\u00f3rios de acompanhamento Planejamento estrat\u00e9gico 2021-2024 Relat\u00f3rios dos processos de autoavalia\u00e7\u00e3o 2020<\/p>\n","protected":false},"author":181,"featured_media":0,"parent":0,"menu_order":0,"comment_status":"closed","ping_status":"closed","template":"","meta":[],"_links":{"self":[{"href":"https:\/\/cursos.unipampa.edu.br\/cursos\/ppeng\/es\/wp-json\/wp\/v2\/pages\/2007"}],"collection":[{"href":"https:\/\/cursos.unipampa.edu.br\/cursos\/ppeng\/es\/wp-json\/wp\/v2\/pages"}],"about":[{"href":"https:\/\/cursos.unipampa.edu.br\/cursos\/ppeng\/es\/wp-json\/wp\/v2\/types\/page"}],"author":[{"embeddable":true,"href":"https:\/\/cursos.unipampa.edu.br\/cursos\/ppeng\/es\/wp-json\/wp\/v2\/users\/181"}],"replies":[{"embeddable":true,"href":"https:\/\/cursos.unipampa.edu.br\/cursos\/ppeng\/es\/wp-json\/wp\/v2\/comments?post=2007"}],"version-history":[{"count":17,"href":"https:\/\/cursos.unipampa.edu.br\/cursos\/ppeng\/es\/wp-json\/wp\/v2\/pages\/2007\/revisions"}],"predecessor-version":[{"id":4262,"href":"https:\/\/cursos.unipampa.edu.br\/cursos\/ppeng\/es\/wp-json\/wp\/v2\/pages\/2007\/revisions\/4262"}],"wp:attachment":[{"href":"https:\/\/cursos.unipampa.edu.br\/cursos\/ppeng\/es\/wp-json\/wp\/v2\/media?parent=2007"}],"curies":[{"name":"wp","href":"https:\/\/api.w.org\/{rel}","templated":true}]}}