
{"id":1851,"date":"2020-10-07T17:18:23","date_gmt":"2020-10-07T20:18:23","guid":{"rendered":"http:\/\/cursos.unipampa.edu.br\/cursos\/ppeng\/?page_id=1851"},"modified":"2022-01-10T21:22:41","modified_gmt":"2022-01-11T00:22:41","slug":"misao-e-visao","status":"publish","type":"page","link":"https:\/\/cursos.unipampa.edu.br\/cursos\/ppeng\/es\/misao-e-visao\/","title":{"rendered":"Misi\u00f3n y Visi\u00f3n"},"content":{"rendered":"<p><\/p>\n<h1 style=\"text-align: justify\"><strong>Misi\u00f3n y Visi\u00f3n<\/strong><\/h1>\n<p style=\"text-align: justify\">Misi\u00f3n: La misi\u00f3n del PPEng es formar recursos humanos de calidad, comprometidos con el aumento de la diversificaci\u00f3n econ\u00f3mica, creando productos de valor agregado y madurez intelectual para el desarrollo sustentable regional, estatal, nacional e internacional.<\/p>\n<p>Visi\u00f3n: Ser un referente en la formaci\u00f3n de recursos humanos calificados y en la producci\u00f3n de conocimiento y tecnolog\u00eda en las regiones del Pampa Ga\u00facho (que comprende las Fronteras Sur y Oeste de Rio Grande do Sul) y sus alrededores, pa\u00edses del Mercosur cercanos a Alegrete (Argentina y Uruguay).<\/p>","protected":false},"excerpt":{"rendered":"<p>Misi\u00f3n y Visi\u00f3n Misi\u00f3n: La misi\u00f3n del PPEng es formar recursos humanos de calidad, comprometidos con el aumento de la diversificaci\u00f3n econ\u00f3mica, creando productos de valor agregado y madurez intelectual para el desarrollo sustentable regional, estatal, nacional e internacional. Visi\u00f3n: Ser un referente en la formaci\u00f3n de recursos humanos calificados y en la producci\u00f3n de [&hellip;]<\/p>\n","protected":false},"author":430,"featured_media":0,"parent":0,"menu_order":0,"comment_status":"closed","ping_status":"closed","template":"","meta":[],"_links":{"self":[{"href":"https:\/\/cursos.unipampa.edu.br\/cursos\/ppeng\/es\/wp-json\/wp\/v2\/pages\/1851"}],"collection":[{"href":"https:\/\/cursos.unipampa.edu.br\/cursos\/ppeng\/es\/wp-json\/wp\/v2\/pages"}],"about":[{"href":"https:\/\/cursos.unipampa.edu.br\/cursos\/ppeng\/es\/wp-json\/wp\/v2\/types\/page"}],"author":[{"embeddable":true,"href":"https:\/\/cursos.unipampa.edu.br\/cursos\/ppeng\/es\/wp-json\/wp\/v2\/users\/430"}],"replies":[{"embeddable":true,"href":"https:\/\/cursos.unipampa.edu.br\/cursos\/ppeng\/es\/wp-json\/wp\/v2\/comments?post=1851"}],"version-history":[{"count":11,"href":"https:\/\/cursos.unipampa.edu.br\/cursos\/ppeng\/es\/wp-json\/wp\/v2\/pages\/1851\/revisions"}],"predecessor-version":[{"id":2668,"href":"https:\/\/cursos.unipampa.edu.br\/cursos\/ppeng\/es\/wp-json\/wp\/v2\/pages\/1851\/revisions\/2668"}],"wp:attachment":[{"href":"https:\/\/cursos.unipampa.edu.br\/cursos\/ppeng\/es\/wp-json\/wp\/v2\/media?parent=1851"}],"curies":[{"name":"wp","href":"https:\/\/api.w.org\/{rel}","templated":true}]}}