
{"id":1608,"date":"2020-02-13T10:38:50","date_gmt":"2020-02-13T13:38:50","guid":{"rendered":"http:\/\/cursos.unipampa.edu.br\/cursos\/ppeng\/?page_id=1608"},"modified":"2022-11-11T15:18:42","modified_gmt":"2022-11-11T18:18:42","slug":"grupos-de-pesquisas","status":"publish","type":"page","link":"https:\/\/cursos.unipampa.edu.br\/cursos\/ppeng\/es\/grupos-de-pesquisas\/","title":{"rendered":"Grupos de investigacion"},"content":{"rendered":"<p>Aqu\u00ed encontrar\u00e1s grupos de investigaci\u00f3n vinculados a PPEng<\/p>\n<p><a href=\"https:\/\/sites.unipampa.edu.br\/lfcta\/\">LFCTA &#8211; Laborat\u00f3rio de Fluidodin\u00e2mica Computacional e Turbul\u00eancia Atmosf\u00e9rica<\/a><\/p>\n<p>GOMNDI &#8211; Grupo de\u00a0\u00d3ptica\u00a0Micro e\u00a0Nanofabrica\u00e7\u00e3o de\u00a0Dispositivos<\/p>\n<p><a href=\"https:\/\/sites.unipampa.edu.br\/maec\/\">MAEC &#8211; Materiais\u00a0Aplicados \u00e0\u00a0Engenharia\u00a0Civil<\/a><\/p>\n<p>MecA &#8211; Mec\u00e2nica Aplicada<\/p>","protected":false},"excerpt":{"rendered":"<p>Aqu\u00ed encontrar\u00e1s grupos de investigaci\u00f3n vinculados a PPEng LFCTA &#8211; Laborat\u00f3rio de Fluidodin\u00e2mica Computacional e Turbul\u00eancia Atmosf\u00e9rica GOMNDI &#8211; Grupo de\u00a0\u00d3ptica\u00a0Micro e\u00a0Nanofabrica\u00e7\u00e3o de\u00a0Dispositivos MAEC &#8211; Materiais\u00a0Aplicados \u00e0\u00a0Engenharia\u00a0Civil MecA &#8211; Mec\u00e2nica Aplicada<\/p>\n","protected":false},"author":430,"featured_media":0,"parent":0,"menu_order":0,"comment_status":"closed","ping_status":"closed","template":"","meta":[],"_links":{"self":[{"href":"https:\/\/cursos.unipampa.edu.br\/cursos\/ppeng\/es\/wp-json\/wp\/v2\/pages\/1608"}],"collection":[{"href":"https:\/\/cursos.unipampa.edu.br\/cursos\/ppeng\/es\/wp-json\/wp\/v2\/pages"}],"about":[{"href":"https:\/\/cursos.unipampa.edu.br\/cursos\/ppeng\/es\/wp-json\/wp\/v2\/types\/page"}],"author":[{"embeddable":true,"href":"https:\/\/cursos.unipampa.edu.br\/cursos\/ppeng\/es\/wp-json\/wp\/v2\/users\/430"}],"replies":[{"embeddable":true,"href":"https:\/\/cursos.unipampa.edu.br\/cursos\/ppeng\/es\/wp-json\/wp\/v2\/comments?post=1608"}],"version-history":[{"count":10,"href":"https:\/\/cursos.unipampa.edu.br\/cursos\/ppeng\/es\/wp-json\/wp\/v2\/pages\/1608\/revisions"}],"predecessor-version":[{"id":2993,"href":"https:\/\/cursos.unipampa.edu.br\/cursos\/ppeng\/es\/wp-json\/wp\/v2\/pages\/1608\/revisions\/2993"}],"wp:attachment":[{"href":"https:\/\/cursos.unipampa.edu.br\/cursos\/ppeng\/es\/wp-json\/wp\/v2\/media?parent=1608"}],"curies":[{"name":"wp","href":"https:\/\/api.w.org\/{rel}","templated":true}]}}