
{"id":1204,"date":"2017-06-10T15:25:58","date_gmt":"2017-06-10T18:25:58","guid":{"rendered":"http:\/\/cursos.unipampa.edu.br\/cursos\/ppeng\/?page_id=1204"},"modified":"2026-02-19T11:50:16","modified_gmt":"2026-02-19T14:50:16","slug":"inicio","status":"publish","type":"page","link":"https:\/\/cursos.unipampa.edu.br\/cursos\/ppeng\/es\/","title":{"rendered":"Inicio"},"content":{"rendered":"<p><\/p>\n<hr \/>\n<h2><a href=\"https:\/\/cursos.unipampa.edu.br\/cursos\/ppeng\/files\/2016\/05\/Assinatura_Visual_PPEng.png\"><img decoding=\"async\" loading=\"lazy\" class=\"wp-image-1071 aligncenter\" src=\"https:\/\/cursos.unipampa.edu.br\/cursos\/ppeng\/files\/2016\/05\/Assinatura_Visual_PPEng-300x83.png\" alt=\"\" width=\"383\" height=\"106\" srcset=\"https:\/\/cursos.unipampa.edu.br\/cursos\/ppeng\/files\/2016\/05\/Assinatura_Visual_PPEng-300x83.png 300w, https:\/\/cursos.unipampa.edu.br\/cursos\/ppeng\/files\/2016\/05\/Assinatura_Visual_PPEng-768x214.png 768w, https:\/\/cursos.unipampa.edu.br\/cursos\/ppeng\/files\/2016\/05\/Assinatura_Visual_PPEng-1024x285.png 1024w\" sizes=\"(max-width: 383px) 100vw, 383px\" \/><\/a><\/h2>\n<hr \/>\n<h2 style=\"text-align: justify\">\u00a1Bienvenido a nuestro sitio web!<\/h2>\n<p style=\"text-align: center\"><strong><a href=\"https:\/\/cursos.unipampa.edu.br\/cursos\/ppeng\/files\/2023\/06\/whatsapp-image-2023-06-12-at-18-32-17.jpeg\"><img decoding=\"async\" loading=\"lazy\" class=\"alignnone size-medium wp-image-3266\" src=\"https:\/\/cursos.unipampa.edu.br\/cursos\/ppeng\/files\/2023\/06\/whatsapp-image-2023-06-12-at-18-32-17-292x300.jpeg\" alt=\"\" width=\"292\" height=\"300\" srcset=\"https:\/\/cursos.unipampa.edu.br\/cursos\/ppeng\/files\/2023\/06\/whatsapp-image-2023-06-12-at-18-32-17-292x300.jpeg 292w, https:\/\/cursos.unipampa.edu.br\/cursos\/ppeng\/files\/2023\/06\/whatsapp-image-2023-06-12-at-18-32-17.jpeg 698w\" sizes=\"(max-width: 292px) 100vw, 292px\" \/><\/a><\/strong><\/p>\n<p style=\"text-align: justify\"><span style=\"font-weight: 400\">El Programa de Posgrado en Ingenier\u00eda (PPEng) fue creado en octubre de 2010, cuando la propuesta de creaci\u00f3n del programa fue aprobada por la CAPES, en el \u00e1rea de Ingenier\u00eda III, como Maestr\u00eda Acad\u00e9mica. La primera cohorte del programa comenz\u00f3 las clases en agosto de 2011 y en enero de 2021 el PPEng hab\u00eda otorgado 90 t\u00edtulos de maestr\u00eda. En 2020, el programa sufri\u00f3 una importante revisi\u00f3n y en 2021 el PPEng tuvo su solicitud de cambio de \u00e1rea b\u00e1sica aprobada por la CAPES, pasando al \u00e1rea b\u00e1sica de<\/span> <a href=\"https:\/\/www.gov.br\/capes\/pt-br\/acesso-a-informacao\/acoes-e-programas\/avaliacao\/sobre-a-avaliacao\/areas-avaliacao\/sobre-as-areas-de-avaliacao\/colegio-de-ciencias-exatas-tecnologicas-e-multidisciplinar\/engenharias\/engenharias-i#:~:text=Engenharias%20I%20%E2%80%94%20Portugu%C3%AAs%20(Brasil)\"><span style=\"font-weight: 400\">Ingenier\u00eda I<\/span><\/a>.<\/p>\n<p style=\"text-align: justify\"><span style=\"font-weight: 400\">En la evaluaci\u00f3n cuatrienal 2017-2020, publicada en el segundo semestre de 2022, el PPEng obtuvo el concepto 4, lo que permiti\u00f3 al programa solicitar el doctorado a la CAPES. Como resultado, el PPEng se uni\u00f3 durante la segunda mitad de 2022 y en enero de 2023 se envi\u00f3 a la CAPES la propuesta para abrir un doctorado. El 7 de junio de 2023, la CAPES anunci\u00f3 que la solicitud de un Doctorado en Ingenier\u00eda en el campus de Alegrete hab\u00eda sido aprobada. Con este resultado, el PPEng se fortalece al ofrecer el primer doctorado en la ciudad de Alegrete y el primer doctorado en Ingenier\u00eda en toda la regi\u00f3n oeste del estado de Rio Grande do Sul.<\/span><\/p>\n<p style=\"text-align: justify\"><span style=\"text-align: justify\"><span style=\"font-weight: 400\">Las investigaciones realizadas en el programa tienen como principal objetivo atender la demanda regional de soluciones a problemas en el \u00e1rea de tecnolog\u00eda de materiales y medio ambiente en el contexto de la Ingenier\u00eda I. El PPEng tiene un \u00e1rea de concentraci\u00f3n, Tecnolog\u00eda de Materiales y Medio Ambiente, a la que se vinculan las tres l\u00edneas de investigaci\u00f3n del programa: Materiales y Estructuras; Modelado y Simulaci\u00f3n; Nuevos materiales y sus aplicaciones tecnol\u00f3gicas (m\u00e1s informaci\u00f3n <\/span><a href=\"https:\/\/cursos.unipampa.edu.br\/cursos\/ppeng\/area-de-concentracao-e-linhas-de-pesquisa\/\"><span style=\"font-weight: 400\">aqu\u00ed<\/span><\/a><\/span><span style=\"text-align: justify\">).<\/span><\/p>\n<p style=\"text-align: justify\"><span style=\"font-weight: 400\">En estas l\u00edneas, a trav\u00e9s de las disciplinas y la investigaci\u00f3n,<\/span> <a href=\"https:\/\/cursos.unipampa.edu.br\/cursos\/ppeng\/sobre-o-ppeng\/\"><span style=\"font-weight: 400\">leer m\u00e1s&#8230;<\/span><\/a><\/p>\n<p style=\"text-align: justify\"><strong>No dude en saber m\u00e1s sobre el PPEng haciendo clic en las opciones del men\u00fa principal.<\/strong><\/p>\n<p><\/p>","protected":false},"excerpt":{"rendered":"<p>\u00a1Bienvenido a nuestro sitio web! El Programa de Posgrado en Ingenier\u00eda (PPEng) fue creado en octubre de 2010, cuando la propuesta de creaci\u00f3n del programa fue aprobada por la CAPES, en el \u00e1rea de Ingenier\u00eda III, como Maestr\u00eda Acad\u00e9mica. La primera cohorte del programa comenz\u00f3 las clases en agosto de 2011 y en enero de [&hellip;]<\/p>\n","protected":false},"author":181,"featured_media":1071,"parent":0,"menu_order":0,"comment_status":"closed","ping_status":"closed","template":"","meta":[],"_links":{"self":[{"href":"https:\/\/cursos.unipampa.edu.br\/cursos\/ppeng\/es\/wp-json\/wp\/v2\/pages\/1204"}],"collection":[{"href":"https:\/\/cursos.unipampa.edu.br\/cursos\/ppeng\/es\/wp-json\/wp\/v2\/pages"}],"about":[{"href":"https:\/\/cursos.unipampa.edu.br\/cursos\/ppeng\/es\/wp-json\/wp\/v2\/types\/page"}],"author":[{"embeddable":true,"href":"https:\/\/cursos.unipampa.edu.br\/cursos\/ppeng\/es\/wp-json\/wp\/v2\/users\/181"}],"replies":[{"embeddable":true,"href":"https:\/\/cursos.unipampa.edu.br\/cursos\/ppeng\/es\/wp-json\/wp\/v2\/comments?post=1204"}],"version-history":[{"count":396,"href":"https:\/\/cursos.unipampa.edu.br\/cursos\/ppeng\/es\/wp-json\/wp\/v2\/pages\/1204\/revisions"}],"predecessor-version":[{"id":4302,"href":"https:\/\/cursos.unipampa.edu.br\/cursos\/ppeng\/es\/wp-json\/wp\/v2\/pages\/1204\/revisions\/4302"}],"wp:featuredmedia":[{"embeddable":true,"href":"https:\/\/cursos.unipampa.edu.br\/cursos\/ppeng\/es\/wp-json\/wp\/v2\/media\/1071"}],"wp:attachment":[{"href":"https:\/\/cursos.unipampa.edu.br\/cursos\/ppeng\/es\/wp-json\/wp\/v2\/media?parent=1204"}],"curies":[{"name":"wp","href":"https:\/\/api.w.org\/{rel}","templated":true}]}}