
{"id":10,"date":"0201-09-09T10:09:10","date_gmt":"0201-09-09T13:09:10","guid":{"rendered":"http:\/\/cursos.unipampa.edu.br\/cursos\/ppeng\/?page_id=10"},"modified":"2025-05-22T20:46:10","modified_gmt":"2025-05-22T23:46:10","slug":"corpo-docente","status":"publish","type":"page","link":"https:\/\/cursos.unipampa.edu.br\/cursos\/ppeng\/es\/corpo-docente\/","title":{"rendered":"Profesores"},"content":{"rendered":"<p><\/p>\n<h3><span style=\"color: #3366ff\"><strong>Profesores Permanentes<\/strong><\/span><\/h3>\n<p style=\"text-align: center\">Prof. Dr. <a href=\"http:\/\/lattes.cnpq.br\/6091255468174471\">ALISSON SIMONETTI MILANI<\/a><\/p>\n<p><a href=\"https:\/\/cursos.unipampa.edu.br\/cursos\/ppeng\/files\/2021\/03\/servletrecuperafoto-1.jpg\"><img decoding=\"async\" loading=\"lazy\" class=\"wp-image-1924 size-thumbnail aligncenter\" src=\"https:\/\/cursos.unipampa.edu.br\/cursos\/ppeng\/files\/2021\/03\/servletrecuperafoto-1-150x150.jpg\" alt=\"\" width=\"150\" height=\"150\" \/><\/a><\/p>\n<p style=\"text-align: justify\"><em><span style=\"color: #800000\">Possui gradua\u00e7\u00e3o em Engenharia Civil (2008), mestrado em Engenharia Civil (2012) e doutorado em Engenharia Civil (2019) pela Universidade Federal de Santa Maria. Atualmente \u00e9 professor titular da Universidade Federal do Pampa. Tem experi\u00eancia na \u00e1rea de Engenharia Civil, com \u00eanfase em Estruturas.<\/span><\/em><\/p>\n<p style=\"text-align: center\">Prof. Dr. <a href=\"http:\/\/lattes.cnpq.br\/4218549939112866\">CESAR FLAUBIANO DA CRUZ CRISTALDO <\/a><\/p>\n<p style=\"text-align: justify\"><a href=\"https:\/\/cursos.unipampa.edu.br\/cursos\/ppeng\/files\/2020\/02\/cesar-flaubiano-da-cruz-cristaldo.jpg\"><img decoding=\"async\" loading=\"lazy\" class=\"alignnone wp-image-1642 size-thumbnail aligncenter\" src=\"https:\/\/cursos.unipampa.edu.br\/cursos\/ppeng\/files\/2020\/02\/cesar-flaubiano-da-cruz-cristaldo-150x150.jpg\" alt=\"\" width=\"150\" height=\"150\" \/><\/a><br \/>\n<em><span style=\"color: #800000\">Atua na \u00e1rea de combust\u00e3o te\u00f3rica com \u00eanfase em: combust\u00e3o de gotas, aquecimento magn\u00e9tico aplicado \u00e0 \u201cferrofluido combust\u00edveis\u201d, combust\u00e3o em microgravidade. Trabalha com modelos anal\u00edticos, assint\u00f3ticos e num\u00e9ricos aplicados \u00e0 combust\u00e3o.<\/span><\/em><\/p>\n<p style=\"text-align: center\">Prof\u00aa. Dr\u00aa. <a href=\"http:\/\/lattes.cnpq.br\/1681384408424641\">CHIARA VALSECCHI<\/a><\/p>\n<p style=\"text-align: justify\"><a href=\"https:\/\/cursos.unipampa.edu.br\/cursos\/ppeng\/files\/2021\/03\/servletrecuperafoto.jpg\"><img decoding=\"async\" loading=\"lazy\" class=\"wp-image-1921 size-thumbnail aligncenter\" src=\"https:\/\/cursos.unipampa.edu.br\/cursos\/ppeng\/files\/2021\/03\/servletrecuperafoto-150x150.jpg\" alt=\"\" width=\"150\" height=\"150\" \/><\/a><br \/>\n<em><span style=\"color: #800000\">Possui gradua\u00e7\u00e3o em Ci\u00eancias e Tecnologias Qu\u00edmicas &#8211; Universit\u00e1 degli Studi &#8211; Mil\u00e3o, It\u00e1lia (2009) com trabalho de conclus\u00e3o de curso em JKU Universit\u00e4t, Linz, \u00c1ustria. O Curso de gradua\u00e7\u00e3o foi reconhecido no Brasil como Bacharel em qu\u00edmica. Possui mestrado em Qu\u00edmica pela University of Victoria, Canad\u00e1 (2013). A disserta\u00e7\u00e3o teve como objetivo o desenvolvimento de um m\u00e9todo de detec\u00e7\u00e3o econ\u00f4mico e r\u00e1pido de Leucemia em amostras de sangue, utilizando as propriedades \u00f3pticas e sensoriais dos plasmons de superf\u00edcie em diferentes materiais. Possui Possui experi\u00eancia em fabrica\u00e7\u00e3o de materiais nanoestruturados e diferentes t\u00e9cnicas de carateriza\u00e7\u00e3o e simula\u00e7\u00e3o FDTD. Possui doutorado em Qu\u00edmica pela Universidade FEderal do Rio Grande do SUl (UFRGS) (2018), na \u00e1rea de Qu\u00edmica Te\u00f3rica. Atualmente \u00e9 Professora da Unipampa, campus S\u00e3o Gabriel. Tem experi\u00eancia no ensino na \u00e1rea de Qu\u00edmica, com \u00eanfase na \u00e1rea de F\u00edsico-Qu\u00edmica e Termodin\u00e2mica, al\u00e9m de Matem\u00e1tica e F\u00edsica.<\/span><\/em><\/p>\n<p style=\"text-align: center\">Prof. Dr. <a href=\"http:\/\/lattes.cnpq.br\/1237671923222436\">EDERLI MARANGON<\/a><a href=\"http:\/\/lattes.cnpq.br\/4218549939112866\">\u00a0<\/a><\/p>\n<p style=\"text-align: justify\"><a href=\"https:\/\/cursos.unipampa.edu.br\/cursos\/ppeng\/files\/2020\/02\/foto-lattes.jpg\"><img decoding=\"async\" loading=\"lazy\" class=\"aligncenter wp-image-1661 size-thumbnail\" src=\"https:\/\/cursos.unipampa.edu.br\/cursos\/ppeng\/files\/2020\/02\/foto-lattes-150x150.jpg\" alt=\"\" width=\"150\" height=\"150\" srcset=\"https:\/\/cursos.unipampa.edu.br\/cursos\/ppeng\/files\/2020\/02\/foto-lattes-150x150.jpg 150w, https:\/\/cursos.unipampa.edu.br\/cursos\/ppeng\/files\/2020\/02\/foto-lattes-300x300.jpg 300w, https:\/\/cursos.unipampa.edu.br\/cursos\/ppeng\/files\/2020\/02\/foto-lattes.jpg 640w\" sizes=\"(max-width: 150px) 100vw, 150px\" \/><\/a><br \/>\n<em><span style=\"color: #800000\">Trabalha na \u00e1rea de Engenharia Civil, com \u00eanfase em Estruturas e Materiais, atuando principalmente nos seguintes temas: c\u00e1lculo e estudo de estruturas em concreto armado, dosagens de concretos, concretos com fibras, comp\u00f3sitos ciment\u00edcios leves, concretos autoadens\u00e1veis, cer\u00e2micas refrat\u00e1rias e comp\u00f3sitos refrat\u00e1rios.<\/span><\/em><\/p>\n<p style=\"text-align: center\">Prof. Dr. <a href=\"http:\/\/lattes.cnpq.br\/7171227119525859\">FELIPE DENARDIN COSTA<\/a><\/p>\n<p style=\"text-align: justify\"><a href=\"https:\/\/cursos.unipampa.edu.br\/cursos\/ppeng\/files\/2020\/02\/felipe-denardin-costa.jpg\"><img decoding=\"async\" loading=\"lazy\" class=\"alignnone wp-image-1645 size-thumbnail aligncenter\" src=\"https:\/\/cursos.unipampa.edu.br\/cursos\/ppeng\/files\/2020\/02\/felipe-denardin-costa-150x150.jpg\" alt=\"\" width=\"150\" height=\"150\" srcset=\"https:\/\/cursos.unipampa.edu.br\/cursos\/ppeng\/files\/2020\/02\/felipe-denardin-costa-150x150.jpg 150w, https:\/\/cursos.unipampa.edu.br\/cursos\/ppeng\/files\/2020\/02\/felipe-denardin-costa-300x300.jpg 300w, https:\/\/cursos.unipampa.edu.br\/cursos\/ppeng\/files\/2020\/02\/felipe-denardin-costa.jpg 660w\" sizes=\"(max-width: 150px) 100vw, 150px\" \/><\/a><br \/>\n<em><span style=\"color: #800000\">Tem experi\u00eancia na \u00e1rea de F\u00edsica, com \u00eanfase em F\u00edsica da Atmosfera, atuando principalmente nos seguintes temas: camada limite est\u00e1vel e modelagem atmosf\u00e9rica e CFD.<\/span><\/em><\/p>\n<p style=\"text-align: center\">Prof\u00aa. Dr\u00aa. <a href=\"http:\/\/lattes.cnpq.br\/2106899473153118\">FERNANDA BIANCHI PEREIRA DA COSTA<\/a><\/p>\n<p style=\"text-align: justify\"><a href=\"https:\/\/cursos.unipampa.edu.br\/cursos\/ppeng\/files\/2021\/03\/servletrecuperafoto-2.jpg\"><img decoding=\"async\" loading=\"lazy\" class=\"wp-image-1930 size-thumbnail aligncenter\" src=\"https:\/\/cursos.unipampa.edu.br\/cursos\/ppeng\/files\/2021\/03\/servletrecuperafoto-2-150x150.jpg\" alt=\"\" width=\"150\" height=\"150\" srcset=\"https:\/\/cursos.unipampa.edu.br\/cursos\/ppeng\/files\/2021\/03\/servletrecuperafoto-2-150x150.jpg 150w, https:\/\/cursos.unipampa.edu.br\/cursos\/ppeng\/files\/2021\/03\/servletrecuperafoto-2-300x300.jpg 300w, https:\/\/cursos.unipampa.edu.br\/cursos\/ppeng\/files\/2021\/03\/servletrecuperafoto-2-1024x1024.jpg 1024w, https:\/\/cursos.unipampa.edu.br\/cursos\/ppeng\/files\/2021\/03\/servletrecuperafoto-2-768x768.jpg 768w, https:\/\/cursos.unipampa.edu.br\/cursos\/ppeng\/files\/2021\/03\/servletrecuperafoto-2.jpg 1336w\" sizes=\"(max-width: 150px) 100vw, 150px\" \/><\/a><br \/>\n<span style=\"color: #000000\"><span style=\"color: #800000\"><em>Possui gradua\u00e7\u00e3o em Engenharia Civil (UNIPAMPA, 2012), mestrado em Engenharia\/Constru\u00e7\u00e3o (PPGEC\/UFRGS, 2015) e doutorado em Engenharia\/Constru\u00e7\u00e3o (PPGEC\/UFRGS, 2019). \u00c9 professora adjunta do curso de Engenharia Civil da Universidade Federal do Pampa (UNIPAMPA). Possui experi\u00eancia na \u00e1rea de Engenharia Civil, com \u00eanfase em materiais\/estruturas, atuando nos seguintes temas de pesquisa: durabilidade, sustentabilidade, concretos especiais e materiais comp\u00f3sitos.<\/em>\u00a0<\/span><\/span><\/p>\n<p style=\"text-align: center\">Prof. Dr. <a href=\"http:\/\/lattes.cnpq.br\/5788352453565121\">JACSON WEBER DE MENEZES<\/a><\/p>\n<p style=\"text-align: justify\"><a href=\"https:\/\/cursos.unipampa.edu.br\/cursos\/ppeng\/files\/2020\/02\/jacson-weber-de-menezes.jpg\"><img decoding=\"async\" loading=\"lazy\" class=\"wp-image-1650 size-thumbnail aligncenter\" src=\"https:\/\/cursos.unipampa.edu.br\/cursos\/ppeng\/files\/2020\/02\/jacson-weber-de-menezes-150x150.jpg\" alt=\"\" width=\"150\" height=\"150\" \/><\/a><br \/>\n<span style=\"color: #993300\"><em><span style=\"color: #800000\">Possui gradua\u00e7\u00e3o em F\u00edsica pela Universidade Federal de Pelotas (2004), Mestrado em F\u00edsica pela Universidade Estadual de Campinas (UNICAMP) (2006), Doutorado em Engenharia El\u00e9trica pela FEEC-UNICAMP (2010). Realizou P\u00f3s Doutorado na University of Victoria, BC, Canad\u00e1 entre 2011 e 2012. Atua na \u00e1rea experimental com \u00eanfase em \u00f3ptica e novos materiais. Possui experi\u00eancia em fabrica\u00e7\u00e3o de estruturas microm\u00e9tricas, sub-microm\u00e9tricas e nanom\u00e9tricas utilizando as t\u00e9cnicas de litografia interferom\u00e9trica e Fotolitografia; novos materiais, cristais Fot\u00f4nicos, Estruturas Plasm\u00f4nicas, biosensores e difra\u00e7\u00e3o. Tamb\u00e9m possui experi\u00eancia na utiliza\u00e7\u00e3o de algumas ferramentas tais como: Microscopia Eletr\u00f4nica de Varredura, espectrofotometria, microscopia \u00f3ptica e deposi\u00e7\u00e3o de filmes por diferentes t\u00e9cnicas. Suas pesquisas recentes incluem a utiliza\u00e7\u00e3o de materiais alternativos na produ\u00e7\u00e3o de vidros e filtros.<\/span><\/em><\/span><\/p>\n<p style=\"text-align: center\">Prof. Dr. <a href=\"http:\/\/lattes.cnpq.br\/4830192494821672\">JAELSON BUDNY<\/a><\/p>\n<p style=\"text-align: justify\"><a href=\"https:\/\/cursos.unipampa.edu.br\/cursos\/ppeng\/files\/2021\/03\/servletrecuperafoto-3.jpg\"><img decoding=\"async\" loading=\"lazy\" class=\"wp-image-1933 size-thumbnail aligncenter\" src=\"https:\/\/cursos.unipampa.edu.br\/cursos\/ppeng\/files\/2021\/03\/servletrecuperafoto-3-150x150.jpg\" alt=\"\" width=\"150\" height=\"150\" srcset=\"https:\/\/cursos.unipampa.edu.br\/cursos\/ppeng\/files\/2021\/03\/servletrecuperafoto-3-150x150.jpg 150w, https:\/\/cursos.unipampa.edu.br\/cursos\/ppeng\/files\/2021\/03\/servletrecuperafoto-3-375x372.jpg 375w\" sizes=\"(max-width: 150px) 100vw, 150px\" \/><\/a><br \/>\n<em><span style=\"color: #800000\">Possui gradua\u00e7\u00e3o em Engenharia Civil pela Universidade Regional do Noroeste do Estado do Rio Grande do Sul (2010), mestrado em Engenharia Civil pela Universidade Federal do Rio de Janeiro (2012) e doutorado em Engenharia Civil pela Universidade Federal do Rio de Janeiro (2018). Atualmente \u00e9 professor da Universidade Federal do Pampa. Tem experi\u00eancia na \u00e1rea de Engenharia Civil, com \u00eanfase em Engenharia Civil, atuando principalmente nos seguintes temas: infra-estrutura de transportes, pavimenta\u00e7\u00e3o,concreto asf\u00e1ltico, misturas asf\u00e1lticas e estabiliza\u00e7\u00e3o de solos.<br \/>\n<\/span><\/em><\/p>\n<p style=\"text-align: center\">Prof. Dr. <a href=\"http:\/\/lattes.cnpq.br\/9084066665891488\">LUIS EDUARDO KOSTESKI<\/a><\/p>\n<p style=\"text-align: justify\"><a href=\"https:\/\/cursos.unipampa.edu.br\/cursos\/ppeng\/files\/2020\/02\/luis-eduardo-kosteski.jpg\"><img decoding=\"async\" loading=\"lazy\" class=\"wp-image-1652 size-thumbnail aligncenter\" src=\"https:\/\/cursos.unipampa.edu.br\/cursos\/ppeng\/files\/2020\/02\/luis-eduardo-kosteski-150x150.jpg\" alt=\"\" width=\"150\" height=\"150\" \/><\/a><br \/>\n<em><span style=\"color: #800000\">Trabalha na \u00e1rea de resist\u00eancia dos materiais; estrutura micro-mec\u00e2nica dos materiais; fratura, efeito de escala e fractalidade em materiais quase fr\u00e1geis; simula\u00e7\u00e3o num\u00e9rica com os m\u00e9todos dos elementos discretos e elementos finitos no estudo de falha e integridade de estruturas. Tamb\u00e9m tem trabalhos na carateriza\u00e7\u00e3o de\u00a0concreto autoadens\u00e1vel \u00a0e concreto convencional.<\/span><\/em><\/p>\n<p style=\"text-align: center\">Prof. Dr. <a href=\"http:\/\/lattes.cnpq.br\/8794613375951983\">LUIS ENRIQUE GOMEZ ARMAS<\/a><\/p>\n<p style=\"text-align: justify\"><a href=\"https:\/\/cursos.unipampa.edu.br\/cursos\/ppeng\/files\/2020\/02\/luis-enrique-gomez-armas.jpg\"><img decoding=\"async\" loading=\"lazy\" class=\"wp-image-1653 aligncenter\" src=\"https:\/\/cursos.unipampa.edu.br\/cursos\/ppeng\/files\/2020\/02\/luis-enrique-gomez-armas.jpg\" alt=\"\" width=\"150\" height=\"156\" \/><\/a><br \/>\n<em><span style=\"color: #800000\">Trabalha em temas relacionados com:\u00a01) S\u00ednteses, Caracteriza\u00e7\u00e3o e Fabrica\u00e7\u00e3o de Micro e Nano Dispositivos\u00a0Baseados em Novos Materiais: Semicondutores, Grafeno, Nitreto de Boro (NB), Dissulfeto de Molibd\u00eanio (MoS2) etc.\u00a02) Espectroscopia Raman e suas aplica\u00e7\u00f5es em Nanotecnologia:\u00a0Micro\/Nano sensores, Biossensores, Nano medicina etc.<\/span><\/em><\/p>\n<p style=\"text-align: center\">Prof. Dr. <a href=\"http:\/\/lattes.cnpq.br\/8184054005410712\">LUIZ EDUARDO MEDEIROS<\/a><\/p>\n<p style=\"text-align: justify\"><a href=\"https:\/\/cursos.unipampa.edu.br\/cursos\/ppeng\/files\/2020\/02\/luiz-eduardo-medeiros.jpg\"><img decoding=\"async\" loading=\"lazy\" class=\"wp-image-1655 aligncenter\" src=\"https:\/\/cursos.unipampa.edu.br\/cursos\/ppeng\/files\/2020\/02\/luiz-eduardo-medeiros.jpg\" alt=\"\" width=\"150\" height=\"156\" \/><\/a><br \/>\n<em><span style=\"color: #800000\">Tem experi\u00eancia na \u00e1rea de Geoci\u00eancias, com \u00eanfase em Meteorologia atuando\u00a0principalmente no tema camada limite planet\u00e1ria est\u00e1vel. Dentro deste tema, os objetivos\u00a0principais da pesquisa s\u00e3o: 1) a investiga\u00e7\u00e3o das influ\u00eancias da topografia e da cobertura\u00a0da superf\u00edcie da terra na distribui\u00e7\u00e3o de turbul\u00eancia, temperatura, e vento pr\u00f3ximos a\u00a0superf\u00edcie, 2) o entendimento do papel da diverg\u00eancia radiativa de onda longa no ar e na\u00a0superf\u00edcie sobre o resfriamento total da camada limite est\u00e1vel e forma\u00e7\u00e3o de escamentos\u00a0de drenagem. O objetivo seguinte da pesquisa \u00e9 a inclus\u00e3o das influ\u00eancias das\u00a0caracter\u00edsticas da superf\u00edcie nas parametriza\u00e7\u00f5es de fluxo turbulento de momentum e\u00a0escalares em modelos num\u00e9ricos de previs\u00e3o do tempo.\u00a0Paralelamente tamb\u00e9m tem interesse no efeito do processo de mistura causado\u00a0pela turbul\u00eancia presente na camada limite est\u00e1vel e camada limite convectiva na\u00a0intera\u00e7\u00e3o da circula\u00e7\u00e3o de brisa com o vento al\u00edsio na regi\u00e3o da costa norte do Brasil. O\u00a0entendimento de tal processo ajudar\u00e1 a prever a forma\u00e7\u00e3o de jatos noturnos de baixos\u00a0n\u00edveis acima da camada limite est\u00e1vel na regi\u00e3o bem como a penetra\u00e7\u00e3o da brisa\u00a0mar\u00edtima sobre o continente durante condi\u00e7\u00f5es convectivas. Para isso tem usado\u00a0simula\u00e7\u00f5es num\u00e9ricas do modelo Weather Research and Forecasting (WRF) juntamente\u00a0com observa\u00e7\u00f5es de superf\u00edcie e radiosondagens.<\/span><\/em><\/p>\n<p style=\"text-align: center\">Prof.Dr. <a href=\"http:\/\/lattes.cnpq.br\/4555490834696013\">MARCO ANT\u00d4NIO DURLO TIER<\/a><\/p>\n<p style=\"text-align: justify\"><a href=\"https:\/\/cursos.unipampa.edu.br\/cursos\/ppeng\/files\/2020\/02\/marco-antonio-durlo-tier.jpg\"><img decoding=\"async\" loading=\"lazy\" class=\"wp-image-1657 size-thumbnail aligncenter\" src=\"https:\/\/cursos.unipampa.edu.br\/cursos\/ppeng\/files\/2020\/02\/marco-antonio-durlo-tier-150x150.jpg\" alt=\"\" width=\"150\" height=\"150\" \/><\/a><br \/>\n<em><span style=\"color: #800000\">Tem experi\u00eancia na \u00e1rea de materiais com \u00eanfase em tratamentos t\u00e9rmicos e processos de fabrica\u00e7\u00e3o atuando, principalmente, nos seguintes temas: solda pontual por fric\u00e7\u00e3o (FSSW), tratamentos criog\u00eanicos de ferramentas, e desenvolvimento de materiais cer\u00e2micos refrat\u00e1rios com uso de s\u00edlica de casca de arroz.<\/span><\/em><\/p>\n<p style=\"text-align: center\">Prof. Dr. <a href=\"http:\/\/lattes.cnpq.br\/5444644395117575\">RAFAEL MARONEZE<\/a><\/p>\n<p style=\"text-align: justify\"><a href=\"https:\/\/cursos.unipampa.edu.br\/cursos\/ppeng\/files\/2021\/03\/servletrecuperafoto-4.jpg\"><img decoding=\"async\" loading=\"lazy\" class=\"wp-image-1937 size-thumbnail aligncenter\" src=\"https:\/\/cursos.unipampa.edu.br\/cursos\/ppeng\/files\/2021\/03\/servletrecuperafoto-4-150x150.jpg\" alt=\"\" width=\"150\" height=\"150\" srcset=\"https:\/\/cursos.unipampa.edu.br\/cursos\/ppeng\/files\/2021\/03\/servletrecuperafoto-4-150x150.jpg 150w, https:\/\/cursos.unipampa.edu.br\/cursos\/ppeng\/files\/2021\/03\/servletrecuperafoto-4-300x300.jpg 300w, https:\/\/cursos.unipampa.edu.br\/cursos\/ppeng\/files\/2021\/03\/servletrecuperafoto-4.jpg 498w\" sizes=\"(max-width: 150px) 100vw, 150px\" \/><\/a><br \/>\n<span style=\"color: #993300\"><em><span style=\"color: #800000\">Possui gradua\u00e7\u00e3o em F\u00edsica Bacharelado pela Universidade Federal de Santa Maria (2014), mestrado (2016) e doutorado (2019) em F\u00edsica pela Universidade Federal de Santa Maria. Tem experi\u00eancia na \u00e1rea de F\u00edsica, com \u00eanfase em F\u00edsica da Atmosfera, atuando principalmente nos seguintes temas: camada limite est\u00e1vel e modelagem atmosf\u00e9rica.<\/span><\/em><\/span><\/p>\n<h3>profesores Colaboradores<\/h3>\n<p style=\"text-align: center\">Prof. Dr. <a href=\"http:\/\/lattes.cnpq.br\/1180133581175682\">FL\u00c1VIO ANDR\u00c9 PAVAN<\/a><\/p>\n<p style=\"text-align: justify\"><a href=\"https:\/\/cursos.unipampa.edu.br\/cursos\/ppeng\/files\/2020\/02\/flavio-andre-pavan-scaled.jpg\"><img decoding=\"async\" loading=\"lazy\" class=\"alignnone wp-image-1646 size-thumbnail aligncenter\" src=\"https:\/\/cursos.unipampa.edu.br\/cursos\/ppeng\/files\/2020\/02\/flavio-andre-pavan-150x150.jpg\" alt=\"\" width=\"150\" height=\"150\" \/><\/a><br \/>\n<span style=\"color: #000000\"><em><span style=\"color: #800000;text-decoration: underline\">Linha 1<\/span><\/em><span style=\"color: #800000\"><em>&#8211; Adsor\u00e7\u00e3o e Bioadsor\u00e7\u00e3o: Prepara\u00e7\u00e3o e caracteriza\u00e7\u00e3o de novos materiais com propriedades sortivas para remo\u00e7\u00e3o de subst\u00e2ncias potencialmente t\u00f3xicas de efluentes l\u00edquidos. <span style=\"text-decoration: underline\">Linha 2<\/span> \u2013 Silicatos funcionalizados e celulose: Prepara\u00e7\u00e3o e caracteriza\u00e7\u00e3o de materiais a base de s\u00edlica e celul\u00f3sicos e suas potencialidades de aplica\u00e7\u00e3o em processos eletroqu\u00edmicos e catal\u00edticos.<\/em>\u00a0<\/span><\/span><\/p>\n<p style=\"text-align: center\">Prof\u00aa. Dr\u00aa. <a href=\"http:\/\/lattes.cnpq.br\/2813439231499190\" target=\"_blank\" rel=\"noopener noreferrer\">GABRIELA SILVEIRA DA ROSA<\/a><\/p>\n<p style=\"text-align: justify\"><a href=\"https:\/\/cursos.unipampa.edu.br\/cursos\/ppeng\/files\/2020\/02\/gabriela-silveira-da-rosa.jpg\"><img decoding=\"async\" loading=\"lazy\" class=\"alignnone wp-image-1648 size-thumbnail aligncenter\" src=\"https:\/\/cursos.unipampa.edu.br\/cursos\/ppeng\/files\/2020\/02\/gabriela-silveira-da-rosa-150x150.jpg\" alt=\"\" width=\"150\" height=\"150\" \/><\/a><br \/>\n<span style=\"color: #993300\"><em><span style=\"color: #800000\">Tem experi\u00eancia na \u00e1rea de Engenharia Qu\u00edmica e Engenharia de Alimentos, com \u00eanfase em Opera\u00e7\u00f5es Industriais e Equipamentos para Engenharia. Atua principalmente nas \u00e1reas de secagem, recobrimento de part\u00edculas e tratamento de efluentes industriais.<\/span><\/em><\/span><\/p>\n<p style=\"text-align: center\">Prof.Dr.\u00a0<a href=\"http:\/\/lattes.cnpq.br\/7294696610153616\">TONILSON DE SOUZA ROSENDO<\/a><\/p>\n<p style=\"text-align: justify\"><a href=\"https:\/\/cursos.unipampa.edu.br\/cursos\/ppeng\/files\/2020\/02\/tonilson-de-souza-rosendo.jpg\"><img decoding=\"async\" loading=\"lazy\" class=\"wp-image-1658 size-thumbnail aligncenter\" src=\"https:\/\/cursos.unipampa.edu.br\/cursos\/ppeng\/files\/2020\/02\/tonilson-de-souza-rosendo-150x150.jpg\" alt=\"\" width=\"150\" height=\"150\" srcset=\"https:\/\/cursos.unipampa.edu.br\/cursos\/ppeng\/files\/2020\/02\/tonilson-de-souza-rosendo-150x150.jpg 150w, https:\/\/cursos.unipampa.edu.br\/cursos\/ppeng\/files\/2020\/02\/tonilson-de-souza-rosendo-300x300.jpg 300w, https:\/\/cursos.unipampa.edu.br\/cursos\/ppeng\/files\/2020\/02\/tonilson-de-souza-rosendo.jpg 503w\" sizes=\"(max-width: 150px) 100vw, 150px\" \/><\/a><br \/>\n<em><span style=\"color: #800000\">Atualmente tem sua pesquisa focada em soldagem de ligas leves no estado s\u00f3lido,\u00a0 por meio dos processos FSpW e FSSW. As pesquisas s\u00e3o realizadas de forma experimental por meio da caracteriza\u00e7\u00e3o das propriedades dos materiais p\u00f3s soldagem e do comportamento mec\u00e2nico das juntas soldadas. Tamb\u00e9m tem experi\u00eancia em instrumenta\u00e7\u00e3o por resist\u00eancia el\u00e9trica com aplica\u00e7\u00f5es na medi\u00e7\u00e3o e caracteriza\u00e7\u00e3o de estados de tens\u00e3o e tens\u00f5es residuais pelos m\u00e9todos do Furo e de Sachs.<\/span><\/em><\/p>\n<h3>Ex-Profesores<\/h3>\n<p style=\"text-align: center\">Prof. Dr. <a href=\"http:\/\/lattes.cnpq.br\/0168456777470325\">ANDR\u00c9 RICARDO FELKL DE ALMEIDA<\/a><\/p>\n<p style=\"text-align: justify\"><a href=\"https:\/\/cursos.unipampa.edu.br\/cursos\/ppeng\/files\/2020\/02\/andre-ricardo-felkl-de-almeida.jpg\"><img decoding=\"async\" loading=\"lazy\" class=\"alignnone wp-image-1641 size-thumbnail aligncenter\" src=\"https:\/\/cursos.unipampa.edu.br\/cursos\/ppeng\/files\/2020\/02\/andre-ricardo-felkl-de-almeida-150x150.jpg\" alt=\"\" width=\"150\" height=\"150\" \/><\/a><br \/>\n<em><span style=\"color: #800000\">Tem experi\u00eancia nas \u00e1reas de Engenharia de Alimentos e Engenharia Qu\u00edmica, com \u00eanfase em fen\u00f4menos de transporte e opera\u00e7\u00f5es unit\u00e1rias em sistemas particulados.<\/span><\/em><\/p>\n<p style=\"text-align: center\">Prof. Dr. <a href=\"http:\/\/lattes.cnpq.br\/9477024092198309\">JOS\u00c9 RAFAEL BORDIN<\/a><\/p>\n<p style=\"text-align: justify\"><a href=\"https:\/\/cursos.unipampa.edu.br\/cursos\/ppeng\/files\/2020\/02\/jose-rafael-bordin.jpg\"><img decoding=\"async\" loading=\"lazy\" class=\"wp-image-1651 size-thumbnail aligncenter\" src=\"https:\/\/cursos.unipampa.edu.br\/cursos\/ppeng\/files\/2020\/02\/jose-rafael-bordin-150x150.jpg\" alt=\"\" width=\"150\" height=\"150\" \/><\/a><br \/>\n<em><span style=\"color: #800000\">Possui experi\u00eancia na \u00e1rea de F\u00edsica Computacional, com \u00eanfase em de din\u00e2mica molecular de fluidos complexos.Atua principalmente nos temas nanoflu\u00eddica, interfaces, sistemas carregados e desenvolvimento e aplica\u00e7\u00e3o de nanomateriais e nanoestruturas a partir de Legos moleculares (nanopart\u00edculas, col\u00f3ides, surfactantes e pol\u00edmeros).<\/span><\/em><\/p>\n<p><\/p>","protected":false},"excerpt":{"rendered":"<p>Profesores Permanentes Prof. Dr. ALISSON SIMONETTI MILANI Possui gradua\u00e7\u00e3o em Engenharia Civil (2008), mestrado em Engenharia Civil (2012) e doutorado em Engenharia Civil (2019) pela Universidade Federal de Santa Maria. Atualmente \u00e9 professor titular da Universidade Federal do Pampa. Tem experi\u00eancia na \u00e1rea de Engenharia Civil, com \u00eanfase em Estruturas. Prof. Dr. CESAR FLAUBIANO DA [&hellip;]<\/p>\n","protected":false},"author":181,"featured_media":0,"parent":0,"menu_order":2,"comment_status":"open","ping_status":"open","template":"","meta":[],"_links":{"self":[{"href":"https:\/\/cursos.unipampa.edu.br\/cursos\/ppeng\/es\/wp-json\/wp\/v2\/pages\/10"}],"collection":[{"href":"https:\/\/cursos.unipampa.edu.br\/cursos\/ppeng\/es\/wp-json\/wp\/v2\/pages"}],"about":[{"href":"https:\/\/cursos.unipampa.edu.br\/cursos\/ppeng\/es\/wp-json\/wp\/v2\/types\/page"}],"author":[{"embeddable":true,"href":"https:\/\/cursos.unipampa.edu.br\/cursos\/ppeng\/es\/wp-json\/wp\/v2\/users\/181"}],"replies":[{"embeddable":true,"href":"https:\/\/cursos.unipampa.edu.br\/cursos\/ppeng\/es\/wp-json\/wp\/v2\/comments?post=10"}],"version-history":[{"count":235,"href":"https:\/\/cursos.unipampa.edu.br\/cursos\/ppeng\/es\/wp-json\/wp\/v2\/pages\/10\/revisions"}],"predecessor-version":[{"id":3726,"href":"https:\/\/cursos.unipampa.edu.br\/cursos\/ppeng\/es\/wp-json\/wp\/v2\/pages\/10\/revisions\/3726"}],"wp:attachment":[{"href":"https:\/\/cursos.unipampa.edu.br\/cursos\/ppeng\/es\/wp-json\/wp\/v2\/media?parent=10"}],"curies":[{"name":"wp","href":"https:\/\/api.w.org\/{rel}","templated":true}]}}