
{"id":2959,"date":"2022-11-01T18:06:25","date_gmt":"2022-11-01T21:06:25","guid":{"rendered":"https:\/\/cursos.unipampa.edu.br\/cursos\/ppeng\/?page_id=2959"},"modified":"2026-02-04T22:13:37","modified_gmt":"2026-02-05T01:13:37","slug":"english-iv-seminario-do-pampa","status":"publish","type":"page","link":"https:\/\/cursos.unipampa.edu.br\/cursos\/ppeng\/en\/english-iv-seminario-do-pampa\/","title":{"rendered":"IV Semin\u00e1rio de Engenharia do Pampa"},"content":{"rendered":"<p><a href=\"https:\/\/cursos.unipampa.edu.br\/cursos\/ppeng\/programacao\/\">Programa\u00e7\u00e3o completa, clique aqui!<\/a><\/p>\n<p>Link do &#8220;Ao Vivo&#8221; clique <a href=\"https:\/\/www.youtube.com\/@ivseminariodeengenhariadopampa\/featured\">aqui!<\/a><a href=\"https:\/\/cursos.unipampa.edu.br\/cursos\/ppeng\/files\/2022\/11\/captura-de-tela-2022-11-05-as-09-32-38.png\"><img decoding=\"async\" loading=\"lazy\" class=\"wp-image-2985 aligncenter\" src=\"https:\/\/cursos.unipampa.edu.br\/cursos\/ppeng\/files\/2022\/11\/captura-de-tela-2022-11-05-as-09-32-38-300x119.png\" alt=\"\" width=\"459\" height=\"182\" srcset=\"https:\/\/cursos.unipampa.edu.br\/cursos\/ppeng\/files\/2022\/11\/captura-de-tela-2022-11-05-as-09-32-38-300x119.png 300w, https:\/\/cursos.unipampa.edu.br\/cursos\/ppeng\/files\/2022\/11\/captura-de-tela-2022-11-05-as-09-32-38-1024x405.png 1024w, https:\/\/cursos.unipampa.edu.br\/cursos\/ppeng\/files\/2022\/11\/captura-de-tela-2022-11-05-as-09-32-38-768x304.png 768w, https:\/\/cursos.unipampa.edu.br\/cursos\/ppeng\/files\/2022\/11\/captura-de-tela-2022-11-05-as-09-32-38.png 1366w\" sizes=\"(max-width: 459px) 100vw, 459px\" \/><\/a><\/p>\n<p style=\"text-align: justify\">Convidamos toda a comunidade acad\u00eamica na participa\u00e7\u00e3o do IV Semin\u00e1rio de Engenharia do Pampa, um evento para celebrar a nota 4 da CAPES, compartilhar a sua pesquisa e aprender com semin\u00e1rios e palestras!<\/p>\n<p style=\"text-align: justify\">O evento acontecer\u00e1 nos dias 23, 24 e 25 de novembro de 2022, em formato virtual. O evento ser\u00e1 transmitido pelo YouTube no canal oficial do programa.<\/p>\n<p>Programa\u00e7\u00e3o do Evento poder\u00e1 ser encontrada aqui ( em breve).<\/p>\n<p style=\"text-align: justify\">E este ano tem uma novidade! Um concurso de v\u00eddeos de pesquisa, confira abaixo!<\/p>\n<p><strong>MINHA PESQUISA EM 3 MINUTOS:<\/strong><\/p>\n<p style=\"text-align: justify\">Como parte do evento de celebra\u00e7\u00e3o da NOTA 4 da CAPES, \u00a0convidamos os estudantes de p\u00f3s-gradua\u00e7\u00e3o e de gradua\u00e7\u00e3o interessados a participarem da competi\u00e7\u00e3o <b>Minha pesquisa em 3 minutos<\/b>. Esta atividade foi inspirada na competi\u00e7\u00e3o desenvolvida pela <a href=\"https:\/\/threeminutethesis.uq.edu.au\/virtual-competition\">Universidade de Queensland<\/a>. Para participar, o estudante dever\u00e1 enviar um v\u00eddeo de apresenta\u00e7\u00e3o, de no m\u00e1ximo 3 minutos, no qual ele(a) apresente, de forma simples e did\u00e1tica (para que o p\u00fablica em geral entenda!), o seu trabalho de pesquisa. Ser\u00e3o aceitas inscri\u00e7\u00f5es at\u00e9 o dia <strong>16 de novembro de 2022<\/strong>. Os v\u00eddeos ser\u00e3o avaliados por uma comiss\u00e3o julgadora, compostas por professores do PPEng e alunos de ensino m\u00e9dio. \u00a0As tr\u00eas melhores avalia\u00e7\u00f5es ser\u00e3o agraciadas com premia\u00e7\u00e3o!!!<\/p>\n<p style=\"text-align: justify\">INFORMA\u00c7\u00d5ES<\/p>\n<p style=\"text-align: justify\">Ser\u00e3o aceitos v\u00eddeos nas \u00e1reas de atua\u00e7\u00e3o do PPEng: <strong>Materiais e Estruturas, Novos Materiais e suas Aplica\u00e7\u00f5es Tecnol\u00f3gicas, Modelagem e Simula\u00e7\u00f5es<\/strong> (dentro da \u00e1rea de <em>Eng. I)<\/em>.<\/p>\n<p>Edital do concurso pode ser encontrado aqui: <a href=\"https:\/\/cursos.unipampa.edu.br\/cursos\/ppeng\/files\/2022\/11\/edital-consurso-ppeng.pdf\">edital.pdf<\/a><\/p>\n<p>Formul\u00e1rio de inscri\u00e7\u00e3o: <a href=\"https:\/\/docs.google.com\/forms\/d\/e\/1FAIpQLSdmYPJ6Z6h7eu4qMLZndwX6ls8aBOcjdFw-gbE4i1SxYfy5sA\/viewform?usp=share_link\">aqui<\/a><\/p>\n<p>Slide \u00a0de T\u00edtulo: \u00a0<a href=\"https:\/\/docs.google.com\/presentation\/d\/1NBJ3D4tfymBtzpvOMlyVdkYuBv7SvVcQ\/edit?usp=share_link&amp;ouid=111126522936316571668&amp;rtpof=true&amp;sd=true\">modelo<\/a><\/p>\n<p>Tutorial de como fazer upload de v\u00eddeo no YouTube baseado em outro evento da Unipampa: <a href=\"https:\/\/www.youtube.com\/watch?v=MRbdn1jXLoc\">aqui<\/a><\/p>","protected":false},"excerpt":{"rendered":"<p>Programa\u00e7\u00e3o completa, clique aqui! Link do &#8220;Ao Vivo&#8221; clique aqui! Convidamos toda a comunidade acad\u00eamica na participa\u00e7\u00e3o do IV Semin\u00e1rio de Engenharia do Pampa, um evento para celebrar a nota 4 da CAPES, compartilhar a sua pesquisa e aprender com semin\u00e1rios e palestras! O evento acontecer\u00e1 nos dias 23, 24 e 25 de novembro de [&hellip;]<\/p>\n","protected":false},"author":627,"featured_media":0,"parent":0,"menu_order":0,"comment_status":"closed","ping_status":"closed","template":"","meta":[],"_links":{"self":[{"href":"https:\/\/cursos.unipampa.edu.br\/cursos\/ppeng\/en\/wp-json\/wp\/v2\/pages\/2959"}],"collection":[{"href":"https:\/\/cursos.unipampa.edu.br\/cursos\/ppeng\/en\/wp-json\/wp\/v2\/pages"}],"about":[{"href":"https:\/\/cursos.unipampa.edu.br\/cursos\/ppeng\/en\/wp-json\/wp\/v2\/types\/page"}],"author":[{"embeddable":true,"href":"https:\/\/cursos.unipampa.edu.br\/cursos\/ppeng\/en\/wp-json\/wp\/v2\/users\/627"}],"replies":[{"embeddable":true,"href":"https:\/\/cursos.unipampa.edu.br\/cursos\/ppeng\/en\/wp-json\/wp\/v2\/comments?post=2959"}],"version-history":[{"count":20,"href":"https:\/\/cursos.unipampa.edu.br\/cursos\/ppeng\/en\/wp-json\/wp\/v2\/pages\/2959\/revisions"}],"predecessor-version":[{"id":4266,"href":"https:\/\/cursos.unipampa.edu.br\/cursos\/ppeng\/en\/wp-json\/wp\/v2\/pages\/2959\/revisions\/4266"}],"wp:attachment":[{"href":"https:\/\/cursos.unipampa.edu.br\/cursos\/ppeng\/en\/wp-json\/wp\/v2\/media?parent=2959"}],"curies":[{"name":"wp","href":"https:\/\/api.w.org\/{rel}","templated":true}]}}