
{"id":2949,"date":"2022-10-31T12:14:18","date_gmt":"2022-10-31T15:14:18","guid":{"rendered":"https:\/\/cursos.unipampa.edu.br\/cursos\/ppeng\/?page_id=2949"},"modified":"2025-08-26T15:30:38","modified_gmt":"2025-08-26T18:30:38","slug":"parcerias","status":"publish","type":"page","link":"https:\/\/cursos.unipampa.edu.br\/cursos\/ppeng\/en\/parcerias\/","title":{"rendered":"External Partnership"},"content":{"rendered":"<p><\/p>\n<p style=\"text-align: justify\"><strong>Cooperativa Agroindustrial Alegrete Ltda (CAAL)<\/strong><\/p>\n<p style=\"text-align: justify\">CAAL is a cooperative based in Alegrete, specializing in grain processing, storage, animal nutrition, agricultural inputs, technical assistance, agribusiness retail, photovoltaic and thermoelectric energy generation. It was founded in 1977 and has approximately 400 employees. It has an annual turnover of around R$ 500 million (2017).<\/p>\n<p>&nbsp;<\/p>\n<p style=\"text-align: justify\"><strong>Pilecco Nobre Alimentos Ltda \/ Pilecco Nobre Foods<\/strong><\/p>\n<p style=\"text-align: justify\">Pilecco Nobre Alimentos, based in Alegrete-RS, has been in the food market for 46 years, always employing the most modern in the rice industry. Its industrial park has the most advanced technology in the world, bringing together the best of the technologies available in the international market. It is a company integrated with the communities, providing quality production in harmony with nature, generating self-sustainable development, but also concerned with the balance of the environment in society. The Pilecco Nobre Group invests in scientific research, using clean technologies in production and industrialization, with the reuse of by-products, without generating waste in its business activities, practices that enable the obtaining of Carbon Credits through the CDM \u2013 Clean Development Mechanism \u2013 project approved by the UN. It acts in this project as an anchor company, demanding technology.<\/p>\n<p>&nbsp;<\/p>\n<p style=\"text-align: justify\"><strong>S\u00edlica Verde do Arroz (SVA)\/ Rice Green Silica<\/strong><\/p>\n<p style=\"text-align: justify\">S\u00edlica Verde do Arroz Ltda, based in Alegrete\/RS, is a company specializing in generating electricity from rice husks with high efficiency and extracting high-quality rice husk silica for use in the construction market and technical rubber artifacts. Integrating the Pilecco Nobre Alimentos Ltda Group, SVA was founded in 2005 and has an installed capacity of 5 MW for power generation and a capacity to extract 10,000 tons per year of high-quality rice husk silica, being a reference in efficiency in the national and international market.<\/p>\n<p>&nbsp;<\/p>\n<p style=\"text-align: justify\"><strong>Marcon Embalagens de Vidro \/ Marcon Glass containers<\/strong><\/p>\n<p style=\"text-align: justify\">Marcon is a company established in Ip\u00ea, in the Serra Ga\u00facha, since 1980. This company, born as a family business, today produces 6,000 glass demijohns\/day for wine storage. Its production involves about 13 tons of glass\/day, thus being part of the program as one of the possible beneficiaries of sustainable glass products, produced from agricultural waste gray rice husks.<\/p>\n<p>&nbsp;<\/p>\n<p style=\"text-align: justify\"><strong>Ecoefici\u00eancia Solu\u00e7\u00f5es Ambientais \/ Ecoefici\u00eancia Environmental Solutions<\/strong><\/p>\n<p style=\"text-align: justify\">Ecoefici\u00eancia Solu\u00e7\u00f5es Ambientais is a company that, since 2015, has been operating in the environmental consulting and solutions segment. The team is made up of qualified specialists with over ten years of experience in the sector. Always working with professionalism, quality, and punctuality. It values excellence in meeting the needs of companies, entrepreneurs, and public agencies. Always guided by current environmental legislation and seeking the well-being of the community and the environment. The company seeks partners to develop innovative solutions that meet the current demands of environmental management in the market. Website: [http:\/\/www.ecoeficiencia.eco.br](http:\/\/www.ecoeficiencia.eco.br).<\/p>\n<p>&nbsp;<\/p>\n<p style=\"text-align: justify\"><strong>Parque Cient\u00edfico e Tecnol\u00f3gico do Pampa \u2013 PampaTec \/ Pampa Scientific and Technological Park<\/strong><\/p>\n<p style=\"text-align: justify\">PampaTec&#8217;s fundamental idea is the sustainable development of the Pampa biome territory, through the creation of a technological innovation environment, connecting universities, governments, and technology-based companies. It is maintained by Universidade Federal do Pampa at its physical headquarters on the Alegrete Campus, but developing actions to promote innovative entrepreneurship on the University&#8217;s 10 campuses.<\/p>\n<p>&nbsp;<\/p>\n<p style=\"text-align: justify\"><strong>Associa\u00e7\u00e3o dos Arrozeiros de Alegrete \/Alegrete\u2019s Rice farmers Associtaion<\/strong><\/p>\n<p style=\"text-align: justify\">Founded on December 17, 1985, the Associa\u00e7\u00e3o dos Arrozeiros de Alegrete was emancipated from the then Associa\u00e7\u00e3o Comercial e Industrial de Alegrete. Its official constitution took place with the publication of the Social Statute in the Official Gazette on September 8, 1987, approved by the newly elected board on August 24 of the same year. It participated in the conception and realization of the 1st Rice Harvest Opening on March 19, 1988, an unprecedented event in Brazil, establishing one of the greatest events in rice farming, still today, and by calling on the established rice entities to form, in 1989, the Federation of Rice Growers Associations of Rio Grande do Sul \u2013 FEDERARROZ. Among its activities, it annually promotes the &#8220;Rice Week&#8221; event, with technical lectures, discussions, and a technological showcase of the rice production chain.<\/p>\n<p>&nbsp;<\/p>\n<p style=\"text-align: justify\"><strong>Sindicato Rural de Alegrete \/ Alegrete\u2019s Rural Union<\/strong><\/p>\n<p style=\"text-align: justify\">It is one of the oldest rural entities in Rio Grande do Sul. It annually promotes the &#8220;Alegrete Agricultural Exhibition,&#8221; one of the largest in the state of Rio Grande do Sul.<\/p>\n<p>&nbsp;<\/p>\n<p style=\"text-align: justify\"><strong>Centro Empresarial de Alegrete \/ Alegrete\u2019s Business Center<\/strong><\/p>\n<p style=\"text-align: justify\">The Centro Empresarial de Alegrete \u2013 CEA, is an associative entity that was born from the union between the Associa\u00e7\u00e3o Comercial e Industrial de Alegrete, the C\u00e2mara de Dirigentes Lojistas, the Associa\u00e7\u00e3o das Micro e Pequenas Empresas, and the Associa\u00e7\u00e3o dos Jovens Empres\u00e1rios do Alegrete. This union resulted in the strengthening of the representativeness of various entrepreneurial segments. Thus, the entity seeks to ensure a convergent action with strategic actions aimed at meeting the aspirations of the broad class of entrepreneurs in the Municipality and the region. The activities of the CEA extend to the Municipality of Manoel Viana, where entrepreneurship promotion and technical and institutional support are fostered, ensuring associative participation and representation in the entity&#8217;s board, which results in the effective representativeness of the business organizations of that Municipality within the Centro Empresarial.<\/p>\n<p>&nbsp;<\/p>\n<p style=\"text-align: justify\"><strong>Prefeitura Municipal de Alegrete \/ Alegrete\u2019s Municipal Government<\/strong><\/p>\n<p style=\"text-align: justify\">It operates in projects through the Secretaria Municipal de Desenvolvimento Econ\u00f4mico e Turismo, mainly in the installation and maintenance of the Open Lab at PampaTec to meet the prototyping demands of innovative companies and society in general. It also works on updating legislation and implementing policies to promote innovation, as well as publicizing the Cluster in fairs, events, and media.<\/p>\n<p>&nbsp;<\/p>\n<p style=\"text-align: justify\"><strong>C\u00e2mara de Vereadores de Alegrete \/ Alegrete\u2019s Councils Chamber<\/strong><\/p>\n<p style=\"text-align: justify\">It operates in projects discussing, promoting, and operationalizing the Municipal Innovation Law of Alegrete. Additionally, it will work on publicizing and expanding the importance of the project to the cities of the region and the state, so that the &#8220;Centro de Agrotecnologia e Inova\u00e7\u00e3o do Pampa&#8221; cluster becomes a reference center for innovation for the entire western border of Rio Grande do Sul.<\/p>\n<p><\/p>","protected":false},"excerpt":{"rendered":"<p>Cooperativa Agroindustrial Alegrete Ltda (CAAL) CAAL is a cooperative based in Alegrete, specializing in grain processing, storage, animal nutrition, agricultural inputs, technical assistance, agribusiness retail, photovoltaic and thermoelectric energy generation. It was founded in 1977 and has approximately 400 employees. It has an annual turnover of around R$ 500 million (2017). &nbsp; Pilecco Nobre Alimentos [&hellip;]<\/p>\n","protected":false},"author":627,"featured_media":0,"parent":0,"menu_order":0,"comment_status":"closed","ping_status":"closed","template":"","meta":[],"_links":{"self":[{"href":"https:\/\/cursos.unipampa.edu.br\/cursos\/ppeng\/en\/wp-json\/wp\/v2\/pages\/2949"}],"collection":[{"href":"https:\/\/cursos.unipampa.edu.br\/cursos\/ppeng\/en\/wp-json\/wp\/v2\/pages"}],"about":[{"href":"https:\/\/cursos.unipampa.edu.br\/cursos\/ppeng\/en\/wp-json\/wp\/v2\/types\/page"}],"author":[{"embeddable":true,"href":"https:\/\/cursos.unipampa.edu.br\/cursos\/ppeng\/en\/wp-json\/wp\/v2\/users\/627"}],"replies":[{"embeddable":true,"href":"https:\/\/cursos.unipampa.edu.br\/cursos\/ppeng\/en\/wp-json\/wp\/v2\/comments?post=2949"}],"version-history":[{"count":10,"href":"https:\/\/cursos.unipampa.edu.br\/cursos\/ppeng\/en\/wp-json\/wp\/v2\/pages\/2949\/revisions"}],"predecessor-version":[{"id":4122,"href":"https:\/\/cursos.unipampa.edu.br\/cursos\/ppeng\/en\/wp-json\/wp\/v2\/pages\/2949\/revisions\/4122"}],"wp:attachment":[{"href":"https:\/\/cursos.unipampa.edu.br\/cursos\/ppeng\/en\/wp-json\/wp\/v2\/media?parent=2949"}],"curies":[{"name":"wp","href":"https:\/\/api.w.org\/{rel}","templated":true}]}}