
{"id":2659,"date":"2021-12-14T13:43:49","date_gmt":"2021-12-14T16:43:49","guid":{"rendered":"https:\/\/cursos.unipampa.edu.br\/cursos\/ppeng\/?page_id=2659"},"modified":"2022-04-14T12:37:35","modified_gmt":"2022-04-14T15:37:35","slug":"processo-seletivo-2022-1","status":"publish","type":"page","link":"https:\/\/cursos.unipampa.edu.br\/cursos\/ppeng\/en\/processo-seletivo-2022-1\/","title":{"rendered":"Selective Process 2022\/1"},"content":{"rendered":"<p><\/p>\n<div class=\"entry-content\">\n<ul>\n<li>\n<header class=\"entry-header\">\n<h1 class=\"entry-title\"><\/h1>\n<header class=\"entry-header\">\n<h1 class=\"entry-title\">Processo Seletivo 2022\/1<\/h1>\n<\/header>\n<div class=\"entry-content\">\n<p><strong>Edital de Processo Seletivo para Ingresso de discentes<\/strong><br \/>\n<strong>Programa de P\u00f3s-Gradua\u00e7\u00e3o em Engenharia (PPEng)<\/strong><br \/>\n<strong>Mestrado Acad\u00eamico \u2013 1\u00ba Semestre\/2022<\/strong><\/p>\n<ul>\n<li><a href=\"https:\/\/unipampa.edu.br\/portal\/sites\/default\/files\/documentos\/edital_358-2021_processo_seletivo_para_ingresso_de_discentes_no_programa_de_pos-graduacao_em_engenharia_ppeng_-_mestrado_academico_-_1o_semestre-2022.pdf\">EDITAL N\u00ba 358\/2021 PROCESSO SELETIVO PARA INGRESSO DE DISCENTES NO PROGRAMA DE P\u00d3S-GRADUA\u00c7\u00c3O EM ENGENHARIA (PPENG)<\/a><\/li>\n<li><a href=\"https:\/\/cursos.unipampa.edu.br\/cursos\/ppeng\/2021\/12\/14\/processo-seletivo-para-ingresso-de-discentes-no-mestrado-academico-do-programa-de-pos-graduacao-em-engenharia-2022-01\/\">Sobre as vagas e inscri\u00e7\u00f5es<\/a><\/li>\n<li><a href=\"https:\/\/cursos.unipampa.edu.br\/cursos\/ppeng\/files\/2022\/01\/edital_gr_0714183.pdf\">EDITAL DE RETIFICA\u00c7\u00c3O DO EDITAL N.\u00ba 358\/2021<\/a><\/li>\n<li><a href=\"https:\/\/cursos.unipampa.edu.br\/cursos\/ppeng\/2022\/02\/14\/relacao-parcial-de-inscricoes-homologadas-no-processo-seletivo-para-o-ingresso-de-discentes-no-mestrado-academico-do-ppeng-2022-01\/\">Rela\u00e7\u00e3o Parcial de Inscri\u00e7\u00f5es Homologadas<\/a><\/li>\n<li><a href=\"https:\/\/cursos.unipampa.edu.br\/cursos\/ppeng\/2022\/02\/20\/divulgacao-dos-nomes-dos-membros-da-comissao-de-selecao-do-processo-seletivo-2022-1\/\">Membros da Comiss\u00e3o de Sele\u00e7\u00e3o<\/a><\/li>\n<li><a href=\"https:\/\/cursos.unipampa.edu.br\/cursos\/ppeng\/en\/2022\/02\/21\/inscricoes-homologadas-no-processo-seletivo-para-o-ingresso-de-discentes-no-mestrado-academico-do-ppeng-2022-01\/\">Inscri\u00e7\u00f5es Homologadas<\/a><\/li>\n<li><a href=\"https:\/\/cursos.unipampa.edu.br\/cursos\/ppeng\/2022\/02\/24\/relacao-final-dos-membros-da-comissao-de-selecao-2022-1\/\">Rela\u00e7\u00e3o final dos membros da Comiss\u00e3o de Sele\u00e7\u00e3o<\/a><\/li>\n<li><a href=\"https:\/\/cursos.unipampa.edu.br\/cursos\/ppeng\/2022\/03\/15\/resultados-preliminar-processo-seletivo-para-ingresso-de-discentes-regulares-no-ppeng-2022-1\/\">Resultado preliminar<\/a><\/li>\n<li><a href=\"https:\/\/cursos.unipampa.edu.br\/cursos\/ppeng\/en\/2022\/03\/21\/resultado-final-processo-seletivo-edital-358-2021-ingresso-de-discentes-regulares-2022-1\/\">Resultado Final<\/a><\/li>\n<li><a href=\"https:\/\/cursos.unipampa.edu.br\/cursos\/ppeng\/2022\/04\/14\/chamada-final-de-suplentes-processo-seletivo-2022-1\/\">Chamada final de suplentes<\/a><\/li>\n<\/ul>\n<\/div>\n<\/header>\n<\/li>\n<\/ul>\n<\/div>\n<p><\/p>","protected":false},"excerpt":{"rendered":"<p>Processo Seletivo 2022\/1 Edital de Processo Seletivo para Ingresso de discentes Programa de P\u00f3s-Gradua\u00e7\u00e3o em Engenharia (PPEng) Mestrado Acad\u00eamico \u2013 1\u00ba Semestre\/2022 EDITAL N\u00ba 358\/2021 PROCESSO SELETIVO PARA INGRESSO DE DISCENTES NO PROGRAMA DE P\u00d3S-GRADUA\u00c7\u00c3O EM ENGENHARIA (PPENG) Sobre as vagas e inscri\u00e7\u00f5es EDITAL DE RETIFICA\u00c7\u00c3O DO EDITAL N.\u00ba 358\/2021 Rela\u00e7\u00e3o Parcial de Inscri\u00e7\u00f5es Homologadas [&hellip;]<\/p>\n","protected":false},"author":629,"featured_media":0,"parent":0,"menu_order":0,"comment_status":"closed","ping_status":"closed","template":"","meta":[],"_links":{"self":[{"href":"https:\/\/cursos.unipampa.edu.br\/cursos\/ppeng\/en\/wp-json\/wp\/v2\/pages\/2659"}],"collection":[{"href":"https:\/\/cursos.unipampa.edu.br\/cursos\/ppeng\/en\/wp-json\/wp\/v2\/pages"}],"about":[{"href":"https:\/\/cursos.unipampa.edu.br\/cursos\/ppeng\/en\/wp-json\/wp\/v2\/types\/page"}],"author":[{"embeddable":true,"href":"https:\/\/cursos.unipampa.edu.br\/cursos\/ppeng\/en\/wp-json\/wp\/v2\/users\/629"}],"replies":[{"embeddable":true,"href":"https:\/\/cursos.unipampa.edu.br\/cursos\/ppeng\/en\/wp-json\/wp\/v2\/comments?post=2659"}],"version-history":[{"count":9,"href":"https:\/\/cursos.unipampa.edu.br\/cursos\/ppeng\/en\/wp-json\/wp\/v2\/pages\/2659\/revisions"}],"predecessor-version":[{"id":2807,"href":"https:\/\/cursos.unipampa.edu.br\/cursos\/ppeng\/en\/wp-json\/wp\/v2\/pages\/2659\/revisions\/2807"}],"wp:attachment":[{"href":"https:\/\/cursos.unipampa.edu.br\/cursos\/ppeng\/en\/wp-json\/wp\/v2\/media?parent=2659"}],"curies":[{"name":"wp","href":"https:\/\/api.w.org\/{rel}","templated":true}]}}