
{"id":2624,"date":"2021-12-02T16:48:39","date_gmt":"2021-12-02T19:48:39","guid":{"rendered":"https:\/\/cursos.unipampa.edu.br\/cursos\/ppeng\/?page_id=2624"},"modified":"2021-12-02T16:48:56","modified_gmt":"2021-12-02T19:48:56","slug":"patricia-da-rosa-lira","status":"publish","type":"page","link":"https:\/\/cursos.unipampa.edu.br\/cursos\/ppeng\/en\/patricia-da-rosa-lira\/","title":{"rendered":"PATR\u00cdCIA DA ROSA LIRA"},"content":{"rendered":"<h2><\/h2>\n<p><a href=\"https:\/\/cursos.unipampa.edu.br\/cursos\/ppeng\/files\/2021\/12\/patricialira.jpg\"><img decoding=\"async\" loading=\"lazy\" class=\"wp-image-2625 aligncenter\" src=\"https:\/\/cursos.unipampa.edu.br\/cursos\/ppeng\/files\/2021\/12\/patricialira-221x300.jpg\" alt=\"\" width=\"114\" height=\"155\" srcset=\"https:\/\/cursos.unipampa.edu.br\/cursos\/ppeng\/files\/2021\/12\/patricialira-221x300.jpg 221w, https:\/\/cursos.unipampa.edu.br\/cursos\/ppeng\/files\/2021\/12\/patricialira.jpg 612w\" sizes=\"(max-width: 114px) 100vw, 114px\" \/><\/a><\/p>\n<p><a href=\"http:\/\/lattes.cnpq.br\/5894953183525128\">Curr\u00edculo Lattes<\/a><\/p>\n<p>Orientadora: Prof. Dr\u00aa. Chiara Valsecchi<\/p>\n<p>Linha de Pesquisa: Novos Materiais e Suas Aplica\u00e7\u00f5es Tecnol\u00f3gicas<\/p>\n<p>Ingresso: 2021\/2<\/p>\n","protected":false},"excerpt":{"rendered":"<p>Curr\u00edculo Lattes Orientadora: Prof. Dr\u00aa. Chiara Valsecchi Linha de Pesquisa: Novos Materiais e Suas Aplica\u00e7\u00f5es Tecnol\u00f3gicas Ingresso: 2021\/2<\/p>\n","protected":false},"author":629,"featured_media":0,"parent":0,"menu_order":0,"comment_status":"closed","ping_status":"closed","template":"","meta":[],"_links":{"self":[{"href":"https:\/\/cursos.unipampa.edu.br\/cursos\/ppeng\/en\/wp-json\/wp\/v2\/pages\/2624"}],"collection":[{"href":"https:\/\/cursos.unipampa.edu.br\/cursos\/ppeng\/en\/wp-json\/wp\/v2\/pages"}],"about":[{"href":"https:\/\/cursos.unipampa.edu.br\/cursos\/ppeng\/en\/wp-json\/wp\/v2\/types\/page"}],"author":[{"embeddable":true,"href":"https:\/\/cursos.unipampa.edu.br\/cursos\/ppeng\/en\/wp-json\/wp\/v2\/users\/629"}],"replies":[{"embeddable":true,"href":"https:\/\/cursos.unipampa.edu.br\/cursos\/ppeng\/en\/wp-json\/wp\/v2\/comments?post=2624"}],"version-history":[{"count":2,"href":"https:\/\/cursos.unipampa.edu.br\/cursos\/ppeng\/en\/wp-json\/wp\/v2\/pages\/2624\/revisions"}],"predecessor-version":[{"id":2627,"href":"https:\/\/cursos.unipampa.edu.br\/cursos\/ppeng\/en\/wp-json\/wp\/v2\/pages\/2624\/revisions\/2627"}],"wp:attachment":[{"href":"https:\/\/cursos.unipampa.edu.br\/cursos\/ppeng\/en\/wp-json\/wp\/v2\/media?parent=2624"}],"curies":[{"name":"wp","href":"https:\/\/api.w.org\/{rel}","templated":true}]}}