
{"id":2618,"date":"2021-12-02T16:41:27","date_gmt":"2021-12-02T19:41:27","guid":{"rendered":"https:\/\/cursos.unipampa.edu.br\/cursos\/ppeng\/?page_id=2618"},"modified":"2021-12-02T16:50:11","modified_gmt":"2021-12-02T19:50:11","slug":"yasmin-pinto-rodrigues","status":"publish","type":"page","link":"https:\/\/cursos.unipampa.edu.br\/cursos\/ppeng\/en\/yasmin-pinto-rodrigues\/","title":{"rendered":"(Portugu\u00eas) Yasmin Pinto Rodrigues"},"content":{"rendered":"<p>&nbsp;<\/p>\n<p><a href=\"https:\/\/cursos.unipampa.edu.br\/cursos\/ppeng\/files\/2021\/12\/yasminrodrigues.jpg\"><img decoding=\"async\" loading=\"lazy\" class=\"wp-image-2619 aligncenter\" src=\"https:\/\/cursos.unipampa.edu.br\/cursos\/ppeng\/files\/2021\/12\/yasminrodrigues-240x300.jpg\" alt=\"\" width=\"122\" height=\"152\" srcset=\"https:\/\/cursos.unipampa.edu.br\/cursos\/ppeng\/files\/2021\/12\/yasminrodrigues-240x300.jpg 240w, https:\/\/cursos.unipampa.edu.br\/cursos\/ppeng\/files\/2021\/12\/yasminrodrigues.jpg 750w\" sizes=\"(max-width: 122px) 100vw, 122px\" \/><\/a><\/p>\n<p><a href=\"http:\/\/lattes.cnpq.br\/3650282678554942\">Curr\u00edculo Lattes<\/a><\/p>\n<p>Orientadora: Prof. Dr\u00aa. Gabriela Silveira da Rosa<\/p>\n<p>Linha de Pesquisa: Novos Materiais e Suas Aplica\u00e7\u00f5es Tecnol\u00f3gicas<\/p>\n<p>Ingresso: 2021\/2<\/p>","protected":false},"excerpt":{"rendered":"<p>&nbsp; Curr\u00edculo Lattes Orientadora: Prof. Dr\u00aa. Gabriela Silveira da Rosa Linha de Pesquisa: Novos Materiais e Suas Aplica\u00e7\u00f5es Tecnol\u00f3gicas Ingresso: 2021\/2<\/p>\n","protected":false},"author":629,"featured_media":0,"parent":0,"menu_order":0,"comment_status":"closed","ping_status":"closed","template":"","meta":[],"_links":{"self":[{"href":"https:\/\/cursos.unipampa.edu.br\/cursos\/ppeng\/en\/wp-json\/wp\/v2\/pages\/2618"}],"collection":[{"href":"https:\/\/cursos.unipampa.edu.br\/cursos\/ppeng\/en\/wp-json\/wp\/v2\/pages"}],"about":[{"href":"https:\/\/cursos.unipampa.edu.br\/cursos\/ppeng\/en\/wp-json\/wp\/v2\/types\/page"}],"author":[{"embeddable":true,"href":"https:\/\/cursos.unipampa.edu.br\/cursos\/ppeng\/en\/wp-json\/wp\/v2\/users\/629"}],"replies":[{"embeddable":true,"href":"https:\/\/cursos.unipampa.edu.br\/cursos\/ppeng\/en\/wp-json\/wp\/v2\/comments?post=2618"}],"version-history":[{"count":2,"href":"https:\/\/cursos.unipampa.edu.br\/cursos\/ppeng\/en\/wp-json\/wp\/v2\/pages\/2618\/revisions"}],"predecessor-version":[{"id":2628,"href":"https:\/\/cursos.unipampa.edu.br\/cursos\/ppeng\/en\/wp-json\/wp\/v2\/pages\/2618\/revisions\/2628"}],"wp:attachment":[{"href":"https:\/\/cursos.unipampa.edu.br\/cursos\/ppeng\/en\/wp-json\/wp\/v2\/media?parent=2618"}],"curies":[{"name":"wp","href":"https:\/\/api.w.org\/{rel}","templated":true}]}}