
{"id":2511,"date":"2021-07-07T18:45:03","date_gmt":"2021-07-07T21:45:03","guid":{"rendered":"http:\/\/cursos.unipampa.edu.br\/cursos\/ppeng\/?page_id=2511"},"modified":"2021-09-13T16:03:45","modified_gmt":"2021-09-13T19:03:45","slug":"matricula-de-discentes-em-regime-especial-2021-2","status":"publish","type":"page","link":"https:\/\/cursos.unipampa.edu.br\/cursos\/ppeng\/en\/matricula-de-discentes-em-regime-especial-2021-2\/","title":{"rendered":"Matr\u00edcula de Discentes em Regime Especial &#8211; 2021\/2"},"content":{"rendered":"<ul>\n<li><a href=\"https:\/\/cursos.unipampa.edu.br\/cursos\/ppeng\/2021\/07\/07\/chamada-publica-para-matricula-de-discentes-em-regime-especial-2021-2\/\">Chamada P\u00fablica para matr\u00edcula de discentes em Regime Especial<\/a><\/li>\n<li><a href=\"https:\/\/cursos.unipampa.edu.br\/cursos\/ppeng\/2021\/08\/06\/resultado-parcial-da-chamada-publica-para-matricula-em-regime-especial-2021-2\/\">Resultado Parcial das Solicita\u00e7\u00f5es de Matr\u00edcula em Regime Especial<\/a><\/li>\n<li><a href=\"https:\/\/cursos.unipampa.edu.br\/cursos\/ppeng\/2021\/08\/11\/resultado-final-das-solicitacoes-de-matricula-em-regime-especial\/\">Resultado Final das Solicita\u00e7\u00f5es de Matr\u00edcula em Regime Especial<\/a><\/li>\n<\/ul>\n","protected":false},"excerpt":{"rendered":"<p>Chamada P\u00fablica para matr\u00edcula de discentes em Regime Especial Resultado Parcial das Solicita\u00e7\u00f5es de Matr\u00edcula em Regime Especial Resultado Final das Solicita\u00e7\u00f5es de Matr\u00edcula em Regime Especial<\/p>\n","protected":false},"author":629,"featured_media":0,"parent":0,"menu_order":0,"comment_status":"closed","ping_status":"closed","template":"","meta":[],"_links":{"self":[{"href":"https:\/\/cursos.unipampa.edu.br\/cursos\/ppeng\/en\/wp-json\/wp\/v2\/pages\/2511"}],"collection":[{"href":"https:\/\/cursos.unipampa.edu.br\/cursos\/ppeng\/en\/wp-json\/wp\/v2\/pages"}],"about":[{"href":"https:\/\/cursos.unipampa.edu.br\/cursos\/ppeng\/en\/wp-json\/wp\/v2\/types\/page"}],"author":[{"embeddable":true,"href":"https:\/\/cursos.unipampa.edu.br\/cursos\/ppeng\/en\/wp-json\/wp\/v2\/users\/629"}],"replies":[{"embeddable":true,"href":"https:\/\/cursos.unipampa.edu.br\/cursos\/ppeng\/en\/wp-json\/wp\/v2\/comments?post=2511"}],"version-history":[{"count":3,"href":"https:\/\/cursos.unipampa.edu.br\/cursos\/ppeng\/en\/wp-json\/wp\/v2\/pages\/2511\/revisions"}],"predecessor-version":[{"id":2579,"href":"https:\/\/cursos.unipampa.edu.br\/cursos\/ppeng\/en\/wp-json\/wp\/v2\/pages\/2511\/revisions\/2579"}],"wp:attachment":[{"href":"https:\/\/cursos.unipampa.edu.br\/cursos\/ppeng\/en\/wp-json\/wp\/v2\/media?parent=2511"}],"curies":[{"name":"wp","href":"https:\/\/api.w.org\/{rel}","templated":true}]}}