
{"id":2479,"date":"2021-07-05T18:11:02","date_gmt":"2021-07-05T21:11:02","guid":{"rendered":"http:\/\/cursos.unipampa.edu.br\/cursos\/ppeng\/?page_id=2479"},"modified":"2021-07-23T10:39:07","modified_gmt":"2021-07-23T13:39:07","slug":"processo-seletivo-2021-2","status":"publish","type":"page","link":"https:\/\/cursos.unipampa.edu.br\/cursos\/ppeng\/en\/processo-seletivo-2021-2\/","title":{"rendered":"Selective Process 2021\/2"},"content":{"rendered":"<p><\/p>\n<p style=\"text-align: justify\"><strong>Edital de Processo Seletivo para Ingresso de discentes<\/strong><br \/>\n<strong>Programa de P\u00f3s-Gradua\u00e7\u00e3o em Engenharia (PPEng)<\/strong><br \/>\n<strong>Mestrado Acad\u00eamico \u2013 2\u00ba Semestre\/2021<\/strong><\/p>\n<ul>\n<li><a href=\"https:\/\/cursos.unipampa.edu.br\/cursos\/ppeng\/2021\/06\/02\/processo-seletivo-para-ingresso-de-discentes-programa-de-pos-graduacao-em-engenharia-mestrado-academico-2o-semestre-2021\/\">Vagas e inscri\u00e7\u00f5es<\/a><\/li>\n<li><a href=\"https:\/\/cursos.unipampa.edu.br\/cursos\/ppeng\/2021\/07\/05\/relacao-parcial-de-inscricoes-homologadas-processo-seletivo-de-ingresso-de-discentes-2021-2\/\">Rela\u00e7\u00e3o parcial de inscri\u00e7\u00f5es homologadas<\/a><\/li>\n<li><a href=\"https:\/\/cursos.unipampa.edu.br\/cursos\/ppeng\/en\/2021\/07\/07\/relacao-final-de-inscricoes-homologadas-processo-seletivo-de-ingresso-de-discentes-2021-2\/\">Rela\u00e7\u00e3o final de inscri\u00e7\u00f5es homologadas<\/a><\/li>\n<li><a href=\"https:\/\/cursos.unipampa.edu.br\/cursos\/ppeng\/en\/2021\/07\/07\/divulgacao-da-nominata-dos-membros-da-comissao-de-selecao\/\">Membros da Comiss\u00e3o de Sele\u00e7\u00e3o<\/a><\/li>\n<li><a href=\"https:\/\/cursos.unipampa.edu.br\/cursos\/ppeng\/2021\/07\/11\/divulgacao-das-datas-e-horarios-das-defesas-de-trajetoria-academica-do-processo-seletivo-2021-2\/\">Divulga\u00e7\u00e3o das datas e hor\u00e1rios da defesa de trajet\u00f3ria acad\u00eamica<\/a><\/li>\n<li><a href=\"https:\/\/cursos.unipampa.edu.br\/cursos\/ppeng\/en\/2021\/07\/19\/resultado-parcial-do-processo-seletivo-para-ingresso-de-discentes-2021-2\/\">Resultado Parcial do Processo Seletivo<\/a><\/li>\n<li><a href=\"https:\/\/cursos.unipampa.edu.br\/cursos\/ppeng\/2021\/07\/23\/resultado-final-do-processo-seletivo-para-ingresso-de-discentes-2021-2\/\">Resultado Final do Processo Seletivo<\/a><\/li>\n<\/ul>\n<p>&nbsp;<\/p>","protected":false},"excerpt":{"rendered":"<p>Edital de Processo Seletivo para Ingresso de discentes Programa de P\u00f3s-Gradua\u00e7\u00e3o em Engenharia (PPEng) Mestrado Acad\u00eamico \u2013 2\u00ba Semestre\/2021 Vagas e inscri\u00e7\u00f5es Rela\u00e7\u00e3o parcial de inscri\u00e7\u00f5es homologadas Rela\u00e7\u00e3o final de inscri\u00e7\u00f5es homologadas Membros da Comiss\u00e3o de Sele\u00e7\u00e3o Divulga\u00e7\u00e3o das datas e hor\u00e1rios da defesa de trajet\u00f3ria acad\u00eamica Resultado Parcial do Processo Seletivo Resultado Final do [&hellip;]<\/p>\n","protected":false},"author":629,"featured_media":0,"parent":0,"menu_order":0,"comment_status":"closed","ping_status":"closed","template":"","meta":[],"_links":{"self":[{"href":"https:\/\/cursos.unipampa.edu.br\/cursos\/ppeng\/en\/wp-json\/wp\/v2\/pages\/2479"}],"collection":[{"href":"https:\/\/cursos.unipampa.edu.br\/cursos\/ppeng\/en\/wp-json\/wp\/v2\/pages"}],"about":[{"href":"https:\/\/cursos.unipampa.edu.br\/cursos\/ppeng\/en\/wp-json\/wp\/v2\/types\/page"}],"author":[{"embeddable":true,"href":"https:\/\/cursos.unipampa.edu.br\/cursos\/ppeng\/en\/wp-json\/wp\/v2\/users\/629"}],"replies":[{"embeddable":true,"href":"https:\/\/cursos.unipampa.edu.br\/cursos\/ppeng\/en\/wp-json\/wp\/v2\/comments?post=2479"}],"version-history":[{"count":13,"href":"https:\/\/cursos.unipampa.edu.br\/cursos\/ppeng\/en\/wp-json\/wp\/v2\/pages\/2479\/revisions"}],"predecessor-version":[{"id":2543,"href":"https:\/\/cursos.unipampa.edu.br\/cursos\/ppeng\/en\/wp-json\/wp\/v2\/pages\/2479\/revisions\/2543"}],"wp:attachment":[{"href":"https:\/\/cursos.unipampa.edu.br\/cursos\/ppeng\/en\/wp-json\/wp\/v2\/media?parent=2479"}],"curies":[{"name":"wp","href":"https:\/\/api.w.org\/{rel}","templated":true}]}}