
{"id":2449,"date":"2021-06-07T15:49:26","date_gmt":"2021-06-07T18:49:26","guid":{"rendered":"http:\/\/cursos.unipampa.edu.br\/cursos\/ppeng\/?page_id=2449"},"modified":"2021-09-13T15:54:02","modified_gmt":"2021-09-13T18:54:02","slug":"pesquisa","status":"publish","type":"page","link":"https:\/\/cursos.unipampa.edu.br\/cursos\/ppeng\/en\/pesquisa\/","title":{"rendered":"Research"},"content":{"rendered":"<ul>\n<li><a href=\"https:\/\/cursos.unipampa.edu.br\/cursos\/ppeng\/en\/grupos-de-pesquisas\/\">Grupos de Pesquisa<\/a><\/li>\n<\/ul>\n<p>&nbsp;<\/p>\n<ul>\n<li><a href=\"https:\/\/cursos.unipampa.edu.br\/cursos\/ppeng\/en\/projetos-de-pesquisa\/\">Projetos de Pesquisa<\/a><\/li>\n<\/ul>\n<p>&nbsp;<\/p>\n<ul>\n<li><a href=\"https:\/\/cursos.unipampa.edu.br\/cursos\/ppeng\/en\/publicacoes-em-periodicos\/\">Publica\u00e7\u00f5es em Peri\u00f3dicos<\/a><\/li>\n<\/ul>\n<p>&nbsp;<\/p>\n<ul>\n<li><a href=\"https:\/\/cursos.unipampa.edu.br\/cursos\/ppeng\/noticias-sobre-pesquisas-realizadas-no-ppeng\/\">Not\u00edcias sobre pesquisas realizadas no PPEng<\/a><\/li>\n<\/ul>\n","protected":false},"excerpt":{"rendered":"<p>Grupos de Pesquisa &nbsp; Projetos de Pesquisa &nbsp; Publica\u00e7\u00f5es em Peri\u00f3dicos &nbsp; Not\u00edcias sobre pesquisas realizadas no PPEng<\/p>\n","protected":false},"author":629,"featured_media":0,"parent":0,"menu_order":0,"comment_status":"closed","ping_status":"closed","template":"","meta":[],"_links":{"self":[{"href":"https:\/\/cursos.unipampa.edu.br\/cursos\/ppeng\/en\/wp-json\/wp\/v2\/pages\/2449"}],"collection":[{"href":"https:\/\/cursos.unipampa.edu.br\/cursos\/ppeng\/en\/wp-json\/wp\/v2\/pages"}],"about":[{"href":"https:\/\/cursos.unipampa.edu.br\/cursos\/ppeng\/en\/wp-json\/wp\/v2\/types\/page"}],"author":[{"embeddable":true,"href":"https:\/\/cursos.unipampa.edu.br\/cursos\/ppeng\/en\/wp-json\/wp\/v2\/users\/629"}],"replies":[{"embeddable":true,"href":"https:\/\/cursos.unipampa.edu.br\/cursos\/ppeng\/en\/wp-json\/wp\/v2\/comments?post=2449"}],"version-history":[{"count":2,"href":"https:\/\/cursos.unipampa.edu.br\/cursos\/ppeng\/en\/wp-json\/wp\/v2\/pages\/2449\/revisions"}],"predecessor-version":[{"id":2576,"href":"https:\/\/cursos.unipampa.edu.br\/cursos\/ppeng\/en\/wp-json\/wp\/v2\/pages\/2449\/revisions\/2576"}],"wp:attachment":[{"href":"https:\/\/cursos.unipampa.edu.br\/cursos\/ppeng\/en\/wp-json\/wp\/v2\/media?parent=2449"}],"curies":[{"name":"wp","href":"https:\/\/api.w.org\/{rel}","templated":true}]}}