
{"id":2435,"date":"2021-06-07T15:16:00","date_gmt":"2021-06-07T18:16:00","guid":{"rendered":"http:\/\/cursos.unipampa.edu.br\/cursos\/ppeng\/?page_id=2435"},"modified":"2021-06-07T15:16:00","modified_gmt":"2021-06-07T18:16:00","slug":"renata-escarrone-holzschuh","status":"publish","type":"page","link":"https:\/\/cursos.unipampa.edu.br\/cursos\/ppeng\/en\/renata-escarrone-holzschuh\/","title":{"rendered":"Renata Escarrone Holzschuh"},"content":{"rendered":"<p><a href=\"https:\/\/cursos.unipampa.edu.br\/cursos\/ppeng\/files\/2021\/06\/renata.jpg\"><img decoding=\"async\" loading=\"lazy\" class=\"wp-image-2436 aligncenter\" src=\"https:\/\/cursos.unipampa.edu.br\/cursos\/ppeng\/files\/2021\/06\/renata-300x300.jpg\" alt=\"\" width=\"157\" height=\"157\" srcset=\"https:\/\/cursos.unipampa.edu.br\/cursos\/ppeng\/files\/2021\/06\/renata-300x300.jpg 300w, https:\/\/cursos.unipampa.edu.br\/cursos\/ppeng\/files\/2021\/06\/renata-150x150.jpg 150w, https:\/\/cursos.unipampa.edu.br\/cursos\/ppeng\/files\/2021\/06\/renata.jpg 540w\" sizes=\"(max-width: 157px) 100vw, 157px\" \/><\/a><\/p>\n<p><a href=\"http:\/\/lattes.cnpq.br\/9402072526650424\">Curr\u00edculo Lattes<\/a><\/p>\n<p><strong>Orientador<\/strong>: Prof. Dr. Rafael Maroneze<\/p>\n<p><strong>Linha de Pesquisa<\/strong>: Modelagem e Simula\u00e7\u00e3o<\/p>\n<p><strong>Ingresso<\/strong>: 2019\/1<\/p>\n","protected":false},"excerpt":{"rendered":"<p>Curr\u00edculo Lattes Orientador: Prof. Dr. Rafael Maroneze Linha de Pesquisa: Modelagem e Simula\u00e7\u00e3o Ingresso: 2019\/1<\/p>\n","protected":false},"author":629,"featured_media":0,"parent":0,"menu_order":0,"comment_status":"closed","ping_status":"closed","template":"","meta":[],"_links":{"self":[{"href":"https:\/\/cursos.unipampa.edu.br\/cursos\/ppeng\/en\/wp-json\/wp\/v2\/pages\/2435"}],"collection":[{"href":"https:\/\/cursos.unipampa.edu.br\/cursos\/ppeng\/en\/wp-json\/wp\/v2\/pages"}],"about":[{"href":"https:\/\/cursos.unipampa.edu.br\/cursos\/ppeng\/en\/wp-json\/wp\/v2\/types\/page"}],"author":[{"embeddable":true,"href":"https:\/\/cursos.unipampa.edu.br\/cursos\/ppeng\/en\/wp-json\/wp\/v2\/users\/629"}],"replies":[{"embeddable":true,"href":"https:\/\/cursos.unipampa.edu.br\/cursos\/ppeng\/en\/wp-json\/wp\/v2\/comments?post=2435"}],"version-history":[{"count":1,"href":"https:\/\/cursos.unipampa.edu.br\/cursos\/ppeng\/en\/wp-json\/wp\/v2\/pages\/2435\/revisions"}],"predecessor-version":[{"id":2437,"href":"https:\/\/cursos.unipampa.edu.br\/cursos\/ppeng\/en\/wp-json\/wp\/v2\/pages\/2435\/revisions\/2437"}],"wp:attachment":[{"href":"https:\/\/cursos.unipampa.edu.br\/cursos\/ppeng\/en\/wp-json\/wp\/v2\/media?parent=2435"}],"curies":[{"name":"wp","href":"https:\/\/api.w.org\/{rel}","templated":true}]}}