
{"id":2410,"date":"2021-06-07T14:47:24","date_gmt":"2021-06-07T17:47:24","guid":{"rendered":"http:\/\/cursos.unipampa.edu.br\/cursos\/ppeng\/?page_id=2410"},"modified":"2021-06-07T15:00:48","modified_gmt":"2021-06-07T18:00:48","slug":"matheus-castro-nicolau-da-silva","status":"publish","type":"page","link":"https:\/\/cursos.unipampa.edu.br\/cursos\/ppeng\/en\/matheus-castro-nicolau-da-silva\/","title":{"rendered":"Matheus Castro Nicolau da Silva"},"content":{"rendered":"<p><a href=\"https:\/\/cursos.unipampa.edu.br\/cursos\/ppeng\/files\/2021\/06\/matheus.png\"><img decoding=\"async\" loading=\"lazy\" class=\"size-full wp-image-2411 aligncenter\" src=\"https:\/\/cursos.unipampa.edu.br\/cursos\/ppeng\/files\/2021\/06\/matheus.png\" alt=\"\" width=\"132\" height=\"181\" \/><\/a><\/p>\n<p>&nbsp;<\/p>\n<p><a href=\"http:\/\/lattes.cnpq.br\/9065712155553330\">Curr\u00edculo Lattes<\/a><\/p>\n<p><strong>Orientador<\/strong>: Prof. Dr. Cesar Flaubiano da Cruz Cristaldo<\/p>\n<p><strong>Linha de Pesquisa<\/strong>: Modelagem e Simula\u00e7\u00e3o<\/p>\n<p>Ingresso: 2021\/1<\/p>\n","protected":false},"excerpt":{"rendered":"<p>&nbsp; Curr\u00edculo Lattes Orientador: Prof. Dr. Cesar Flaubiano da Cruz Cristaldo Linha de Pesquisa: Modelagem e Simula\u00e7\u00e3o Ingresso: 2021\/1<\/p>\n","protected":false},"author":629,"featured_media":0,"parent":0,"menu_order":0,"comment_status":"closed","ping_status":"closed","template":"","meta":[],"_links":{"self":[{"href":"https:\/\/cursos.unipampa.edu.br\/cursos\/ppeng\/en\/wp-json\/wp\/v2\/pages\/2410"}],"collection":[{"href":"https:\/\/cursos.unipampa.edu.br\/cursos\/ppeng\/en\/wp-json\/wp\/v2\/pages"}],"about":[{"href":"https:\/\/cursos.unipampa.edu.br\/cursos\/ppeng\/en\/wp-json\/wp\/v2\/types\/page"}],"author":[{"embeddable":true,"href":"https:\/\/cursos.unipampa.edu.br\/cursos\/ppeng\/en\/wp-json\/wp\/v2\/users\/629"}],"replies":[{"embeddable":true,"href":"https:\/\/cursos.unipampa.edu.br\/cursos\/ppeng\/en\/wp-json\/wp\/v2\/comments?post=2410"}],"version-history":[{"count":3,"href":"https:\/\/cursos.unipampa.edu.br\/cursos\/ppeng\/en\/wp-json\/wp\/v2\/pages\/2410\/revisions"}],"predecessor-version":[{"id":2417,"href":"https:\/\/cursos.unipampa.edu.br\/cursos\/ppeng\/en\/wp-json\/wp\/v2\/pages\/2410\/revisions\/2417"}],"wp:attachment":[{"href":"https:\/\/cursos.unipampa.edu.br\/cursos\/ppeng\/en\/wp-json\/wp\/v2\/media?parent=2410"}],"curies":[{"name":"wp","href":"https:\/\/api.w.org\/{rel}","templated":true}]}}