
{"id":2405,"date":"2021-06-07T14:39:54","date_gmt":"2021-06-07T17:39:54","guid":{"rendered":"http:\/\/cursos.unipampa.edu.br\/cursos\/ppeng\/?page_id=2405"},"modified":"2021-06-07T14:39:54","modified_gmt":"2021-06-07T17:39:54","slug":"luis-fernando-camponogara","status":"publish","type":"page","link":"https:\/\/cursos.unipampa.edu.br\/cursos\/ppeng\/en\/luis-fernando-camponogara\/","title":{"rendered":"Luis Fernando Camponogara"},"content":{"rendered":"<p><a href=\"https:\/\/cursos.unipampa.edu.br\/cursos\/ppeng\/files\/2020\/02\/luis-fernando-camponogara.jpg\"><img decoding=\"async\" loading=\"lazy\" class=\" wp-image-1589 aligncenter\" src=\"https:\/\/cursos.unipampa.edu.br\/cursos\/ppeng\/files\/2020\/02\/luis-fernando-camponogara-300x300.jpg\" alt=\"\" width=\"165\" height=\"165\" srcset=\"https:\/\/cursos.unipampa.edu.br\/cursos\/ppeng\/files\/2020\/02\/luis-fernando-camponogara-300x300.jpg 300w, https:\/\/cursos.unipampa.edu.br\/cursos\/ppeng\/files\/2020\/02\/luis-fernando-camponogara-150x150.jpg 150w, https:\/\/cursos.unipampa.edu.br\/cursos\/ppeng\/files\/2020\/02\/luis-fernando-camponogara.jpg 638w\" sizes=\"(max-width: 165px) 100vw, 165px\" \/><\/a><\/p>\n<p><a href=\"http:\/\/lattes.cnpq.br\/8716522564890533\">Curr\u00edculo Lattes<\/a><\/p>\n<p><strong>Orientador<\/strong>: Prof. Dr. Felipe Denardin Costa<\/p>\n<p><strong>Linha de Pesquisa<\/strong>: Modelagem e Simula\u00e7\u00e3o<\/p>\n<p><strong>Ingresso<\/strong>: 2019\/1<\/p>\n","protected":false},"excerpt":{"rendered":"<p>Curr\u00edculo Lattes Orientador: Prof. Dr. Felipe Denardin Costa Linha de Pesquisa: Modelagem e Simula\u00e7\u00e3o Ingresso: 2019\/1<\/p>\n","protected":false},"author":629,"featured_media":0,"parent":0,"menu_order":0,"comment_status":"closed","ping_status":"closed","template":"","meta":[],"_links":{"self":[{"href":"https:\/\/cursos.unipampa.edu.br\/cursos\/ppeng\/en\/wp-json\/wp\/v2\/pages\/2405"}],"collection":[{"href":"https:\/\/cursos.unipampa.edu.br\/cursos\/ppeng\/en\/wp-json\/wp\/v2\/pages"}],"about":[{"href":"https:\/\/cursos.unipampa.edu.br\/cursos\/ppeng\/en\/wp-json\/wp\/v2\/types\/page"}],"author":[{"embeddable":true,"href":"https:\/\/cursos.unipampa.edu.br\/cursos\/ppeng\/en\/wp-json\/wp\/v2\/users\/629"}],"replies":[{"embeddable":true,"href":"https:\/\/cursos.unipampa.edu.br\/cursos\/ppeng\/en\/wp-json\/wp\/v2\/comments?post=2405"}],"version-history":[{"count":1,"href":"https:\/\/cursos.unipampa.edu.br\/cursos\/ppeng\/en\/wp-json\/wp\/v2\/pages\/2405\/revisions"}],"predecessor-version":[{"id":2406,"href":"https:\/\/cursos.unipampa.edu.br\/cursos\/ppeng\/en\/wp-json\/wp\/v2\/pages\/2405\/revisions\/2406"}],"wp:attachment":[{"href":"https:\/\/cursos.unipampa.edu.br\/cursos\/ppeng\/en\/wp-json\/wp\/v2\/media?parent=2405"}],"curies":[{"name":"wp","href":"https:\/\/api.w.org\/{rel}","templated":true}]}}