
{"id":2397,"date":"2021-06-03T18:52:29","date_gmt":"2021-06-03T21:52:29","guid":{"rendered":"http:\/\/cursos.unipampa.edu.br\/cursos\/ppeng\/?page_id=2397"},"modified":"2021-06-03T18:52:36","modified_gmt":"2021-06-03T21:52:36","slug":"lorena-aparecida-nunes-viana","status":"publish","type":"page","link":"https:\/\/cursos.unipampa.edu.br\/cursos\/ppeng\/en\/lorena-aparecida-nunes-viana\/","title":{"rendered":"Lorena Aparecida Nunes Viana"},"content":{"rendered":"<p><\/p>\n<p style=\"text-align: center\"><a href=\"https:\/\/cursos.unipampa.edu.br\/cursos\/ppeng\/files\/2020\/02\/lorena-aparecida-nunes-viana.jpg\"><img decoding=\"async\" loading=\"lazy\" class=\"alignnone wp-image-1588\" src=\"https:\/\/cursos.unipampa.edu.br\/cursos\/ppeng\/files\/2020\/02\/lorena-aparecida-nunes-viana-200x300.jpg\" alt=\"\" width=\"117\" height=\"176\" srcset=\"https:\/\/cursos.unipampa.edu.br\/cursos\/ppeng\/files\/2020\/02\/lorena-aparecida-nunes-viana-200x300.jpg 200w, https:\/\/cursos.unipampa.edu.br\/cursos\/ppeng\/files\/2020\/02\/lorena-aparecida-nunes-viana.jpg 400w\" sizes=\"(max-width: 117px) 100vw, 117px\" \/><\/a><\/p>\n<p>&nbsp;<\/p>\n<p><a href=\"http:\/\/lattes.cnpq.br\/7864882392965261\">Curr\u00edculo Lattes<\/a><\/p>\n<p><strong>Orientador<\/strong>: Prof. Dr. Felipe Denardin Costa<\/p>\n<p><strong>Linha de Pesquisa<\/strong>: Modelagem e Simula\u00e7\u00e3o<\/p>\n<p><strong>Ingresso<\/strong>: 2018\/2<\/p>","protected":false},"excerpt":{"rendered":"<p>&nbsp; Curr\u00edculo Lattes Orientador: Prof. Dr. Felipe Denardin Costa Linha de Pesquisa: Modelagem e Simula\u00e7\u00e3o Ingresso: 2018\/2<\/p>\n","protected":false},"author":629,"featured_media":0,"parent":0,"menu_order":0,"comment_status":"closed","ping_status":"closed","template":"","meta":[],"_links":{"self":[{"href":"https:\/\/cursos.unipampa.edu.br\/cursos\/ppeng\/en\/wp-json\/wp\/v2\/pages\/2397"}],"collection":[{"href":"https:\/\/cursos.unipampa.edu.br\/cursos\/ppeng\/en\/wp-json\/wp\/v2\/pages"}],"about":[{"href":"https:\/\/cursos.unipampa.edu.br\/cursos\/ppeng\/en\/wp-json\/wp\/v2\/types\/page"}],"author":[{"embeddable":true,"href":"https:\/\/cursos.unipampa.edu.br\/cursos\/ppeng\/en\/wp-json\/wp\/v2\/users\/629"}],"replies":[{"embeddable":true,"href":"https:\/\/cursos.unipampa.edu.br\/cursos\/ppeng\/en\/wp-json\/wp\/v2\/comments?post=2397"}],"version-history":[{"count":2,"href":"https:\/\/cursos.unipampa.edu.br\/cursos\/ppeng\/en\/wp-json\/wp\/v2\/pages\/2397\/revisions"}],"predecessor-version":[{"id":2399,"href":"https:\/\/cursos.unipampa.edu.br\/cursos\/ppeng\/en\/wp-json\/wp\/v2\/pages\/2397\/revisions\/2399"}],"wp:attachment":[{"href":"https:\/\/cursos.unipampa.edu.br\/cursos\/ppeng\/en\/wp-json\/wp\/v2\/media?parent=2397"}],"curies":[{"name":"wp","href":"https:\/\/api.w.org\/{rel}","templated":true}]}}