
{"id":2387,"date":"2021-06-03T18:42:27","date_gmt":"2021-06-03T21:42:27","guid":{"rendered":"http:\/\/cursos.unipampa.edu.br\/cursos\/ppeng\/?page_id=2387"},"modified":"2021-06-03T18:42:27","modified_gmt":"2021-06-03T21:42:27","slug":"jhon-pablo-lima-cornelio","status":"publish","type":"page","link":"https:\/\/cursos.unipampa.edu.br\/cursos\/ppeng\/en\/jhon-pablo-lima-cornelio\/","title":{"rendered":"Jhon Pablo Lima Corn\u00e9lio"},"content":{"rendered":"<p style=\"text-align: center\"><a href=\"https:\/\/cursos.unipampa.edu.br\/cursos\/ppeng\/files\/2021\/06\/jhon.jpg\"><img decoding=\"async\" loading=\"lazy\" class=\"alignnone wp-image-2388\" src=\"https:\/\/cursos.unipampa.edu.br\/cursos\/ppeng\/files\/2021\/06\/jhon-300x241.jpg\" alt=\"\" width=\"192\" height=\"154\" srcset=\"https:\/\/cursos.unipampa.edu.br\/cursos\/ppeng\/files\/2021\/06\/jhon-300x241.jpg 300w, https:\/\/cursos.unipampa.edu.br\/cursos\/ppeng\/files\/2021\/06\/jhon-1024x822.jpg 1024w, https:\/\/cursos.unipampa.edu.br\/cursos\/ppeng\/files\/2021\/06\/jhon-768x617.jpg 768w, https:\/\/cursos.unipampa.edu.br\/cursos\/ppeng\/files\/2021\/06\/jhon.jpg 1141w\" sizes=\"(max-width: 192px) 100vw, 192px\" \/><\/a><\/p>\n<p><a href=\"http:\/\/lattes.cnpq.br\/3919296050095060\">Curr\u00edculo Lattes<\/a><\/p>\n<p><strong>Orientador:<\/strong> Prof. Dr.\u00a0 Jacson Webber de Menezes<\/p>\n<p><strong>Linha de Pesquisa<\/strong>: Novos Materiais e Suas Aplica\u00e7\u00f5es Tecnol\u00f3gicas<\/p>\n<p><strong>Ingresso<\/strong>: 2021\/1<\/p>\n","protected":false},"excerpt":{"rendered":"<p>Curr\u00edculo Lattes Orientador: Prof. Dr.\u00a0 Jacson Webber de Menezes Linha de Pesquisa: Novos Materiais e Suas Aplica\u00e7\u00f5es Tecnol\u00f3gicas Ingresso: 2021\/1<\/p>\n","protected":false},"author":629,"featured_media":0,"parent":0,"menu_order":0,"comment_status":"closed","ping_status":"closed","template":"","meta":[],"_links":{"self":[{"href":"https:\/\/cursos.unipampa.edu.br\/cursos\/ppeng\/en\/wp-json\/wp\/v2\/pages\/2387"}],"collection":[{"href":"https:\/\/cursos.unipampa.edu.br\/cursos\/ppeng\/en\/wp-json\/wp\/v2\/pages"}],"about":[{"href":"https:\/\/cursos.unipampa.edu.br\/cursos\/ppeng\/en\/wp-json\/wp\/v2\/types\/page"}],"author":[{"embeddable":true,"href":"https:\/\/cursos.unipampa.edu.br\/cursos\/ppeng\/en\/wp-json\/wp\/v2\/users\/629"}],"replies":[{"embeddable":true,"href":"https:\/\/cursos.unipampa.edu.br\/cursos\/ppeng\/en\/wp-json\/wp\/v2\/comments?post=2387"}],"version-history":[{"count":1,"href":"https:\/\/cursos.unipampa.edu.br\/cursos\/ppeng\/en\/wp-json\/wp\/v2\/pages\/2387\/revisions"}],"predecessor-version":[{"id":2389,"href":"https:\/\/cursos.unipampa.edu.br\/cursos\/ppeng\/en\/wp-json\/wp\/v2\/pages\/2387\/revisions\/2389"}],"wp:attachment":[{"href":"https:\/\/cursos.unipampa.edu.br\/cursos\/ppeng\/en\/wp-json\/wp\/v2\/media?parent=2387"}],"curies":[{"name":"wp","href":"https:\/\/api.w.org\/{rel}","templated":true}]}}