
{"id":2370,"date":"2021-06-03T18:24:04","date_gmt":"2021-06-03T21:24:04","guid":{"rendered":"http:\/\/cursos.unipampa.edu.br\/cursos\/ppeng\/?page_id=2370"},"modified":"2021-06-03T18:24:04","modified_gmt":"2021-06-03T21:24:04","slug":"fernanda-franco-pons","status":"publish","type":"page","link":"https:\/\/cursos.unipampa.edu.br\/cursos\/ppeng\/en\/fernanda-franco-pons\/","title":{"rendered":"Fernanda Franco Pons"},"content":{"rendered":"<p style=\"text-align: center\"><a href=\"https:\/\/cursos.unipampa.edu.br\/cursos\/ppeng\/files\/2021\/06\/fernanda.jpg\"><img decoding=\"async\" loading=\"lazy\" class=\"alignnone wp-image-2367\" src=\"https:\/\/cursos.unipampa.edu.br\/cursos\/ppeng\/files\/2021\/06\/fernanda-240x300.jpg\" alt=\"\" width=\"121\" height=\"151\" srcset=\"https:\/\/cursos.unipampa.edu.br\/cursos\/ppeng\/files\/2021\/06\/fernanda-240x300.jpg 240w, https:\/\/cursos.unipampa.edu.br\/cursos\/ppeng\/files\/2021\/06\/fernanda.jpg 512w\" sizes=\"(max-width: 121px) 100vw, 121px\" \/><\/a><\/p>\n<p><a href=\"http:\/\/lattes.cnpq.br\/7794795504473962\">Curr\u00edculo Lattes<\/a><\/p>\n<p><strong>Orientador<\/strong>: Prof. Dr. Jacson Weber de Menezes<\/p>\n<p><strong>Linha de Pesquisa<\/strong>: Novos Materiais e suas Aplica\u00e7\u00f5es Tecnol\u00f3gicas<\/p>\n<p><strong>Ingresso<\/strong>: 2020\/1<\/p>\n","protected":false},"excerpt":{"rendered":"<p>Curr\u00edculo Lattes Orientador: Prof. Dr. Jacson Weber de Menezes Linha de Pesquisa: Novos Materiais e suas Aplica\u00e7\u00f5es Tecnol\u00f3gicas Ingresso: 2020\/1<\/p>\n","protected":false},"author":629,"featured_media":0,"parent":0,"menu_order":0,"comment_status":"closed","ping_status":"closed","template":"","meta":[],"_links":{"self":[{"href":"https:\/\/cursos.unipampa.edu.br\/cursos\/ppeng\/en\/wp-json\/wp\/v2\/pages\/2370"}],"collection":[{"href":"https:\/\/cursos.unipampa.edu.br\/cursos\/ppeng\/en\/wp-json\/wp\/v2\/pages"}],"about":[{"href":"https:\/\/cursos.unipampa.edu.br\/cursos\/ppeng\/en\/wp-json\/wp\/v2\/types\/page"}],"author":[{"embeddable":true,"href":"https:\/\/cursos.unipampa.edu.br\/cursos\/ppeng\/en\/wp-json\/wp\/v2\/users\/629"}],"replies":[{"embeddable":true,"href":"https:\/\/cursos.unipampa.edu.br\/cursos\/ppeng\/en\/wp-json\/wp\/v2\/comments?post=2370"}],"version-history":[{"count":1,"href":"https:\/\/cursos.unipampa.edu.br\/cursos\/ppeng\/en\/wp-json\/wp\/v2\/pages\/2370\/revisions"}],"predecessor-version":[{"id":2371,"href":"https:\/\/cursos.unipampa.edu.br\/cursos\/ppeng\/en\/wp-json\/wp\/v2\/pages\/2370\/revisions\/2371"}],"wp:attachment":[{"href":"https:\/\/cursos.unipampa.edu.br\/cursos\/ppeng\/en\/wp-json\/wp\/v2\/media?parent=2370"}],"curies":[{"name":"wp","href":"https:\/\/api.w.org\/{rel}","templated":true}]}}