
{"id":2354,"date":"2021-06-03T16:03:41","date_gmt":"2021-06-03T19:03:41","guid":{"rendered":"http:\/\/cursos.unipampa.edu.br\/cursos\/ppeng\/?page_id=2354"},"modified":"2021-06-03T16:03:41","modified_gmt":"2021-06-03T19:03:41","slug":"dalmo-paim-de-oliveira","status":"publish","type":"page","link":"https:\/\/cursos.unipampa.edu.br\/cursos\/ppeng\/en\/dalmo-paim-de-oliveira\/","title":{"rendered":"Dalmo Paim de Oliveira"},"content":{"rendered":"<p style=\"text-align: center\"><a href=\"https:\/\/cursos.unipampa.edu.br\/cursos\/ppeng\/files\/2020\/02\/dalmo-paim-de-oliveira.jpg\"><img decoding=\"async\" loading=\"lazy\" class=\"alignnone size-full wp-image-1560\" src=\"https:\/\/cursos.unipampa.edu.br\/cursos\/ppeng\/files\/2020\/02\/dalmo-paim-de-oliveira.jpg\" alt=\"\" width=\"71\" height=\"131\" \/><\/a><\/p>\n<p style=\"text-align: left\"><a href=\"http:\/\/lattes.cnpq.br\/7154796663365356\">Curr\u00edculo Lattes<\/a><\/p>\n<p style=\"text-align: left\"><strong>Orientador<\/strong>: Prof. Dr. Cesar Flaubiano da Cruz Cristaldo<\/p>\n<p><strong>Linha de Pesquisa<\/strong>: Modelagem e Simula\u00e7\u00e3o<\/p>\n<p><strong>Ingresso<\/strong>: 2018\/2<\/p>\n","protected":false},"excerpt":{"rendered":"<p>Curr\u00edculo Lattes Orientador: Prof. Dr. Cesar Flaubiano da Cruz Cristaldo Linha de Pesquisa: Modelagem e Simula\u00e7\u00e3o Ingresso: 2018\/2<\/p>\n","protected":false},"author":629,"featured_media":0,"parent":0,"menu_order":0,"comment_status":"closed","ping_status":"closed","template":"","meta":[],"_links":{"self":[{"href":"https:\/\/cursos.unipampa.edu.br\/cursos\/ppeng\/en\/wp-json\/wp\/v2\/pages\/2354"}],"collection":[{"href":"https:\/\/cursos.unipampa.edu.br\/cursos\/ppeng\/en\/wp-json\/wp\/v2\/pages"}],"about":[{"href":"https:\/\/cursos.unipampa.edu.br\/cursos\/ppeng\/en\/wp-json\/wp\/v2\/types\/page"}],"author":[{"embeddable":true,"href":"https:\/\/cursos.unipampa.edu.br\/cursos\/ppeng\/en\/wp-json\/wp\/v2\/users\/629"}],"replies":[{"embeddable":true,"href":"https:\/\/cursos.unipampa.edu.br\/cursos\/ppeng\/en\/wp-json\/wp\/v2\/comments?post=2354"}],"version-history":[{"count":1,"href":"https:\/\/cursos.unipampa.edu.br\/cursos\/ppeng\/en\/wp-json\/wp\/v2\/pages\/2354\/revisions"}],"predecessor-version":[{"id":2355,"href":"https:\/\/cursos.unipampa.edu.br\/cursos\/ppeng\/en\/wp-json\/wp\/v2\/pages\/2354\/revisions\/2355"}],"wp:attachment":[{"href":"https:\/\/cursos.unipampa.edu.br\/cursos\/ppeng\/en\/wp-json\/wp\/v2\/media?parent=2354"}],"curies":[{"name":"wp","href":"https:\/\/api.w.org\/{rel}","templated":true}]}}