
{"id":2341,"date":"2021-06-03T15:50:12","date_gmt":"2021-06-03T18:50:12","guid":{"rendered":"http:\/\/cursos.unipampa.edu.br\/cursos\/ppeng\/?page_id=2341"},"modified":"2021-06-03T15:50:12","modified_gmt":"2021-06-03T18:50:12","slug":"bibiana-bueno-de-souza-cadore","status":"publish","type":"page","link":"https:\/\/cursos.unipampa.edu.br\/cursos\/ppeng\/en\/bibiana-bueno-de-souza-cadore\/","title":{"rendered":"Bibiana Bueno de Souza Cadore"},"content":{"rendered":"<p><a href=\"https:\/\/cursos.unipampa.edu.br\/cursos\/ppeng\/files\/2021\/06\/bibiana.jpg\"><img decoding=\"async\" loading=\"lazy\" class=\"wp-image-2338 aligncenter\" src=\"https:\/\/cursos.unipampa.edu.br\/cursos\/ppeng\/files\/2021\/06\/bibiana-256x300.jpg\" alt=\"\" width=\"167\" height=\"196\" srcset=\"https:\/\/cursos.unipampa.edu.br\/cursos\/ppeng\/files\/2021\/06\/bibiana-256x300.jpg 256w, https:\/\/cursos.unipampa.edu.br\/cursos\/ppeng\/files\/2021\/06\/bibiana.jpg 611w\" sizes=\"(max-width: 167px) 100vw, 167px\" \/><\/a><\/p>\n<p><a href=\"http:\/\/lattes.cnpq.br\/3678491640755225\">Curr\u00edculo Lattes<\/a><\/p>\n<p>Orientadora: Prof. Dr\u00aa. Chiara Valsecchi<\/p>\n<p>Linha de Pesquisa: Novos Materiais e suas Aplica\u00e7\u00f5es Tecnol\u00f3gicas<\/p>\n<p>Ingresso: 2021\/1<\/p>\n","protected":false},"excerpt":{"rendered":"<p>Curr\u00edculo Lattes Orientadora: Prof. Dr\u00aa. Chiara Valsecchi Linha de Pesquisa: Novos Materiais e suas Aplica\u00e7\u00f5es Tecnol\u00f3gicas Ingresso: 2021\/1<\/p>\n","protected":false},"author":629,"featured_media":0,"parent":0,"menu_order":0,"comment_status":"closed","ping_status":"closed","template":"","meta":[],"_links":{"self":[{"href":"https:\/\/cursos.unipampa.edu.br\/cursos\/ppeng\/en\/wp-json\/wp\/v2\/pages\/2341"}],"collection":[{"href":"https:\/\/cursos.unipampa.edu.br\/cursos\/ppeng\/en\/wp-json\/wp\/v2\/pages"}],"about":[{"href":"https:\/\/cursos.unipampa.edu.br\/cursos\/ppeng\/en\/wp-json\/wp\/v2\/types\/page"}],"author":[{"embeddable":true,"href":"https:\/\/cursos.unipampa.edu.br\/cursos\/ppeng\/en\/wp-json\/wp\/v2\/users\/629"}],"replies":[{"embeddable":true,"href":"https:\/\/cursos.unipampa.edu.br\/cursos\/ppeng\/en\/wp-json\/wp\/v2\/comments?post=2341"}],"version-history":[{"count":1,"href":"https:\/\/cursos.unipampa.edu.br\/cursos\/ppeng\/en\/wp-json\/wp\/v2\/pages\/2341\/revisions"}],"predecessor-version":[{"id":2342,"href":"https:\/\/cursos.unipampa.edu.br\/cursos\/ppeng\/en\/wp-json\/wp\/v2\/pages\/2341\/revisions\/2342"}],"wp:attachment":[{"href":"https:\/\/cursos.unipampa.edu.br\/cursos\/ppeng\/en\/wp-json\/wp\/v2\/media?parent=2341"}],"curies":[{"name":"wp","href":"https:\/\/api.w.org\/{rel}","templated":true}]}}