
{"id":2292,"date":"2021-06-03T13:34:17","date_gmt":"2021-06-03T16:34:17","guid":{"rendered":"http:\/\/cursos.unipampa.edu.br\/cursos\/ppeng\/?page_id=2292"},"modified":"2021-06-03T13:55:24","modified_gmt":"2021-06-03T16:55:24","slug":"tecnicas-de-caracterizacao-dos-materiais-ii","status":"publish","type":"page","link":"https:\/\/cursos.unipampa.edu.br\/cursos\/ppeng\/en\/tecnicas-de-caracterizacao-dos-materiais-ii\/","title":{"rendered":"T\u00e9cnicas de caracteriza\u00e7\u00e3o dos Materiais II"},"content":{"rendered":"<p><\/p>\n<p style=\"text-align: justify\"><strong>C\u00f3digo<\/strong>: AL5070<\/p>\n<p style=\"text-align: justify\"><strong>Cr\u00e9ditos<\/strong>: 2<\/p>\n<p style=\"text-align: justify\"><strong>Disciplina obrigat\u00f3ria<\/strong>: N\u00e3o<\/p>\n<p style=\"text-align: justify\"><strong>Semestre de oferta<\/strong>: 2\u00ba Semestre<\/p>\n<p style=\"text-align: justify\"><strong>Docente<\/strong>: Jacson Webber de Menezes<\/p>\n<hr \/>\n<p style=\"text-align: justify\"><strong>Ementa<\/strong>:<br \/>\nMicroscopia \u00f3ptica. Microscopia eletr\u00f4nica de varredura. Microscopia eletr\u00f4nica de transmiss\u00e3o. Microscopia de for\u00e7a at\u00f4mica. Espectrofotometria. Espectroscopia vibracional. Espectroscopia de Emiss\u00e3o \u00d3tica.<\/p>\n<hr \/>\n<p style=\"text-align: justify\"><strong>Bibliografia<\/strong>:<\/p>\n<ol style=\"text-align: justify\">\n<li>LENG, Y. Materials Characterization: Introduction to Microscopic and Spectroscopic Methods, 1a ed. John Wiley e Sons, 2008.<\/li>\n<li>BRUNDLE, C.R.;EVANS, C. A.; WILSON, S. Encyclopedia of materials characterization. Butterworth-Heinneman, 1992.<\/li>\n<li>GOLDSTEIN,J. Scanning Electron Microscopy and X-ray Microanalysis. 3a ed., Nova Iorque: Springer, 2003.<\/li>\n<li>EGERTON,R. Physical Principles of Electron Microscopy: An Introduction to TEM, SEM, and AEM. Nova Iorque: Springer, 2005.<\/li>\n<li>DAVID B. WILLIAMS C.; CARTER, B. Transmission Electron Microscopy: A Textbook for Materials Science. 2a ed., Nova Iorque: Springer, 2004.<\/li>\n<\/ol>\n<hr \/>\n<p style=\"text-align: justify\">\n<p><\/p>","protected":false},"excerpt":{"rendered":"<p>C\u00f3digo: AL5070 Cr\u00e9ditos: 2 Disciplina obrigat\u00f3ria: N\u00e3o Semestre de oferta: 2\u00ba Semestre Docente: Jacson Webber de Menezes Ementa: Microscopia \u00f3ptica. Microscopia eletr\u00f4nica de varredura. Microscopia eletr\u00f4nica de transmiss\u00e3o. Microscopia de for\u00e7a at\u00f4mica. Espectrofotometria. Espectroscopia vibracional. Espectroscopia de Emiss\u00e3o \u00d3tica. Bibliografia: LENG, Y. Materials Characterization: Introduction to Microscopic and Spectroscopic Methods, 1a ed. John Wiley e [&hellip;]<\/p>\n","protected":false},"author":629,"featured_media":0,"parent":0,"menu_order":0,"comment_status":"closed","ping_status":"closed","template":"","meta":[],"_links":{"self":[{"href":"https:\/\/cursos.unipampa.edu.br\/cursos\/ppeng\/en\/wp-json\/wp\/v2\/pages\/2292"}],"collection":[{"href":"https:\/\/cursos.unipampa.edu.br\/cursos\/ppeng\/en\/wp-json\/wp\/v2\/pages"}],"about":[{"href":"https:\/\/cursos.unipampa.edu.br\/cursos\/ppeng\/en\/wp-json\/wp\/v2\/types\/page"}],"author":[{"embeddable":true,"href":"https:\/\/cursos.unipampa.edu.br\/cursos\/ppeng\/en\/wp-json\/wp\/v2\/users\/629"}],"replies":[{"embeddable":true,"href":"https:\/\/cursos.unipampa.edu.br\/cursos\/ppeng\/en\/wp-json\/wp\/v2\/comments?post=2292"}],"version-history":[{"count":2,"href":"https:\/\/cursos.unipampa.edu.br\/cursos\/ppeng\/en\/wp-json\/wp\/v2\/pages\/2292\/revisions"}],"predecessor-version":[{"id":2302,"href":"https:\/\/cursos.unipampa.edu.br\/cursos\/ppeng\/en\/wp-json\/wp\/v2\/pages\/2292\/revisions\/2302"}],"wp:attachment":[{"href":"https:\/\/cursos.unipampa.edu.br\/cursos\/ppeng\/en\/wp-json\/wp\/v2\/media?parent=2292"}],"curies":[{"name":"wp","href":"https:\/\/api.w.org\/{rel}","templated":true}]}}