
{"id":2288,"date":"2021-06-03T13:30:57","date_gmt":"2021-06-03T16:30:57","guid":{"rendered":"http:\/\/cursos.unipampa.edu.br\/cursos\/ppeng\/?page_id=2288"},"modified":"2021-06-03T13:55:29","modified_gmt":"2021-06-03T16:55:29","slug":"tecnicas-de-caracterizacao-dos-materiais-i","status":"publish","type":"page","link":"https:\/\/cursos.unipampa.edu.br\/cursos\/ppeng\/en\/tecnicas-de-caracterizacao-dos-materiais-i\/","title":{"rendered":"T\u00e9cnicas de caracteriza\u00e7\u00e3o dos materiais I"},"content":{"rendered":"<p><\/p>\n<p style=\"text-align: justify\"><strong>C\u00f3digo<\/strong>: AL5069<\/p>\n<p style=\"text-align: justify\"><strong>Cr\u00e9ditos<\/strong>: 2<\/p>\n<p style=\"text-align: justify\"><strong>Disciplina obrigat\u00f3ria<\/strong>: N\u00e3o<\/p>\n<p style=\"text-align: justify\"><strong>Semestre de oferta<\/strong>: 1\u00ba Semestre<\/p>\n<p style=\"text-align: justify\"><strong>Docente<\/strong>: Chiara Valsecchi<\/p>\n<hr \/>\n<p style=\"text-align: justify\"><strong>Ementa<\/strong>:<br \/>\nPrinc\u00edpios b\u00e1sicos da Cristalografia. Difra\u00e7\u00e3o de Raios-X. M\u00e9todos Difratogr\u00e1ficos. An\u00e1lise da Estrutura dos Cristais. Intera\u00e7\u00e3o da Radia\u00e7\u00e3o com a Mat\u00e9ria (Radia\u00e7\u00e3o Eletromagn\u00e9tica, El\u00e9trons, Pr\u00f3tons e N\u00eautrons). Espectroscopia na regi\u00e3o do infravermelho<\/p>\n<hr \/>\n<p style=\"text-align: justify\"><strong>Bibliografia<\/strong>:<\/p>\n<ol style=\"text-align: justify\">\n<li>CULLYTI, B.D. Elements of X-Ray Diffraction. 3a ed., Londres: Addson-Wesley Publishing Company, Inc., 1978.<\/li>\n<li>BRANDON, D.; KAPLAN, W. D., Microstructural Chracterization of Materials. 2a ed. Nova Jersey: John Wiley &amp; Sons, Inc., 2008.<\/li>\n<li>GOLDSTEIN,J. Scanning Electron Microscopy and X-ray Microanalysis. 3a ed., Nova Iorque: Springer, 2003.<\/li>\n<\/ol>\n<hr \/>\n<p style=\"text-align: justify\">\n<p><\/p>","protected":false},"excerpt":{"rendered":"<p>C\u00f3digo: AL5069 Cr\u00e9ditos: 2 Disciplina obrigat\u00f3ria: N\u00e3o Semestre de oferta: 1\u00ba Semestre Docente: Chiara Valsecchi Ementa: Princ\u00edpios b\u00e1sicos da Cristalografia. Difra\u00e7\u00e3o de Raios-X. M\u00e9todos Difratogr\u00e1ficos. An\u00e1lise da Estrutura dos Cristais. Intera\u00e7\u00e3o da Radia\u00e7\u00e3o com a Mat\u00e9ria (Radia\u00e7\u00e3o Eletromagn\u00e9tica, El\u00e9trons, Pr\u00f3tons e N\u00eautrons). Espectroscopia na regi\u00e3o do infravermelho Bibliografia: CULLYTI, B.D. Elements of X-Ray Diffraction. 3a [&hellip;]<\/p>\n","protected":false},"author":629,"featured_media":0,"parent":0,"menu_order":0,"comment_status":"closed","ping_status":"closed","template":"","meta":[],"_links":{"self":[{"href":"https:\/\/cursos.unipampa.edu.br\/cursos\/ppeng\/en\/wp-json\/wp\/v2\/pages\/2288"}],"collection":[{"href":"https:\/\/cursos.unipampa.edu.br\/cursos\/ppeng\/en\/wp-json\/wp\/v2\/pages"}],"about":[{"href":"https:\/\/cursos.unipampa.edu.br\/cursos\/ppeng\/en\/wp-json\/wp\/v2\/types\/page"}],"author":[{"embeddable":true,"href":"https:\/\/cursos.unipampa.edu.br\/cursos\/ppeng\/en\/wp-json\/wp\/v2\/users\/629"}],"replies":[{"embeddable":true,"href":"https:\/\/cursos.unipampa.edu.br\/cursos\/ppeng\/en\/wp-json\/wp\/v2\/comments?post=2288"}],"version-history":[{"count":3,"href":"https:\/\/cursos.unipampa.edu.br\/cursos\/ppeng\/en\/wp-json\/wp\/v2\/pages\/2288\/revisions"}],"predecessor-version":[{"id":2303,"href":"https:\/\/cursos.unipampa.edu.br\/cursos\/ppeng\/en\/wp-json\/wp\/v2\/pages\/2288\/revisions\/2303"}],"wp:attachment":[{"href":"https:\/\/cursos.unipampa.edu.br\/cursos\/ppeng\/en\/wp-json\/wp\/v2\/media?parent=2288"}],"curies":[{"name":"wp","href":"https:\/\/api.w.org\/{rel}","templated":true}]}}