
{"id":2281,"date":"2021-06-03T13:02:02","date_gmt":"2021-06-03T16:02:02","guid":{"rendered":"http:\/\/cursos.unipampa.edu.br\/cursos\/ppeng\/?page_id=2281"},"modified":"2025-05-23T19:54:51","modified_gmt":"2025-05-23T22:54:51","slug":"materiais-compositos","status":"publish","type":"page","link":"https:\/\/cursos.unipampa.edu.br\/cursos\/ppeng\/en\/materiais-compositos\/","title":{"rendered":"Materiais comp\u00f3sitos"},"content":{"rendered":"<p><\/p>\n<p style=\"text-align: justify\"><strong>C\u00f3digo<\/strong>: AL5079<\/p>\n<p style=\"text-align: justify\"><strong>Cr\u00e9ditos<\/strong>: 4<\/p>\n<p style=\"text-align: justify\"><strong>Disciplina obrigat\u00f3ria<\/strong>: N\u00e3o<\/p>\n<p style=\"text-align: justify\"><strong>Semestre de oferta<\/strong>: 2\u00ba Semestre<\/p>\n<p style=\"text-align: justify\"><strong>Docente<\/strong>: Ederli Marangon<\/p>\n<hr \/>\n<p style=\"text-align: justify\"><strong>Ementa<\/strong>:<br \/>\nIntrodu\u00e7\u00e3o; Fibras e matrizes; Interface fibra-matriz; Efici\u00eancia do refor\u00e7o; T\u00e9cnicas de produ\u00e7\u00e3o; Propriedades de interesse.<\/p>\n<hr \/>\n<p style=\"text-align: justify\"><strong>Bibliografia<\/strong>:<\/p>\n<ol style=\"text-align: justify\">\n<li>Agarwal, Bhagwan D., Analysis and performance of fiber composites \/ 3rd ed. Hoboken, NJ : John Wiley &amp; Sons, c2006.<\/li>\n<li>Alegrete Mallick, P. K., Fiber-reinforced composites :materials, manufacturing, and design \/ 3rd ed. Boca Raton, FL : CRC Press, c2008.<\/li>\n<li>BENTUR, A.; MINDESS, S. Fiber Reinforced Cementitious Composites. London: Elsevier Applied Science, 447 p. 1990.<\/li>\n<\/ol>\n<hr \/>\n<p style=\"text-align: justify\">\n<p><\/p>","protected":false},"excerpt":{"rendered":"<p>C\u00f3digo: AL5079 Cr\u00e9ditos: 4 Disciplina obrigat\u00f3ria: N\u00e3o Semestre de oferta: 2\u00ba Semestre Docente: Ederli Marangon Ementa: Introdu\u00e7\u00e3o; Fibras e matrizes; Interface fibra-matriz; Efici\u00eancia do refor\u00e7o; T\u00e9cnicas de produ\u00e7\u00e3o; Propriedades de interesse. Bibliografia: Agarwal, Bhagwan D., Analysis and performance of fiber composites \/ 3rd ed. Hoboken, NJ : John Wiley &amp; Sons, c2006. Alegrete Mallick, P. [&hellip;]<\/p>\n","protected":false},"author":629,"featured_media":0,"parent":0,"menu_order":0,"comment_status":"closed","ping_status":"closed","template":"","meta":[],"_links":{"self":[{"href":"https:\/\/cursos.unipampa.edu.br\/cursos\/ppeng\/en\/wp-json\/wp\/v2\/pages\/2281"}],"collection":[{"href":"https:\/\/cursos.unipampa.edu.br\/cursos\/ppeng\/en\/wp-json\/wp\/v2\/pages"}],"about":[{"href":"https:\/\/cursos.unipampa.edu.br\/cursos\/ppeng\/en\/wp-json\/wp\/v2\/types\/page"}],"author":[{"embeddable":true,"href":"https:\/\/cursos.unipampa.edu.br\/cursos\/ppeng\/en\/wp-json\/wp\/v2\/users\/629"}],"replies":[{"embeddable":true,"href":"https:\/\/cursos.unipampa.edu.br\/cursos\/ppeng\/en\/wp-json\/wp\/v2\/comments?post=2281"}],"version-history":[{"count":2,"href":"https:\/\/cursos.unipampa.edu.br\/cursos\/ppeng\/en\/wp-json\/wp\/v2\/pages\/2281\/revisions"}],"predecessor-version":[{"id":2283,"href":"https:\/\/cursos.unipampa.edu.br\/cursos\/ppeng\/en\/wp-json\/wp\/v2\/pages\/2281\/revisions\/2283"}],"wp:attachment":[{"href":"https:\/\/cursos.unipampa.edu.br\/cursos\/ppeng\/en\/wp-json\/wp\/v2\/media?parent=2281"}],"curies":[{"name":"wp","href":"https:\/\/api.w.org\/{rel}","templated":true}]}}