
{"id":2269,"date":"2021-06-03T12:40:56","date_gmt":"2021-06-03T15:40:56","guid":{"rendered":"http:\/\/cursos.unipampa.edu.br\/cursos\/ppeng\/?page_id=2269"},"modified":"2025-05-23T19:53:01","modified_gmt":"2025-05-23T22:53:01","slug":"fundamentos-de-analise-experimental-de-estruturas","status":"publish","type":"page","link":"https:\/\/cursos.unipampa.edu.br\/cursos\/ppeng\/en\/fundamentos-de-analise-experimental-de-estruturas\/","title":{"rendered":"Fundamentos de an\u00e1lise experimental de estruturas"},"content":{"rendered":"<p><strong>C\u00f3digo<\/strong>: AL5072<\/p>\n<p><strong>Cr\u00e9ditos<\/strong>: 2<\/p>\n<p><strong>Disciplina obrigat\u00f3ria<\/strong>: N\u00e3o<\/p>\n<p><strong>Semestre de oferta<\/strong>: 2\u00ba Semestre*<\/p>\n<p><strong>Docente<\/strong>: Alisson Simonetti Milani<\/p>\n<hr \/>\n<p><strong>Ementa<\/strong>:<br \/>\nPrinc\u00edpios gerais de extensometria e aquisi\u00e7\u00e3o de dados. Transdutores mec\u00e2nicos e indutivos. Extens\u00f4metros el\u00e9tricos. Equipamentos de aplica\u00e7\u00e3o de cargas e estruturas de rea\u00e7\u00e3o. An\u00e1lise de resultados experimentais. Aplica\u00e7\u00e3o pr\u00e1tica e realiza\u00e7\u00e3o de ensaios em laborat\u00f3rio.<\/p>\n<hr \/>\n<p><strong>Bibliografia<\/strong>:<\/p>\n<ol>\n<li>DALLY, J. W.; RILEY, W. F. Experimental stress analysis. 3a ed. Nova Iorque: McGraw-Hill, 1991.<\/li>\n<li>VILLA\u00c7A, S. F.; TABORDA GARCIA, L. F. Introdu\u00e7\u00e3o \u00e0 Teoria da Elasticidade. Rio de Janeiro: COPPE\/UFRJ, 1996.<\/li>\n<li>HOFFMANN, K. An Introduction to Measurements using strain gages. Alsbach: Hottinger Baldwin Messtechnik GmbH, 1989.<\/li>\n<li>CARNEIRO, F. L. An\u00e1lise Dimensional e Teoria da Semelhan\u00e7a e dos Modelos F\u00edsicos. 2a ed., Rio de Janeiro: Editora UFRJ, 1996.<\/li>\n<li>ATANACKOVIC, T. M.; GURAN, A. Theory of Elasticity for Scientists and Engineers. Ioque: Birkh\u00e4user Boston, 2000.<\/li>\n<\/ol>\n<hr \/>\n<p>* Oferta condicionada \u00e0 demanda.<\/p>","protected":false},"excerpt":{"rendered":"<p>C\u00f3digo: AL5072 Cr\u00e9ditos: 2 Disciplina obrigat\u00f3ria: N\u00e3o Semestre de oferta: 2\u00ba Semestre* Docente: Alisson Simonetti Milani Ementa: Princ\u00edpios gerais de extensometria e aquisi\u00e7\u00e3o de dados. Transdutores mec\u00e2nicos e indutivos. Extens\u00f4metros el\u00e9tricos. Equipamentos de aplica\u00e7\u00e3o de cargas e estruturas de rea\u00e7\u00e3o. An\u00e1lise de resultados experimentais. Aplica\u00e7\u00e3o pr\u00e1tica e realiza\u00e7\u00e3o de ensaios em laborat\u00f3rio. Bibliografia: DALLY, J. [&hellip;]<\/p>\n","protected":false},"author":629,"featured_media":0,"parent":0,"menu_order":0,"comment_status":"closed","ping_status":"closed","template":"","meta":[],"_links":{"self":[{"href":"https:\/\/cursos.unipampa.edu.br\/cursos\/ppeng\/en\/wp-json\/wp\/v2\/pages\/2269"}],"collection":[{"href":"https:\/\/cursos.unipampa.edu.br\/cursos\/ppeng\/en\/wp-json\/wp\/v2\/pages"}],"about":[{"href":"https:\/\/cursos.unipampa.edu.br\/cursos\/ppeng\/en\/wp-json\/wp\/v2\/types\/page"}],"author":[{"embeddable":true,"href":"https:\/\/cursos.unipampa.edu.br\/cursos\/ppeng\/en\/wp-json\/wp\/v2\/users\/629"}],"replies":[{"embeddable":true,"href":"https:\/\/cursos.unipampa.edu.br\/cursos\/ppeng\/en\/wp-json\/wp\/v2\/comments?post=2269"}],"version-history":[{"count":3,"href":"https:\/\/cursos.unipampa.edu.br\/cursos\/ppeng\/en\/wp-json\/wp\/v2\/pages\/2269\/revisions"}],"predecessor-version":[{"id":3754,"href":"https:\/\/cursos.unipampa.edu.br\/cursos\/ppeng\/en\/wp-json\/wp\/v2\/pages\/2269\/revisions\/3754"}],"wp:attachment":[{"href":"https:\/\/cursos.unipampa.edu.br\/cursos\/ppeng\/en\/wp-json\/wp\/v2\/media?parent=2269"}],"curies":[{"name":"wp","href":"https:\/\/api.w.org\/{rel}","templated":true}]}}