
{"id":2265,"date":"2021-06-03T12:34:17","date_gmt":"2021-06-03T15:34:17","guid":{"rendered":"http:\/\/cursos.unipampa.edu.br\/cursos\/ppeng\/?page_id=2265"},"modified":"2025-05-23T19:57:49","modified_gmt":"2025-05-23T22:57:49","slug":"topicos-especiais-em-tecnologia-dos-materiais-e-meio-ambiente-ii","status":"publish","type":"page","link":"https:\/\/cursos.unipampa.edu.br\/cursos\/ppeng\/en\/topicos-especiais-em-tecnologia-dos-materiais-e-meio-ambiente-ii\/","title":{"rendered":"T\u00f3picos especiais em Tecnologia dos Materiais e Meio Ambiente II"},"content":{"rendered":"<p><strong>C\u00f3digo<\/strong>: AL50XX<\/p>\n<p><strong>Cr\u00e9ditos<\/strong>: 2<\/p>\n<p><strong>Disciplina obrigat\u00f3ria<\/strong>: N\u00e3o<\/p>\n<p><strong>Semestre de oferta<\/strong>: Sem semestre definido<\/p>\n<p><strong>Docente<\/strong>: Sem docente definido<\/p>\n<hr \/>\n<p><strong>Ementa<\/strong>:<br \/>\nEmenta vari\u00e1vel. Esta disciplina consiste no estudo de t\u00f3picos variados, e que podem ser lecionados, inclusive, por professores convidados e externos ao programa de p\u00f3s-gradua\u00e7\u00e3o. O conte\u00fado abordado nestes t\u00f3picos possibilitar\u00e1 o estudante a se familiarizar com t\u00e9cnicas, ferramentas ou teorias que ser\u00e3o \u00fateis no desenvolvimento da disserta\u00e7\u00e3o de mestrado.<\/p>\n<hr \/>\n<p><strong>Bibliografia<\/strong>:<br \/>\nDeterminada pelo docente, de acordo com o t\u00f3pico especial abordado.<\/p>","protected":false},"excerpt":{"rendered":"<p>C\u00f3digo: AL50XX Cr\u00e9ditos: 2 Disciplina obrigat\u00f3ria: N\u00e3o Semestre de oferta: Sem semestre definido Docente: Sem docente definido Ementa: Ementa vari\u00e1vel. Esta disciplina consiste no estudo de t\u00f3picos variados, e que podem ser lecionados, inclusive, por professores convidados e externos ao programa de p\u00f3s-gradua\u00e7\u00e3o. O conte\u00fado abordado nestes t\u00f3picos possibilitar\u00e1 o estudante a se familiarizar com [&hellip;]<\/p>\n","protected":false},"author":629,"featured_media":0,"parent":0,"menu_order":0,"comment_status":"closed","ping_status":"closed","template":"","meta":[],"_links":{"self":[{"href":"https:\/\/cursos.unipampa.edu.br\/cursos\/ppeng\/en\/wp-json\/wp\/v2\/pages\/2265"}],"collection":[{"href":"https:\/\/cursos.unipampa.edu.br\/cursos\/ppeng\/en\/wp-json\/wp\/v2\/pages"}],"about":[{"href":"https:\/\/cursos.unipampa.edu.br\/cursos\/ppeng\/en\/wp-json\/wp\/v2\/types\/page"}],"author":[{"embeddable":true,"href":"https:\/\/cursos.unipampa.edu.br\/cursos\/ppeng\/en\/wp-json\/wp\/v2\/users\/629"}],"replies":[{"embeddable":true,"href":"https:\/\/cursos.unipampa.edu.br\/cursos\/ppeng\/en\/wp-json\/wp\/v2\/comments?post=2265"}],"version-history":[{"count":3,"href":"https:\/\/cursos.unipampa.edu.br\/cursos\/ppeng\/en\/wp-json\/wp\/v2\/pages\/2265\/revisions"}],"predecessor-version":[{"id":3764,"href":"https:\/\/cursos.unipampa.edu.br\/cursos\/ppeng\/en\/wp-json\/wp\/v2\/pages\/2265\/revisions\/3764"}],"wp:attachment":[{"href":"https:\/\/cursos.unipampa.edu.br\/cursos\/ppeng\/en\/wp-json\/wp\/v2\/media?parent=2265"}],"curies":[{"name":"wp","href":"https:\/\/api.w.org\/{rel}","templated":true}]}}