
{"id":2259,"date":"2021-06-03T12:28:18","date_gmt":"2021-06-03T15:28:18","guid":{"rendered":"http:\/\/cursos.unipampa.edu.br\/cursos\/ppeng\/?page_id=2259"},"modified":"2025-05-23T19:52:57","modified_gmt":"2025-05-23T22:52:57","slug":"analise-estrutural","status":"publish","type":"page","link":"https:\/\/cursos.unipampa.edu.br\/cursos\/ppeng\/en\/analise-estrutural\/","title":{"rendered":"An\u00e1lise estrutural"},"content":{"rendered":"<p><strong>C\u00f3digo<\/strong>: AL50XX<\/p>\n<p><strong>Cr\u00e9ditos<\/strong>: 2<\/p>\n<p><strong>Disciplina obrigat\u00f3ria<\/strong>: N\u00e3o<\/p>\n<p><strong>Semestre de oferta<\/strong>: 1\u00ba Semestre<\/p>\n<p><strong>Docente<\/strong>: Alisson Simonetti Milani<\/p>\n<hr \/>\n<p><strong>Ementa<\/strong>:<br \/>\nModelos para an\u00e1lise de estruturas. Comportamento mec\u00e2nico dos materiais na an\u00e1lise das estruturas. Intera\u00e7\u00e3o solo-estrutura. Intera\u00e7\u00e3o da a\u00e7\u00e3o do vento com as estruturas.<\/p>\n<hr \/>\n<p><strong>Bibliografia<\/strong>:<br \/>\n1. ASSOCIA\u00c7\u00c3O BRASILEIRA DE NORMAS T\u00c9CNICAS; NBR 6118: Projeto de estruturas de concreto &#8211; Procedimento. ABNT; Rio de Janeiro; 2014.<br \/>\n2. BLESSMANN, J. Aerodin\u00e2mica das Constru\u00e7\u00f5es. 3\u00aa ed., Ed. UFRGS, Porto Alegre 2011.<br \/>\n3. BLESSMANN, J. O Vento na Engenharia Estrutural. 2\u00aa ed. Ed. UFRGS, Porto Alegre, 2013.<br \/>\n4. BUENO, S.; KIMURA, A. ABNT NBR 6118:2014 Coment\u00e1rios e Exemplos de Aplica\u00e7\u00e3o. 1\u00aa Ed. S\u00e3o Paulo: Editora Ibracon, 2015.<br \/>\n5. TAMURA, Y. e KAREEM. A. Advanced Structural Wind Engineering. 1\u00aa ed, Ed. Springer, Japan, 2013.<br \/>\n6. VELLOSO, D. A.; LOPES, F. R. Funda\u00e7\u00f5es \u2013 Volume completo. 1\u00aa Ed. S\u00e3o Paulo: Oficina de Textos. 2011.<\/p>","protected":false},"excerpt":{"rendered":"<p>C\u00f3digo: AL50XX Cr\u00e9ditos: 2 Disciplina obrigat\u00f3ria: N\u00e3o Semestre de oferta: 1\u00ba Semestre Docente: Alisson Simonetti Milani Ementa: Modelos para an\u00e1lise de estruturas. Comportamento mec\u00e2nico dos materiais na an\u00e1lise das estruturas. Intera\u00e7\u00e3o solo-estrutura. Intera\u00e7\u00e3o da a\u00e7\u00e3o do vento com as estruturas. Bibliografia: 1. ASSOCIA\u00c7\u00c3O BRASILEIRA DE NORMAS T\u00c9CNICAS; NBR 6118: Projeto de estruturas de concreto &#8211; [&hellip;]<\/p>\n","protected":false},"author":629,"featured_media":0,"parent":0,"menu_order":0,"comment_status":"closed","ping_status":"closed","template":"","meta":[],"_links":{"self":[{"href":"https:\/\/cursos.unipampa.edu.br\/cursos\/ppeng\/en\/wp-json\/wp\/v2\/pages\/2259"}],"collection":[{"href":"https:\/\/cursos.unipampa.edu.br\/cursos\/ppeng\/en\/wp-json\/wp\/v2\/pages"}],"about":[{"href":"https:\/\/cursos.unipampa.edu.br\/cursos\/ppeng\/en\/wp-json\/wp\/v2\/types\/page"}],"author":[{"embeddable":true,"href":"https:\/\/cursos.unipampa.edu.br\/cursos\/ppeng\/en\/wp-json\/wp\/v2\/users\/629"}],"replies":[{"embeddable":true,"href":"https:\/\/cursos.unipampa.edu.br\/cursos\/ppeng\/en\/wp-json\/wp\/v2\/comments?post=2259"}],"version-history":[{"count":2,"href":"https:\/\/cursos.unipampa.edu.br\/cursos\/ppeng\/en\/wp-json\/wp\/v2\/pages\/2259\/revisions"}],"predecessor-version":[{"id":3752,"href":"https:\/\/cursos.unipampa.edu.br\/cursos\/ppeng\/en\/wp-json\/wp\/v2\/pages\/2259\/revisions\/3752"}],"wp:attachment":[{"href":"https:\/\/cursos.unipampa.edu.br\/cursos\/ppeng\/en\/wp-json\/wp\/v2\/media?parent=2259"}],"curies":[{"name":"wp","href":"https:\/\/api.w.org\/{rel}","templated":true}]}}