
{"id":2233,"date":"2021-06-03T11:38:34","date_gmt":"2021-06-03T14:38:34","guid":{"rendered":"http:\/\/cursos.unipampa.edu.br\/cursos\/ppeng\/?page_id=2233"},"modified":"2025-05-23T19:54:47","modified_gmt":"2025-05-23T22:54:47","slug":"metodos-matematicos-em-engenharia","status":"publish","type":"page","link":"https:\/\/cursos.unipampa.edu.br\/cursos\/ppeng\/en\/metodos-matematicos-em-engenharia\/","title":{"rendered":"M\u00e9todos matem\u00e1ticos em engenharia"},"content":{"rendered":"<p><strong>C\u00f3digo<\/strong>: AL50XX<\/p>\n<p><strong>Cr\u00e9ditos<\/strong>: 4<\/p>\n<p><strong>Disciplina obrigat\u00f3ria<\/strong>: N\u00e3o<\/p>\n<p><strong>Docente<\/strong>: Felipe Denardin Costa<\/p>\n<p><strong>Semestre de oferta<\/strong>: 2\u00ba Semestre*<\/p>\n<hr \/>\n<p><strong>Ementa<\/strong>:<br \/>\nintrodu\u00e7\u00e3o ao estudo dos tensores, Operador Diferencial Linear, Equa\u00e7\u00e3o diferencias ordin\u00e1rias lineares, primeira ordem, exist\u00eancia e unicidade de solu\u00e7\u00e3o, wronskiano; Equa\u00e7\u00f5es homog\u00eaneas e n\u00e3o homog\u00eaneas, m\u00e9todos usuais de solu\u00e7\u00e3o, solu\u00e7\u00e3o por s\u00e9rie de pot\u00eancias. A transformada de Laplace. Problemas de contorno para EDO. Equa\u00e7\u00f5es diferenciais parciais: tipos cl\u00e1ssicos, separa\u00e7\u00e3o de vari\u00e1veis e aplica\u00e7\u00f5es.<\/p>\n<hr \/>\n<p><strong>Bibliografia<\/strong>:<br \/>\n1. ARFKEN, George; WEBER, Hans Hermann. F\u00edsica matem\u00e1tica: m\u00e9todos matem\u00e1ticos para engenharia e f\u00edsica. Elsevier, 2007.<br \/>\n2. O&#8217;NEIL, Peter V. Advanced engineering mathematics. Cengage learning, 2017.<br \/>\n3. BOYCE, William E.; DIPRIMA, Richard C.; MEADE, Douglas B. Elementary differential equations. John Wiley &amp; Sons, 2017.<br \/>\n4. BUTKOV, Eugene. F\u00edsica matem\u00e1tica. Livros T\u00e9cnicos e Cient\u00edficos, 1988.<br \/>\n5. \u00c7ENGEL, Yunus A.; PALM, William John. Differential Equations for Engineers and Scientists. McGraw Hill, 2013.<\/p>\n<hr \/>\n<p>* A oferta da disciplina \u00e9 condicionada a demanda.<\/p>","protected":false},"excerpt":{"rendered":"<p>C\u00f3digo: AL50XX Cr\u00e9ditos: 4 Disciplina obrigat\u00f3ria: N\u00e3o Docente: Felipe Denardin Costa Semestre de oferta: 2\u00ba Semestre* Ementa: introdu\u00e7\u00e3o ao estudo dos tensores, Operador Diferencial Linear, Equa\u00e7\u00e3o diferencias ordin\u00e1rias lineares, primeira ordem, exist\u00eancia e unicidade de solu\u00e7\u00e3o, wronskiano; Equa\u00e7\u00f5es homog\u00eaneas e n\u00e3o homog\u00eaneas, m\u00e9todos usuais de solu\u00e7\u00e3o, solu\u00e7\u00e3o por s\u00e9rie de pot\u00eancias. A transformada de Laplace. [&hellip;]<\/p>\n","protected":false},"author":629,"featured_media":0,"parent":0,"menu_order":0,"comment_status":"closed","ping_status":"closed","template":"","meta":[],"_links":{"self":[{"href":"https:\/\/cursos.unipampa.edu.br\/cursos\/ppeng\/en\/wp-json\/wp\/v2\/pages\/2233"}],"collection":[{"href":"https:\/\/cursos.unipampa.edu.br\/cursos\/ppeng\/en\/wp-json\/wp\/v2\/pages"}],"about":[{"href":"https:\/\/cursos.unipampa.edu.br\/cursos\/ppeng\/en\/wp-json\/wp\/v2\/types\/page"}],"author":[{"embeddable":true,"href":"https:\/\/cursos.unipampa.edu.br\/cursos\/ppeng\/en\/wp-json\/wp\/v2\/users\/629"}],"replies":[{"embeddable":true,"href":"https:\/\/cursos.unipampa.edu.br\/cursos\/ppeng\/en\/wp-json\/wp\/v2\/comments?post=2233"}],"version-history":[{"count":5,"href":"https:\/\/cursos.unipampa.edu.br\/cursos\/ppeng\/en\/wp-json\/wp\/v2\/pages\/2233\/revisions"}],"predecessor-version":[{"id":3757,"href":"https:\/\/cursos.unipampa.edu.br\/cursos\/ppeng\/en\/wp-json\/wp\/v2\/pages\/2233\/revisions\/3757"}],"wp:attachment":[{"href":"https:\/\/cursos.unipampa.edu.br\/cursos\/ppeng\/en\/wp-json\/wp\/v2\/media?parent=2233"}],"curies":[{"name":"wp","href":"https:\/\/api.w.org\/{rel}","templated":true}]}}