
{"id":2231,"date":"2021-06-03T11:30:51","date_gmt":"2021-06-03T14:30:51","guid":{"rendered":"http:\/\/cursos.unipampa.edu.br\/cursos\/ppeng\/?page_id=2231"},"modified":"2025-05-22T22:01:54","modified_gmt":"2025-05-23T01:01:54","slug":"planejamento-experimental-e-otimizacao-de-processos","status":"publish","type":"page","link":"https:\/\/cursos.unipampa.edu.br\/cursos\/ppeng\/en\/planejamento-experimental-e-otimizacao-de-processos\/","title":{"rendered":"Planejamento experimental e otimiza\u00e7\u00e3o de processos"},"content":{"rendered":"<p><\/p>\n<div class=\"row\">\n<div class=\"row\">\n<div class=\"row\">\n<div class=\"row\">\n<div class=\"row\">\n<div class=\"row\"><label class=\"control-label\" style=\"text-align: justify\"><strong>C\u00f3digo<\/strong>: AL5025<\/label><\/div>\n<div><\/div>\n<div class=\"row\">\n<div style=\"text-align: justify\">\n<div class=\"row\">\n<div class=\"col-md-2\"><label class=\"control-label\"><strong>Cr\u00e9ditos<\/strong>: 2<\/label><\/div>\n<div><\/div>\n<div><strong>Disciplina Obrigat\u00f3ria<\/strong>: Sim<\/div>\n<\/div>\n<\/div>\n<\/div>\n<div><\/div>\n<div><strong>Semestre de oferta<\/strong>: 1\u00ba semestre<\/div>\n<div><\/div>\n<div><strong>Docente<\/strong>: Luis Enrique Gomes Armas<\/div>\n<div><\/div>\n<div>\n<hr \/>\n<\/div>\n<div style=\"text-align: justify\"><strong>Ementa<\/strong>: <span id=\"form:ementa\">Conceitos b\u00e1sicos de estat\u00edstica. Planejamento fatorial (Completo e Fracional). Ajuste de modelos. An\u00e1lise de superf\u00edcie de resposta. M\u00e9todo simplex.<\/span><\/div>\n<div><\/div>\n<div>\n<hr \/>\n<\/div>\n<div style=\"text-align: justify\"><span id=\"form:ementa\"><\/span><strong>Bibliografia<\/strong>:<\/div>\n<div><span id=\"form:bibliografia\">1. BARROS NETO, B.; SCARMINIO, I. S.; BRUNS, R. E.; Como fazer experimentos, 4ed., Editora BookMan, 2010 <\/span><\/div>\n<div><span id=\"form:bibliografia\">2. HINKELMANN, K.; KEMPTHORNE, O. Design and Analysis of Experiments. Volume 1, Introduction to Experimental Design. 2a ed., Nova Jersey: John Wiley &amp; Sons, Inc., 2008. 3. MASON, R. L.; GUNST, R. F.; HESS, J. L. Statistical Design and Analysis of Experiments With Applications to Engineering and Science. 2a ed., Nova Jersey: John Wiley &amp; Sons, Inc., 2003.<\/span><\/div>\n<div style=\"text-align: justify\"><\/div>\n<\/div>\n<\/div>\n<\/div>\n<\/div>\n<\/div>\n<p><\/p>","protected":false},"excerpt":{"rendered":"<p>C\u00f3digo: AL5025 Cr\u00e9ditos: 2 Disciplina Obrigat\u00f3ria: Sim Semestre de oferta: 1\u00ba semestre Docente: Luis Enrique Gomes Armas Ementa: Conceitos b\u00e1sicos de estat\u00edstica. Planejamento fatorial (Completo e Fracional). Ajuste de modelos. An\u00e1lise de superf\u00edcie de resposta. M\u00e9todo simplex. Bibliografia: 1. BARROS NETO, B.; SCARMINIO, I. S.; BRUNS, R. E.; Como fazer experimentos, 4ed., Editora BookMan, 2010 [&hellip;]<\/p>\n","protected":false},"author":629,"featured_media":0,"parent":0,"menu_order":0,"comment_status":"closed","ping_status":"closed","template":"","meta":[],"_links":{"self":[{"href":"https:\/\/cursos.unipampa.edu.br\/cursos\/ppeng\/en\/wp-json\/wp\/v2\/pages\/2231"}],"collection":[{"href":"https:\/\/cursos.unipampa.edu.br\/cursos\/ppeng\/en\/wp-json\/wp\/v2\/pages"}],"about":[{"href":"https:\/\/cursos.unipampa.edu.br\/cursos\/ppeng\/en\/wp-json\/wp\/v2\/types\/page"}],"author":[{"embeddable":true,"href":"https:\/\/cursos.unipampa.edu.br\/cursos\/ppeng\/en\/wp-json\/wp\/v2\/users\/629"}],"replies":[{"embeddable":true,"href":"https:\/\/cursos.unipampa.edu.br\/cursos\/ppeng\/en\/wp-json\/wp\/v2\/comments?post=2231"}],"version-history":[{"count":6,"href":"https:\/\/cursos.unipampa.edu.br\/cursos\/ppeng\/en\/wp-json\/wp\/v2\/pages\/2231\/revisions"}],"predecessor-version":[{"id":3749,"href":"https:\/\/cursos.unipampa.edu.br\/cursos\/ppeng\/en\/wp-json\/wp\/v2\/pages\/2231\/revisions\/3749"}],"wp:attachment":[{"href":"https:\/\/cursos.unipampa.edu.br\/cursos\/ppeng\/en\/wp-json\/wp\/v2\/media?parent=2231"}],"curies":[{"name":"wp","href":"https:\/\/api.w.org\/{rel}","templated":true}]}}