
{"id":2229,"date":"2021-06-03T11:28:03","date_gmt":"2021-06-03T14:28:03","guid":{"rendered":"http:\/\/cursos.unipampa.edu.br\/cursos\/ppeng\/?page_id=2229"},"modified":"2025-05-22T21:27:34","modified_gmt":"2025-05-23T00:27:34","slug":"estagio-de-docencia","status":"publish","type":"page","link":"https:\/\/cursos.unipampa.edu.br\/cursos\/ppeng\/en\/estagio-de-docencia\/","title":{"rendered":"Est\u00e1gio de doc\u00eancia"},"content":{"rendered":"<p><\/p>\n<div class=\"row\">\n<div class=\"row\">\n<div class=\"row\">\n<div class=\"row\">\n<div class=\"row\">\n<div class=\"row\">\n<div class=\"row\">\n<div class=\"row\">\n<div class=\"row\">\n<div class=\"row\">\n<div class=\"row\">\n<div class=\"row\">\n<div class=\"row\"><label class=\"control-label\" style=\"text-align: justify\"><strong>C\u00f3digo<\/strong>: AL5013<\/label><\/div>\n<div><\/div>\n<div class=\"row\">\n<div style=\"text-align: justify\">\n<div class=\"row\">\n<div class=\"col-md-2\"><label class=\"control-label\"><strong>Cr\u00e9ditos<\/strong>: 2<\/label><\/div>\n<div><\/div>\n<div><strong>Disciplina Obrigat\u00f3ria<\/strong>: Sim<\/div>\n<\/div>\n<\/div>\n<\/div>\n<\/div>\n<div><\/div>\n<div><strong>Semestre de oferta<\/strong>: Oferta cont\u00ednua<\/div>\n<div class=\"row\">\n<div><\/div>\n<div><strong>Docente<\/strong>: Sem docente definido<\/div>\n<div><\/div>\n<div style=\"text-align: justify\">\n<hr \/>\n<\/div>\n<div style=\"text-align: justify\"><strong>Ementa<\/strong>: <span id=\"form:ementa\">O estagio de doc\u00eancia na gradua\u00e7\u00e3o \u00e9 parte integrante da forma\u00e7\u00e3o dos alunos regularmente matriculados neste programa de p\u00f3s-gradua\u00e7\u00e3o stricto sensu, e compreendem atribui\u00e7\u00f5es relativas a encargos acad\u00eamicos, sob supervis\u00e3o de um docente do programa de p\u00f3s-gradua\u00e7\u00e3o.<\/span><\/div>\n<div>\n<hr \/>\n<\/div>\n<div style=\"text-align: justify\"><strong>Bibliografia<\/strong>:<\/div>\n<ol>\n<li style=\"text-align: justify\"><span id=\"form:bibliografia\">1GABRIEL, K.F. &#8211; Teaching unprepared students. Sterling: Stylus Publishing LLC, 2008.<\/span><\/li>\n<li style=\"text-align: justify\">WANKAT, P.C., OREOVICZ, F.S. Teaching engineering. Nova Iorque: Mcgraw-Hill, 1993.<\/li>\n<\/ol>\n<\/div>\n<\/div>\n<\/div>\n<\/div>\n<\/div>\n<\/div>\n<\/div>\n<\/div>\n<\/div>\n<\/div>\n<\/div>\n<\/div>\n<p><\/p>","protected":false},"excerpt":{"rendered":"<p>C\u00f3digo: AL5013 Cr\u00e9ditos: 2 Disciplina Obrigat\u00f3ria: Sim Semestre de oferta: Oferta cont\u00ednua Docente: Sem docente definido Ementa: O estagio de doc\u00eancia na gradua\u00e7\u00e3o \u00e9 parte integrante da forma\u00e7\u00e3o dos alunos regularmente matriculados neste programa de p\u00f3s-gradua\u00e7\u00e3o stricto sensu, e compreendem atribui\u00e7\u00f5es relativas a encargos acad\u00eamicos, sob supervis\u00e3o de um docente do programa de p\u00f3s-gradua\u00e7\u00e3o. Bibliografia: [&hellip;]<\/p>\n","protected":false},"author":629,"featured_media":0,"parent":0,"menu_order":0,"comment_status":"closed","ping_status":"closed","template":"","meta":[],"_links":{"self":[{"href":"https:\/\/cursos.unipampa.edu.br\/cursos\/ppeng\/en\/wp-json\/wp\/v2\/pages\/2229"}],"collection":[{"href":"https:\/\/cursos.unipampa.edu.br\/cursos\/ppeng\/en\/wp-json\/wp\/v2\/pages"}],"about":[{"href":"https:\/\/cursos.unipampa.edu.br\/cursos\/ppeng\/en\/wp-json\/wp\/v2\/types\/page"}],"author":[{"embeddable":true,"href":"https:\/\/cursos.unipampa.edu.br\/cursos\/ppeng\/en\/wp-json\/wp\/v2\/users\/629"}],"replies":[{"embeddable":true,"href":"https:\/\/cursos.unipampa.edu.br\/cursos\/ppeng\/en\/wp-json\/wp\/v2\/comments?post=2229"}],"version-history":[{"count":9,"href":"https:\/\/cursos.unipampa.edu.br\/cursos\/ppeng\/en\/wp-json\/wp\/v2\/pages\/2229\/revisions"}],"predecessor-version":[{"id":3742,"href":"https:\/\/cursos.unipampa.edu.br\/cursos\/ppeng\/en\/wp-json\/wp\/v2\/pages\/2229\/revisions\/3742"}],"wp:attachment":[{"href":"https:\/\/cursos.unipampa.edu.br\/cursos\/ppeng\/en\/wp-json\/wp\/v2\/media?parent=2229"}],"curies":[{"name":"wp","href":"https:\/\/api.w.org\/{rel}","templated":true}]}}