
{"id":2227,"date":"2021-06-03T11:24:07","date_gmt":"2021-06-03T14:24:07","guid":{"rendered":"http:\/\/cursos.unipampa.edu.br\/cursos\/ppeng\/?page_id=2227"},"modified":"2025-05-22T21:26:32","modified_gmt":"2025-05-23T00:26:32","slug":"estudos-dirigidos-i","status":"publish","type":"page","link":"https:\/\/cursos.unipampa.edu.br\/cursos\/ppeng\/en\/estudos-dirigidos-i\/","title":{"rendered":"Estudos dirigidos I"},"content":{"rendered":"<p><\/p>\n<div class=\"row\">\n<div class=\"row\">\n<div class=\"row\">\n<div class=\"row\">\n<div class=\"row\">\n<div>\n<p><strong>C\u00f3digo<\/strong>: AL5014<\/p>\n<p><strong>Cr\u00e9ditos<\/strong>: 2<\/p>\n<p><strong>Disciplina obrigat\u00f3ria<\/strong>: Sim<\/p>\n<p><strong>Semestre de oferta<\/strong>: oferta cont\u00ednua<\/p>\n<p><strong>Docente<\/strong>: Orientador(a)<\/p>\n<hr \/>\n<p><strong style=\"text-align: justify\">Ementa<\/strong><span style=\"text-align: justify\">: <\/span><span id=\"form:ementa\" style=\"text-align: justify\">Levantamento bibliogr\u00e1fico e discuss\u00e3o em grupo de material pertinente ao curso de p\u00f3s-gradua\u00e7\u00e3o, sob supervis\u00e3o de um docente do programa de p\u00f3s-gradua\u00e7\u00e3o.<\/span><\/p>\n<\/div>\n<div>\n<hr \/>\n<\/div>\n<div style=\"text-align: justify\"><span id=\"form:ementa\"><\/span><strong>Bibliografia<\/strong>: Artigos cient\u00edficos propostos pelos alunos e propostos pelo docente respons\u00e1vel pela disciplina.<\/div>\n<\/div>\n<\/div>\n<\/div>\n<\/div>\n<\/div>\n<p><\/p>","protected":false},"excerpt":{"rendered":"<p>C\u00f3digo: AL5014 Cr\u00e9ditos: 2 Disciplina obrigat\u00f3ria: Sim Semestre de oferta: oferta cont\u00ednua Docente: Orientador(a) Ementa: Levantamento bibliogr\u00e1fico e discuss\u00e3o em grupo de material pertinente ao curso de p\u00f3s-gradua\u00e7\u00e3o, sob supervis\u00e3o de um docente do programa de p\u00f3s-gradua\u00e7\u00e3o. Bibliografia: Artigos cient\u00edficos propostos pelos alunos e propostos pelo docente respons\u00e1vel pela disciplina.<\/p>\n","protected":false},"author":629,"featured_media":0,"parent":0,"menu_order":0,"comment_status":"closed","ping_status":"closed","template":"","meta":[],"_links":{"self":[{"href":"https:\/\/cursos.unipampa.edu.br\/cursos\/ppeng\/en\/wp-json\/wp\/v2\/pages\/2227"}],"collection":[{"href":"https:\/\/cursos.unipampa.edu.br\/cursos\/ppeng\/en\/wp-json\/wp\/v2\/pages"}],"about":[{"href":"https:\/\/cursos.unipampa.edu.br\/cursos\/ppeng\/en\/wp-json\/wp\/v2\/types\/page"}],"author":[{"embeddable":true,"href":"https:\/\/cursos.unipampa.edu.br\/cursos\/ppeng\/en\/wp-json\/wp\/v2\/users\/629"}],"replies":[{"embeddable":true,"href":"https:\/\/cursos.unipampa.edu.br\/cursos\/ppeng\/en\/wp-json\/wp\/v2\/comments?post=2227"}],"version-history":[{"count":15,"href":"https:\/\/cursos.unipampa.edu.br\/cursos\/ppeng\/en\/wp-json\/wp\/v2\/pages\/2227\/revisions"}],"predecessor-version":[{"id":3740,"href":"https:\/\/cursos.unipampa.edu.br\/cursos\/ppeng\/en\/wp-json\/wp\/v2\/pages\/2227\/revisions\/3740"}],"wp:attachment":[{"href":"https:\/\/cursos.unipampa.edu.br\/cursos\/ppeng\/en\/wp-json\/wp\/v2\/media?parent=2227"}],"curies":[{"name":"wp","href":"https:\/\/api.w.org\/{rel}","templated":true}]}}