
{"id":1781,"date":"2020-06-22T16:17:39","date_gmt":"2020-06-22T19:17:39","guid":{"rendered":"http:\/\/cursos.unipampa.edu.br\/cursos\/ppeng\/?page_id=1781"},"modified":"2026-02-09T09:53:48","modified_gmt":"2026-02-09T12:53:48","slug":"atividades-eventos-do-ppeng","status":"publish","type":"page","link":"https:\/\/cursos.unipampa.edu.br\/cursos\/ppeng\/en\/atividades-eventos-do-ppeng\/","title":{"rendered":"Seminars and talks"},"content":{"rendered":"<p>1 SIPPA: Semin\u00e1rio Integrado dos Programas de P\u00f3s-Gradua\u00e7\u00e3o da Unipampa campus Alegrete.<\/p>\n<p>As palestras e programa\u00e7\u00e3o pode ser acompanhada no link abaixo.<\/p>\n<p>https:\/\/eventos.unipampa.edu.br\/sippa\/<\/p>\n<p><a href=\"https:\/\/eventos.unipampa.edu.br\/sippa\/\"><img decoding=\"async\" loading=\"lazy\" class=\"size-medium wp-image-2547 aligncenter\" src=\"https:\/\/cursos.unipampa.edu.br\/cursos\/ppeng\/files\/2021\/07\/index-300x300.jpeg\" alt=\"\" width=\"300\" height=\"300\" srcset=\"https:\/\/cursos.unipampa.edu.br\/cursos\/ppeng\/files\/2021\/07\/index-300x300.jpeg 300w, https:\/\/cursos.unipampa.edu.br\/cursos\/ppeng\/files\/2021\/07\/index-1024x1024.jpeg 1024w, https:\/\/cursos.unipampa.edu.br\/cursos\/ppeng\/files\/2021\/07\/index-150x150.jpeg 150w, https:\/\/cursos.unipampa.edu.br\/cursos\/ppeng\/files\/2021\/07\/index-768x768.jpeg 768w, https:\/\/cursos.unipampa.edu.br\/cursos\/ppeng\/files\/2021\/07\/index.jpeg 1080w\" sizes=\"(max-width: 300px) 100vw, 300px\" \/><\/a><\/p>\n<p>III Semin\u00e1rio de Engenharia do Pampa:<\/p>\n<p>Evento dedicado \u00e0 divulga\u00e7\u00e3o cient\u00edfica na \u00e1rea de atua\u00e7\u00e3o do Programa de P\u00f3s-Gradu\u00e7\u00e3o em Engenharia de Alegrete.<\/p>\n<p style=\"text-align: center\"><a href=\"https:\/\/cursos.unipampa.edu.br\/cursos\/ppeng\/files\/2020\/10\/whatsapp-image-2020-10-24-at-16-50-49-2.jpeg\"><img decoding=\"async\" loading=\"lazy\" class=\"alignnone wp-image-1872\" src=\"https:\/\/cursos.unipampa.edu.br\/cursos\/ppeng\/files\/2020\/10\/whatsapp-image-2020-10-24-at-16-50-49-2-300x168.jpeg\" alt=\"\" width=\"511\" height=\"286\" srcset=\"https:\/\/cursos.unipampa.edu.br\/cursos\/ppeng\/files\/2020\/10\/whatsapp-image-2020-10-24-at-16-50-49-2-300x168.jpeg 300w, https:\/\/cursos.unipampa.edu.br\/cursos\/ppeng\/files\/2020\/10\/whatsapp-image-2020-10-24-at-16-50-49-2-768x431.jpeg 768w, https:\/\/cursos.unipampa.edu.br\/cursos\/ppeng\/files\/2020\/10\/whatsapp-image-2020-10-24-at-16-50-49-2.jpeg 845w\" sizes=\"(max-width: 511px) 100vw, 511px\" \/><\/a><\/p>\n<p style=\"text-align: center\"><a href=\"https:\/\/cursos.unipampa.edu.br\/cursos\/ppeng\/files\/2020\/10\/whatsapp-image-2020-10-24-at-16-50-49-1.jpeg\"><img decoding=\"async\" loading=\"lazy\" class=\"alignnone wp-image-1873\" src=\"https:\/\/cursos.unipampa.edu.br\/cursos\/ppeng\/files\/2020\/10\/whatsapp-image-2020-10-24-at-16-50-49-1-300x169.jpeg\" alt=\"\" width=\"502\" height=\"283\" srcset=\"https:\/\/cursos.unipampa.edu.br\/cursos\/ppeng\/files\/2020\/10\/whatsapp-image-2020-10-24-at-16-50-49-1-300x169.jpeg 300w, https:\/\/cursos.unipampa.edu.br\/cursos\/ppeng\/files\/2020\/10\/whatsapp-image-2020-10-24-at-16-50-49-1-768x434.jpeg 768w, https:\/\/cursos.unipampa.edu.br\/cursos\/ppeng\/files\/2020\/10\/whatsapp-image-2020-10-24-at-16-50-49-1.jpeg 799w\" sizes=\"(max-width: 502px) 100vw, 502px\" \/><\/a><\/p>\n<p style=\"text-align: center\"><a href=\"https:\/\/cursos.unipampa.edu.br\/cursos\/ppeng\/files\/2020\/10\/whatsapp-image-2020-10-24-at-16-50-49.jpeg\"><img decoding=\"async\" loading=\"lazy\" class=\"alignnone wp-image-1874\" src=\"https:\/\/cursos.unipampa.edu.br\/cursos\/ppeng\/files\/2020\/10\/whatsapp-image-2020-10-24-at-16-50-49-300x169.jpeg\" alt=\"\" width=\"561\" height=\"316\" srcset=\"https:\/\/cursos.unipampa.edu.br\/cursos\/ppeng\/files\/2020\/10\/whatsapp-image-2020-10-24-at-16-50-49-300x169.jpeg 300w, https:\/\/cursos.unipampa.edu.br\/cursos\/ppeng\/files\/2020\/10\/whatsapp-image-2020-10-24-at-16-50-49-768x431.jpeg 768w, https:\/\/cursos.unipampa.edu.br\/cursos\/ppeng\/files\/2020\/10\/whatsapp-image-2020-10-24-at-16-50-49.jpeg 801w\" sizes=\"(max-width: 561px) 100vw, 561px\" \/><\/a><\/p>\n<p style=\"text-align: center\"><a href=\"https:\/\/cursos.unipampa.edu.br\/cursos\/ppeng\/files\/2020\/10\/whatsapp-image-2020-10-24-at-16-50-07.jpeg\"><img decoding=\"async\" loading=\"lazy\" class=\"alignnone wp-image-1875\" src=\"https:\/\/cursos.unipampa.edu.br\/cursos\/ppeng\/files\/2020\/10\/whatsapp-image-2020-10-24-at-16-50-07-300x167.jpeg\" alt=\"\" width=\"505\" height=\"281\" srcset=\"https:\/\/cursos.unipampa.edu.br\/cursos\/ppeng\/files\/2020\/10\/whatsapp-image-2020-10-24-at-16-50-07-300x167.jpeg 300w, https:\/\/cursos.unipampa.edu.br\/cursos\/ppeng\/files\/2020\/10\/whatsapp-image-2020-10-24-at-16-50-07-768x428.jpeg 768w, https:\/\/cursos.unipampa.edu.br\/cursos\/ppeng\/files\/2020\/10\/whatsapp-image-2020-10-24-at-16-50-07-672x372.jpeg 672w, https:\/\/cursos.unipampa.edu.br\/cursos\/ppeng\/files\/2020\/10\/whatsapp-image-2020-10-24-at-16-50-07.jpeg 853w\" sizes=\"(max-width: 505px) 100vw, 505px\" \/><\/a><\/p>\n<p style=\"text-align: justify\"><strong>BRAZILIAN ABROAD:<\/strong><\/p>\n<p>During the Pandemic outbreak, several events were proposed by the Program online, like the 1 SIPPA, envolving all the graduation programs of Unipampa, campus Alegrete, and \u00a0the talks &#8220;Brazilian Abroad&#8221;, organized by Prof. Dr. Cesar Cristaldo (below).<\/p>\n<p style=\"text-align: center\"><a href=\"https:\/\/cursos.unipampa.edu.br\/cursos\/ppeng\/files\/2020\/06\/1.png\"><img decoding=\"async\" loading=\"lazy\" class=\"wp-image-1794 alignleft\" src=\"https:\/\/cursos.unipampa.edu.br\/cursos\/ppeng\/files\/2020\/06\/1-212x300.png\" alt=\"\" width=\"337\" height=\"477\" srcset=\"https:\/\/cursos.unipampa.edu.br\/cursos\/ppeng\/files\/2020\/06\/1-212x300.png 212w, https:\/\/cursos.unipampa.edu.br\/cursos\/ppeng\/files\/2020\/06\/1-724x1024.png 724w, https:\/\/cursos.unipampa.edu.br\/cursos\/ppeng\/files\/2020\/06\/1-768x1086.png 768w, https:\/\/cursos.unipampa.edu.br\/cursos\/ppeng\/files\/2020\/06\/1-1086x1536.png 1086w, https:\/\/cursos.unipampa.edu.br\/cursos\/ppeng\/files\/2020\/06\/1-1448x2048.png 1448w, https:\/\/cursos.unipampa.edu.br\/cursos\/ppeng\/files\/2020\/06\/1.png 1587w\" sizes=\"(max-width: 337px) 100vw, 337px\" \/><\/a><\/p>\n<p><a href=\"https:\/\/cursos.unipampa.edu.br\/cursos\/ppeng\/files\/2020\/06\/whatsapp-image-2020-06-16-at-10-36-56.jpeg\"><img decoding=\"async\" loading=\"lazy\" class=\"wp-image-1792 alignleft\" src=\"https:\/\/cursos.unipampa.edu.br\/cursos\/ppeng\/files\/2020\/06\/whatsapp-image-2020-06-16-at-10-36-56-212x300.jpeg\" alt=\"\" width=\"338\" height=\"478\" srcset=\"https:\/\/cursos.unipampa.edu.br\/cursos\/ppeng\/files\/2020\/06\/whatsapp-image-2020-06-16-at-10-36-56-212x300.jpeg 212w, https:\/\/cursos.unipampa.edu.br\/cursos\/ppeng\/files\/2020\/06\/whatsapp-image-2020-06-16-at-10-36-56-724x1024.jpeg 724w, https:\/\/cursos.unipampa.edu.br\/cursos\/ppeng\/files\/2020\/06\/whatsapp-image-2020-06-16-at-10-36-56-768x1087.jpeg 768w, https:\/\/cursos.unipampa.edu.br\/cursos\/ppeng\/files\/2020\/06\/whatsapp-image-2020-06-16-at-10-36-56.jpeg 793w\" sizes=\"(max-width: 338px) 100vw, 338px\" \/><\/a><\/p>\n<p>&nbsp;<\/p>","protected":false},"excerpt":{"rendered":"<p>1 SIPPA: Semin\u00e1rio Integrado dos Programas de P\u00f3s-Gradua\u00e7\u00e3o da Unipampa campus Alegrete. As palestras e programa\u00e7\u00e3o pode ser acompanhada no link abaixo. https:\/\/eventos.unipampa.edu.br\/sippa\/ III Semin\u00e1rio de Engenharia do Pampa: Evento dedicado \u00e0 divulga\u00e7\u00e3o cient\u00edfica na \u00e1rea de atua\u00e7\u00e3o do Programa de P\u00f3s-Gradu\u00e7\u00e3o em Engenharia de Alegrete. BRAZILIAN ABROAD: During the Pandemic outbreak, several events were [&hellip;]<\/p>\n","protected":false},"author":181,"featured_media":0,"parent":0,"menu_order":0,"comment_status":"closed","ping_status":"closed","template":"","meta":[],"_links":{"self":[{"href":"https:\/\/cursos.unipampa.edu.br\/cursos\/ppeng\/en\/wp-json\/wp\/v2\/pages\/1781"}],"collection":[{"href":"https:\/\/cursos.unipampa.edu.br\/cursos\/ppeng\/en\/wp-json\/wp\/v2\/pages"}],"about":[{"href":"https:\/\/cursos.unipampa.edu.br\/cursos\/ppeng\/en\/wp-json\/wp\/v2\/types\/page"}],"author":[{"embeddable":true,"href":"https:\/\/cursos.unipampa.edu.br\/cursos\/ppeng\/en\/wp-json\/wp\/v2\/users\/181"}],"replies":[{"embeddable":true,"href":"https:\/\/cursos.unipampa.edu.br\/cursos\/ppeng\/en\/wp-json\/wp\/v2\/comments?post=1781"}],"version-history":[{"count":32,"href":"https:\/\/cursos.unipampa.edu.br\/cursos\/ppeng\/en\/wp-json\/wp\/v2\/pages\/1781\/revisions"}],"predecessor-version":[{"id":4289,"href":"https:\/\/cursos.unipampa.edu.br\/cursos\/ppeng\/en\/wp-json\/wp\/v2\/pages\/1781\/revisions\/4289"}],"wp:attachment":[{"href":"https:\/\/cursos.unipampa.edu.br\/cursos\/ppeng\/en\/wp-json\/wp\/v2\/media?parent=1781"}],"curies":[{"name":"wp","href":"https:\/\/api.w.org\/{rel}","templated":true}]}}