
{"id":3202,"date":"2023-06-23T14:28:08","date_gmt":"2023-06-23T17:28:08","guid":{"rendered":"https:\/\/cursos.unipampa.edu.br\/cursos\/engenhariadesoftware\/?page_id=3202"},"modified":"2023-12-21T15:26:47","modified_gmt":"2023-12-21T18:26:47","slug":"comissao-do-curso","status":"publish","type":"page","link":"https:\/\/cursos.unipampa.edu.br\/cursos\/engenhariadesoftware\/?page_id=3202","title":{"rendered":"Comiss\u00e3o do curso"},"content":{"rendered":"<p style=\"text-align: justify\">A Comiss\u00e3o de Curso busca viabilizar, construir e implementar o Projeto Pedag\u00f3gico do Curso (PPC). Tamb\u00e9m \u00e9 de sua compet\u00eancia planejar, executar e avaliar as atividades acad\u00eamicas. \u00c9 composta pelo Coordenador de Curso, al\u00e9m de um representante discente e um t\u00e9cnico administrativo em educa\u00e7\u00e3o (TAE). O funcionamento da Comiss\u00e3o de Curso \u00e9 regulamentada pelo Regimento do Conselho do <em>Campus<\/em>.<\/p>\n<p>O regimento da comiss\u00e3o de curso\u00a0 de Engenharia de Software encontra-se dispon\u00edvel <a href=\"http:\/\/cursos.unipampa.edu.br\/cursos\/engenhariadesoftware\/files\/2023\/03\/regimento-comissao-de-curso.pdf\" target=\"_blank\" rel=\"noopener\">aqui.<\/a><\/p>\n<p>Confira <a href=\"https:\/\/cursos.unipampa.edu.br\/cursos\/engenhariadesoftware\/?page_id=3119\" target=\"_blank\" rel=\"noopener\">aqui\u00a0<\/a>as atas das reuni\u00f5es da Comiss\u00e3o do Curso de Engenharia de Software.<\/p>\n","protected":false},"excerpt":{"rendered":"<p>A Comiss\u00e3o de Curso busca viabilizar, construir e implementar o Projeto Pedag\u00f3gico do Curso (PPC). Tamb\u00e9m \u00e9 de sua compet\u00eancia planejar, executar e avaliar as atividades acad\u00eamicas. \u00c9 composta pelo Coordenador de Curso, al\u00e9m de um representante discente e um t\u00e9cnico administrativo em educa\u00e7\u00e3o (TAE). O funcionamento da Comiss\u00e3o de Curso \u00e9 regulamentada pelo Regimento &hellip; <a href=\"https:\/\/cursos.unipampa.edu.br\/cursos\/engenhariadesoftware\/?page_id=3202\" class=\"more-link\">Continue lendo <span class=\"screen-reader-text\">Comiss\u00e3o do curso<\/span> <span class=\"meta-nav\">&rarr;<\/span><\/a><\/p>\n","protected":false},"author":932,"featured_media":0,"parent":0,"menu_order":0,"comment_status":"closed","ping_status":"closed","template":"","meta":[],"_links":{"self":[{"href":"https:\/\/cursos.unipampa.edu.br\/cursos\/engenhariadesoftware\/index.php?rest_route=\/wp\/v2\/pages\/3202"}],"collection":[{"href":"https:\/\/cursos.unipampa.edu.br\/cursos\/engenhariadesoftware\/index.php?rest_route=\/wp\/v2\/pages"}],"about":[{"href":"https:\/\/cursos.unipampa.edu.br\/cursos\/engenhariadesoftware\/index.php?rest_route=\/wp\/v2\/types\/page"}],"author":[{"embeddable":true,"href":"https:\/\/cursos.unipampa.edu.br\/cursos\/engenhariadesoftware\/index.php?rest_route=\/wp\/v2\/users\/932"}],"replies":[{"embeddable":true,"href":"https:\/\/cursos.unipampa.edu.br\/cursos\/engenhariadesoftware\/index.php?rest_route=%2Fwp%2Fv2%2Fcomments&post=3202"}],"version-history":[{"count":4,"href":"https:\/\/cursos.unipampa.edu.br\/cursos\/engenhariadesoftware\/index.php?rest_route=\/wp\/v2\/pages\/3202\/revisions"}],"predecessor-version":[{"id":3430,"href":"https:\/\/cursos.unipampa.edu.br\/cursos\/engenhariadesoftware\/index.php?rest_route=\/wp\/v2\/pages\/3202\/revisions\/3430"}],"wp:attachment":[{"href":"https:\/\/cursos.unipampa.edu.br\/cursos\/engenhariadesoftware\/index.php?rest_route=%2Fwp%2Fv2%2Fmedia&parent=3202"}],"curies":[{"name":"wp","href":"https:\/\/api.w.org\/{rel}","templated":true}]}}