
{"id":3026,"date":"2023-03-11T22:15:06","date_gmt":"2023-03-12T01:15:06","guid":{"rendered":"https:\/\/cursos.unipampa.edu.br\/cursos\/engenhariadesoftware\/?page_id=3026"},"modified":"2025-06-01T01:29:42","modified_gmt":"2025-06-01T04:29:42","slug":"atas-das-reunioes-do-nucleo-docente-estuturante-do-curso-de-engenharia-de-software","status":"publish","type":"page","link":"https:\/\/cursos.unipampa.edu.br\/cursos\/engenhariadesoftware\/?page_id=3026","title":{"rendered":"Atas das reuni\u00f5es do N\u00facleo Docente Estruturante do Curso de Engenharia de Software"},"content":{"rendered":"<p>Acompanhe aqui as discuss\u00f5es realizadas nas reuni\u00f5es do NDE no ano de 2025.<\/p>\n<ul>\n<li><a href=\"https:\/\/sei.unipampa.edu.br\/sei\/controlador_externo.php?acao=documento_conferir&amp;codigo_verificador=1693603&amp;codigo_crc=FC3C11B4&amp;hash_download=1543023677668ab43425fabafb4305ad8daf80e0f0ea434c38862d740e01a260d443993f45ba355797f8c8b95a5c456c12622803475766c77be4a0e8b47adb0a&amp;visualizacao=1&amp;id_orgao_acesso_externo=0\">Ata de Reunia\u0303o NDE 2025-01<\/a><\/li>\n<li><a href=\"https:\/\/sei.unipampa.edu.br\/sei\/controlador_externo.php?acao=documento_conferir&amp;codigo_verificador=1693457&amp;codigo_crc=CDA41474&amp;hash_download=0ba73751b5723ff2f7cfcb0e26a9c4338d8a25dd4328ac383f710d2e06d2d5c6654c448a0f35213f2dabb83b342be7067bc48addb1e3caca892ceb619263e90e&amp;visualizacao=1&amp;id_orgao_acesso_externo=0\">Ata de Reunia\u0303o NDE 2025-02<\/a><\/li>\n<li><a href=\"https:\/\/sei.unipampa.edu.br\/sei\/controlador_externo.php?acao=documento_conferir&amp;codigo_verificador=1715460&amp;codigo_crc=43A1C09C&amp;hash_download=9fb66fd0d4b0364a298c25f063e850bb7d9d774a1894178accb78a4cac2c5661f80f149e3bc72882c7444c58228162d449de71c214d7982e4d94035d883a68e2&amp;visualizacao=1&amp;id_orgao_acesso_externo=0\">Ata de Reunia\u0303o NDE 2025-03<\/a><\/li>\n<li><a href=\"https:\/\/sei.unipampa.edu.br\/sei\/controlador_externo.php?acao=documento_conferir&amp;codigo_verificador=1724076&amp;codigo_crc=DEDC7856&amp;hash_download=037e6378465b0151b52c6249b21a549720abc0693a466e2e944750232a2f97332e85c22cdcd74b935a7223f7b59ab0b61690c91e5d39b418f62357cdceaf3992&amp;visualizacao=1&amp;id_orgao_acesso_externo=0\">Ata de Reunia\u0303o NDE 2025-04<\/a><\/li>\n<li><a href=\"https:\/\/sei.unipampa.edu.br\/sei\/controlador_externo.php?acao=documento_conferir&amp;codigo_verificador=1723230&amp;codigo_crc=9C3BE415&amp;hash_download=415ef5eef22046d142e360789a6c23c5f7681ee3f3840f38c242ce3cf8268bc538c3342438486daefcc6134b4ce66b00df867c81efd2b9282164abf5c5a842a1&amp;visualizacao=1&amp;id_orgao_acesso_externo=0\">Ata de Reunia\u0303o NDE 2025-05<\/a><\/li>\n<li><a href=\"https:\/\/sei.unipampa.edu.br\/sei\/controlador_externo.php?acao=documento_conferir&amp;codigo_verificador=1736327&amp;codigo_crc=DA4C1C39&amp;hash_download=f07f163ba0477101fdb5ffb29deee5a8e96ff7ccd2f1c1115555b7058bad54c2ac83248984b9ebf55c7d681e569a184788f454b3f4f8ff71f9c86f9a0db8f0fd&amp;visualizacao=1&amp;id_orgao_acesso_externo=0\">Ata de Reunia\u0303o NDE 2025-06<\/a><\/li>\n<li><a href=\"https:\/\/sei.unipampa.edu.br\/sei\/controlador_externo.php?acao=documento_conferir&amp;codigo_verificador=1736336&amp;codigo_crc=02A51042&amp;hash_download=0193bad67a9fa20e1f93ca2d53ef5e61ef9d3db95d9fd0188bac424a815bd2cf1b63e88e571c1d897f2fafd05767a46f7098b0c13acbe3a1d80dc581c58497ce&amp;visualizacao=1&amp;id_orgao_acesso_externo=0\">Ata de Reunia\u0303o NDE 2025-07<\/a><\/li>\n<\/ul>\n<p>Acompanhe aqui as discuss\u00f5es realizadas nas reuni\u00f5es do NDE no ano de 2024.<\/p>\n<ul>\n<li><a href=\"https:\/\/sei.unipampa.edu.br\/sei\/controlador.php?acao=documento_visualizar&amp;acao_origem=procedimento_visualizar&amp;id_documento=1568718&amp;arvore=1&amp;infra_sistema=100000100&amp;infra_unidade_atual=4177&amp;infra_hash=6758b8c07af5d509f30a0db90c0169ab7dcf6dfe6bdab0652a4b755c840e3998\">Ata de Reunia\u0303o NDE 2024-01<\/a><\/li>\n<li><a href=\"https:\/\/sei.unipampa.edu.br\/sei\/controlador.php?acao=documento_visualizar&amp;acao_origem=procedimento_visualizar&amp;id_documento=1710558&amp;arvore=1&amp;infra_sistema=100000100&amp;infra_unidade_atual=4177&amp;infra_hash=5cd2572b5cea6205330d59aafbc3df94d7d01cdd3b25b3a4aa676dafbbdeb1fc\">Ata de Reunia\u0303o NDE 2024-02<\/a><\/li>\n<li><a href=\"https:\/\/sei.unipampa.edu.br\/sei\/controlador.php?acao=documento_visualizar&amp;acao_origem=procedimento_visualizar&amp;id_documento=1710562&amp;arvore=1&amp;infra_sistema=100000100&amp;infra_unidade_atual=4177&amp;infra_hash=b9924125b9b9a43e4391ef6b5ecee86ed30613bbe273f79f8e24cfeaafa0aacf\">Ata de Reunia\u0303o NDE 2024-03<\/a><\/li>\n<li><a href=\"https:\/\/sei.unipampa.edu.br\/sei\/controlador.php?acao=documento_visualizar&amp;acao_origem=procedimento_visualizar&amp;id_documento=1763336&amp;arvore=1&amp;infra_sistema=100000100&amp;infra_unidade_atual=4177&amp;infra_hash=e5a1318ee9ea62edc47ac8fd14288eba99dbcf734d0c2f0a4b368650670d63b4\">Ata de Reunia\u0303o NDE 2024-04<\/a><\/li>\n<\/ul>\n<p>Acompanhe aqui as discuss\u00f5es realizadas nas reuni\u00f5es do NDE no ano de 2023.<\/p>\n<ul>\n<li><a href=\"http:\/\/cursos.unipampa.edu.br\/cursos\/engenhariadesoftware\/files\/2023\/03\/ata-de-reuniao-nde-2023-01.pdf\">Ata de Reuni\u00e3o NDE 2023-01<\/a><\/li>\n<li><a href=\"http:\/\/cursos.unipampa.edu.br\/cursos\/engenhariadesoftware\/files\/2023\/03\/ata-de-reuniao-nde-2023-02.pdf\">Ata de Reuni\u00e3o NDE 2023-02<\/a><\/li>\n<li><a href=\"http:\/\/cursos.unipampa.edu.br\/cursos\/engenhariadesoftware\/files\/2023\/03\/ata-de-reuniao-nde-2023-03.pdf\">Ata de Reuni\u00e3o NDE 2023-03<\/a><\/li>\n<li><a href=\"http:\/\/cursos.unipampa.edu.br\/cursos\/engenhariadesoftware\/files\/2023\/03\/ata-de-reuniao-nde-2023-04.pdf\">Ata de Reuni\u00e3o NDE 2023-04<\/a><\/li>\n<\/ul>\n<p>Acompanhe aqui as discuss\u00f5es realizadas nas reuni\u00f5es do NDE no ano de 2022.<\/p>\n<ul>\n<li><a href=\"http:\/\/cursos.unipampa.edu.br\/cursos\/engenhariadesoftware\/files\/2023\/03\/ata-de-reuniao-nde-2022-01.pdf\">Ata de Reuni\u00e3o NDE 2022-01<\/a><\/li>\n<li><a href=\"http:\/\/cursos.unipampa.edu.br\/cursos\/engenhariadesoftware\/files\/2023\/03\/ata-de-reuniao-nde-2022-02.pdf\">Ata de Reuni\u00e3o NDE 2022-02<\/a><\/li>\n<li><a href=\"http:\/\/cursos.unipampa.edu.br\/cursos\/engenhariadesoftware\/files\/2023\/03\/ata-de-reuniao-nde-2022-03.pdf\">Ata de Reuni\u00e3o NDE 2022-03<\/a><\/li>\n<li><a href=\"http:\/\/cursos.unipampa.edu.br\/cursos\/engenhariadesoftware\/files\/2023\/03\/ata-de-reuniao-nde-2022-04.pdf\">Ata de Reuni\u00e3o NDE 2022-04<\/a><\/li>\n<li><a href=\"http:\/\/cursos.unipampa.edu.br\/cursos\/engenhariadesoftware\/files\/2023\/03\/ata-de-reuniao-nde-2022-05.pdf\">Ata de Reuni\u00e3o NDE 2022-05<\/a><\/li>\n<li><a href=\"http:\/\/cursos.unipampa.edu.br\/cursos\/engenhariadesoftware\/files\/2023\/03\/ata-de-reuniao-nde-2022-06.pdf\">Ata de Reuni\u00e3o NDE 2022-06<\/a><\/li>\n<li><a href=\"http:\/\/cursos.unipampa.edu.br\/cursos\/engenhariadesoftware\/files\/2023\/03\/ata-de-reuniao-nde-2022-07.pdf\">Ata de Reuni\u00e3o NDE 2022-07<\/a><\/li>\n<li><a href=\"http:\/\/cursos.unipampa.edu.br\/cursos\/engenhariadesoftware\/files\/2023\/03\/ata-de-reuniao-nde-2022-08.pdf\">Ata de Reuni\u00e3o NDE 2022-08<\/a><\/li>\n<li><a href=\"http:\/\/cursos.unipampa.edu.br\/cursos\/engenhariadesoftware\/files\/2023\/03\/ata-de-reuniao-nde-2022-09.pdf\">Ata de Reuni\u00e3o NDE 2022-09<\/a><\/li>\n<li><a href=\"http:\/\/cursos.unipampa.edu.br\/cursos\/engenhariadesoftware\/files\/2023\/03\/ata-de-reuniao-nde-2022-10.pdf\">Ata de Reuni\u00e3o NDE 2022-10<\/a><\/li>\n<li><a href=\"http:\/\/cursos.unipampa.edu.br\/cursos\/engenhariadesoftware\/files\/2023\/03\/ata-de-reuniao-nde-2022-11.pdf\">Ata de Reuni\u00e3o NDE 2022-11<\/a><\/li>\n<li><a href=\"http:\/\/cursos.unipampa.edu.br\/cursos\/engenhariadesoftware\/files\/2023\/03\/ata-de-reuniao-nde-2022-12.pdf\">Ata de Reuni\u00e3o NDE 2022-12<\/a><\/li>\n<li><a href=\"http:\/\/cursos.unipampa.edu.br\/cursos\/engenhariadesoftware\/files\/2023\/03\/ata-de-reuniao-nde-2022-13.pdf\">Ata de Reuni\u00e3o NDE 2022-13<\/a><\/li>\n<li><a href=\"http:\/\/cursos.unipampa.edu.br\/cursos\/engenhariadesoftware\/files\/2023\/03\/ata-de-reuniao-nde-2022-14.pdf\">Ata de Reuni\u00e3o NDE 2022-14<\/a><\/li>\n<li><a href=\"http:\/\/cursos.unipampa.edu.br\/cursos\/engenhariadesoftware\/files\/2023\/03\/ata-de-reuniao-nde-2022-15.pdf\">Ata de Reuni\u00e3o NDE 2022-15<\/a><\/li>\n<li><a href=\"http:\/\/cursos.unipampa.edu.br\/cursos\/engenhariadesoftware\/files\/2023\/03\/ata-de-reuniao-nde-2022-16.pdf\">Ata de Reuni\u00e3o NDE 2022-16<\/a><\/li>\n<li><a href=\"http:\/\/cursos.unipampa.edu.br\/cursos\/engenhariadesoftware\/files\/2023\/03\/ata-de-reuniao-nde-2022-17.pdf\">Ata de Reuni\u00e3o NDE 2022-17<\/a><\/li>\n<li><a href=\"http:\/\/cursos.unipampa.edu.br\/cursos\/engenhariadesoftware\/files\/2023\/03\/ata-de-reuniao-nde-2022-18.pdf\">Ata de Reuni\u00e3o NDE 2022-18<\/a><\/li>\n<li><a href=\"http:\/\/cursos.unipampa.edu.br\/cursos\/engenhariadesoftware\/files\/2023\/03\/ata-de-reuniao-nde-2022-19.pdf\">Ata de Reuni\u00e3o NDE 2022-19<\/a><\/li>\n<li><a href=\"http:\/\/cursos.unipampa.edu.br\/cursos\/engenhariadesoftware\/files\/2023\/03\/ata-de-reuniao-nde-2022-20.pdf\">Ata de Reuni\u00e3o NDE 2022-20<\/a><\/li>\n<li><a href=\"http:\/\/cursos.unipampa.edu.br\/cursos\/engenhariadesoftware\/files\/2023\/03\/ata-de-reuniao-nde-2022-21.pdf\">Ata de Reuni\u00e3o NDE 2022-21<\/a><\/li>\n<li><a href=\"http:\/\/cursos.unipampa.edu.br\/cursos\/engenhariadesoftware\/files\/2023\/03\/ata-de-reuniao-nde-2022-22.pdf\">Ata de Reuni\u00e3o NDE 2022-22<\/a><\/li>\n<li><a href=\"http:\/\/cursos.unipampa.edu.br\/cursos\/engenhariadesoftware\/files\/2023\/03\/ata-de-reuniao-nde-2022-23.pdf\">Ata de Reuni\u00e3o NDE 2022-23<\/a><\/li>\n<li><a href=\"http:\/\/cursos.unipampa.edu.br\/cursos\/engenhariadesoftware\/files\/2023\/03\/ata-de-reuniao-nde-2022-24.pdf\">Ata de Reuni\u00e3o NDE 2022-24<\/a><\/li>\n<li><a href=\"http:\/\/cursos.unipampa.edu.br\/cursos\/engenhariadesoftware\/files\/2023\/03\/ata-de-reuniao-nde-2022-25.pdf\">Ata de Reuni\u00e3o NDE 2022-25<\/a><\/li>\n<\/ul>\n<p>Acompanhe aqui as discuss\u00f5es realizadas nas reuni\u00f5es do NDE no ano de 2021.<\/p>\n<ul>\n<li><a href=\"http:\/\/cursos.unipampa.edu.br\/cursos\/engenhariadesoftware\/files\/2023\/03\/ata-de-reuniao-nde-2021-01.pdf\">Ata de Reuni\u00e3o NDE 2021-01<\/a><\/li>\n<li><a href=\"http:\/\/cursos.unipampa.edu.br\/cursos\/engenhariadesoftware\/files\/2023\/03\/ata-de-reuniao-nde-2021-02.pdf\">Ata de Reuni\u00e3o NDE 2021-02<\/a><\/li>\n<li><a href=\"http:\/\/cursos.unipampa.edu.br\/cursos\/engenhariadesoftware\/files\/2023\/03\/ata-de-reuniao-nde-2021-03.pdf\">Ata de Reuni\u00e3o NDE 2021-03<\/a><\/li>\n<li><a href=\"http:\/\/cursos.unipampa.edu.br\/cursos\/engenhariadesoftware\/files\/2023\/03\/ata-de-reuniao-nde-2021-04.pdf\">Ata de Reuni\u00e3o NDE 2021-04<\/a><\/li>\n<li><a href=\"http:\/\/cursos.unipampa.edu.br\/cursos\/engenhariadesoftware\/files\/2023\/03\/ata-de-reuniao-nde-2021-05.pdf\">Ata de Reuni\u00e3o NDE 2021-05<\/a><\/li>\n<li><a href=\"http:\/\/cursos.unipampa.edu.br\/cursos\/engenhariadesoftware\/files\/2023\/03\/ata-de-reuniao-nde-2021-06.pdf\">Ata de Reuni\u00e3o NDE 2021-06<\/a><\/li>\n<li><a href=\"http:\/\/cursos.unipampa.edu.br\/cursos\/engenhariadesoftware\/files\/2023\/03\/ata-de-reuniao-nde-2021-07.pdf\">Ata de Reuni\u00e3o NDE 2021-07<\/a><\/li>\n<li><a href=\"http:\/\/cursos.unipampa.edu.br\/cursos\/engenhariadesoftware\/files\/2023\/03\/ata-de-reuniao-nde-2021-08.pdf\">Ata de Reuni\u00e3o NDE 2021-08<\/a><\/li>\n<li><a href=\"http:\/\/cursos.unipampa.edu.br\/cursos\/engenhariadesoftware\/files\/2023\/03\/ata-de-reuniao-nde-2021-09.pdf\">Ata de Reuni\u00e3o NDE 2021-09<\/a><\/li>\n<\/ul>\n<p>Acompanhe aqui as discuss\u00f5es realizadas nas reuni\u00f5es do NDE no ano de 2020.<\/p>\n<ul>\n<li><a href=\"http:\/\/cursos.unipampa.edu.br\/cursos\/engenhariadesoftware\/files\/2023\/03\/ata-de-reuniao-nde-2020-01.pdf\">Ata de Reuni\u00e3o NDE 2020-01<\/a><\/li>\n<li><a href=\"http:\/\/cursos.unipampa.edu.br\/cursos\/engenhariadesoftware\/files\/2023\/03\/ata-de-reuniao-nde-2020-02.pdf\">Ata de Reuni\u00e3o NDE 2020-02<\/a><\/li>\n<li><a href=\"http:\/\/cursos.unipampa.edu.br\/cursos\/engenhariadesoftware\/files\/2023\/03\/ata-de-reuniao-nde-2020-03.pdf\">Ata de Reuni\u00e3o NDE 2020-03<\/a><\/li>\n<\/ul>\n<p>Acompanhe aqui as discuss\u00f5es realizadas nas reuni\u00f5es do NDE no ano de 2019.<\/p>\n<ul>\n<li><a href=\"http:\/\/cursos.unipampa.edu.br\/cursos\/engenhariadesoftware\/files\/2023\/03\/ata-de-reuniao-nde-2019-01.pdf\">Ata de Reuni\u00e3o NDE 2019-01<\/a><\/li>\n<li><a href=\"http:\/\/cursos.unipampa.edu.br\/cursos\/engenhariadesoftware\/files\/2023\/03\/ata-de-reuniao-nde-2019-02.pdf\">Ata de Reuni\u00e3o NDE 2019-02<\/a><\/li>\n<li><a href=\"http:\/\/cursos.unipampa.edu.br\/cursos\/engenhariadesoftware\/files\/2023\/03\/ata-de-reuniao-nde-2019-03.pdf\">Ata de Reuni\u00e3o NDE 2019-03<\/a><\/li>\n<li><a href=\"http:\/\/cursos.unipampa.edu.br\/cursos\/engenhariadesoftware\/files\/2023\/03\/ata-de-reuniao-nde-2019-04.pdf\">Ata de Reuni\u00e3o NDE 2019-04<\/a><\/li>\n<li><a href=\"http:\/\/cursos.unipampa.edu.br\/cursos\/engenhariadesoftware\/files\/2023\/03\/ata-de-reuniao-nde-2019-05.pdf\">Ata de Reuni\u00e3o NDE 2019-05<\/a><\/li>\n<li><a href=\"http:\/\/cursos.unipampa.edu.br\/cursos\/engenhariadesoftware\/files\/2023\/03\/ata-de-reuniao-nde-2019-06.pdf\">Ata de Reuni\u00e3o NDE 2019-06<\/a><\/li>\n<li><a href=\"http:\/\/cursos.unipampa.edu.br\/cursos\/engenhariadesoftware\/files\/2023\/03\/ata-de-reuniao-nde-2019-07.pdf\">Ata de Reuni\u00e3o NDE 2019-07<\/a><\/li>\n<li><a href=\"http:\/\/cursos.unipampa.edu.br\/cursos\/engenhariadesoftware\/files\/2023\/03\/ata-de-reuniao-nde-2019-08.pdf\">Ata de Reuni\u00e3o NDE 2019-08<\/a><\/li>\n<li><a href=\"http:\/\/cursos.unipampa.edu.br\/cursos\/engenhariadesoftware\/files\/2023\/03\/ata-de-reuniao-nde-2019-09.pdf\">Ata de Reuni\u00e3o NDE 2019-09<\/a><\/li>\n<li><a href=\"http:\/\/cursos.unipampa.edu.br\/cursos\/engenhariadesoftware\/files\/2023\/03\/ata-de-reuniao-nde-2019-10.pdf\">Ata de Reuni\u00e3o NDE 2019-10<\/a><\/li>\n<li><a href=\"http:\/\/cursos.unipampa.edu.br\/cursos\/engenhariadesoftware\/files\/2023\/03\/ata-de-reuniao-nde-2019-11.pdf\">Ata de Reuni\u00e3o NDE 2019-11<\/a><\/li>\n<li><a href=\"http:\/\/cursos.unipampa.edu.br\/cursos\/engenhariadesoftware\/files\/2023\/03\/ata-de-reuniao-nde-2019-12.pdf\">Ata de Reuni\u00e3o NDE 2019-12<\/a><\/li>\n<li><a href=\"http:\/\/cursos.unipampa.edu.br\/cursos\/engenhariadesoftware\/files\/2023\/03\/ata-de-reuniao-nde-2019-13.pdf\">Ata de Reuni\u00e3o NDE 2019-13<\/a><\/li>\n<li><a href=\"http:\/\/cursos.unipampa.edu.br\/cursos\/engenhariadesoftware\/files\/2023\/03\/ata-de-reuniao-nde-2019-14.pdf\">Ata de Reuni\u00e3o NDE 2019-14<\/a><\/li>\n<li><a href=\"http:\/\/cursos.unipampa.edu.br\/cursos\/engenhariadesoftware\/files\/2023\/03\/ata-de-reuniao-nde-2019-15.pdf\">Ata de Reuni\u00e3o NDE 2019-15<\/a><\/li>\n<\/ul>\n","protected":false},"excerpt":{"rendered":"<p>Acompanhe aqui as discuss\u00f5es realizadas nas reuni\u00f5es do NDE no ano de 2025. Ata de Reunia\u0303o NDE 2025-01 Ata de Reunia\u0303o NDE 2025-02 Ata de Reunia\u0303o NDE 2025-03 Ata de Reunia\u0303o NDE 2025-04 Ata de Reunia\u0303o NDE 2025-05 Ata de Reunia\u0303o NDE 2025-06 Ata de Reunia\u0303o NDE 2025-07 Acompanhe aqui as discuss\u00f5es realizadas nas reuni\u00f5es &hellip; <a href=\"https:\/\/cursos.unipampa.edu.br\/cursos\/engenhariadesoftware\/?page_id=3026\" class=\"more-link\">Continue lendo <span class=\"screen-reader-text\">Atas das reuni\u00f5es do N\u00facleo Docente Estruturante do Curso de Engenharia de Software<\/span> <span class=\"meta-nav\">&rarr;<\/span><\/a><\/p>\n","protected":false},"author":856,"featured_media":0,"parent":0,"menu_order":0,"comment_status":"closed","ping_status":"closed","template":"","meta":[],"_links":{"self":[{"href":"https:\/\/cursos.unipampa.edu.br\/cursos\/engenhariadesoftware\/index.php?rest_route=\/wp\/v2\/pages\/3026"}],"collection":[{"href":"https:\/\/cursos.unipampa.edu.br\/cursos\/engenhariadesoftware\/index.php?rest_route=\/wp\/v2\/pages"}],"about":[{"href":"https:\/\/cursos.unipampa.edu.br\/cursos\/engenhariadesoftware\/index.php?rest_route=\/wp\/v2\/types\/page"}],"author":[{"embeddable":true,"href":"https:\/\/cursos.unipampa.edu.br\/cursos\/engenhariadesoftware\/index.php?rest_route=\/wp\/v2\/users\/856"}],"replies":[{"embeddable":true,"href":"https:\/\/cursos.unipampa.edu.br\/cursos\/engenhariadesoftware\/index.php?rest_route=%2Fwp%2Fv2%2Fcomments&post=3026"}],"version-history":[{"count":7,"href":"https:\/\/cursos.unipampa.edu.br\/cursos\/engenhariadesoftware\/index.php?rest_route=\/wp\/v2\/pages\/3026\/revisions"}],"predecessor-version":[{"id":3623,"href":"https:\/\/cursos.unipampa.edu.br\/cursos\/engenhariadesoftware\/index.php?rest_route=\/wp\/v2\/pages\/3026\/revisions\/3623"}],"wp:attachment":[{"href":"https:\/\/cursos.unipampa.edu.br\/cursos\/engenhariadesoftware\/index.php?rest_route=%2Fwp%2Fv2%2Fmedia&parent=3026"}],"curies":[{"name":"wp","href":"https:\/\/api.w.org\/{rel}","templated":true}]}}