
{"id":2325,"date":"2019-07-04T22:10:27","date_gmt":"2019-07-05T01:10:27","guid":{"rendered":"http:\/\/cursos.unipampa.edu.br\/cursos\/engenhariadesoftware\/?page_id=2325"},"modified":"2019-07-04T22:10:27","modified_gmt":"2019-07-05T01:10:27","slug":"avaliacoes-mec","status":"publish","type":"page","link":"https:\/\/cursos.unipampa.edu.br\/cursos\/engenhariadesoftware\/?page_id=2325","title":{"rendered":"Avalia\u00e7\u00f5es MEC"},"content":{"rendered":"<p>Aqui voc\u00ea encontra as notas do Curso de Engenharia de Software nas avalia\u00e7\u00f5es do MEC e Inep.<\/p>\n<p style=\"text-align: justify\">A autoriza\u00e7\u00e3o do Curso foi publicada na Portaria n\u00ba 1776 de 7 de dezembro de 2011 da Universidade Federal do Pampa (publicado em 07\/12\/2011 no D.O.U). No segundo semestre de 2014, o curso recebeu a visita <em>in loco<\/em> da comiss\u00e3o do Instituto Nacional de Estudos e Pesquisas Educacionais (Inep). J\u00e1 o ato de reconhecimento foi publicado na Portaria n\u00ba 43 de 22 de janeiro de 2015 pelo Minist\u00e9rio da Educa\u00e7\u00e3o (publicado em 23\/01\/2015 no D.O.U). Na ocasi\u00e3o do seu reconhecimento, o curso recebeu o Conceito de Curso (CC) 4.<\/p>\n","protected":false},"excerpt":{"rendered":"<p>Aqui voc\u00ea encontra as notas do Curso de Engenharia de Software nas avalia\u00e7\u00f5es do MEC e Inep. A autoriza\u00e7\u00e3o do Curso foi publicada na Portaria n\u00ba 1776 de 7 de dezembro de 2011 da Universidade Federal do Pampa (publicado em 07\/12\/2011 no D.O.U). No segundo semestre de 2014, o curso recebeu a visita in loco &hellip; <a href=\"https:\/\/cursos.unipampa.edu.br\/cursos\/engenhariadesoftware\/?page_id=2325\" class=\"more-link\">Continue lendo <span class=\"screen-reader-text\">Avalia\u00e7\u00f5es MEC<\/span> <span class=\"meta-nav\">&rarr;<\/span><\/a><\/p>\n","protected":false},"author":587,"featured_media":0,"parent":0,"menu_order":0,"comment_status":"closed","ping_status":"closed","template":"","meta":[],"_links":{"self":[{"href":"https:\/\/cursos.unipampa.edu.br\/cursos\/engenhariadesoftware\/index.php?rest_route=\/wp\/v2\/pages\/2325"}],"collection":[{"href":"https:\/\/cursos.unipampa.edu.br\/cursos\/engenhariadesoftware\/index.php?rest_route=\/wp\/v2\/pages"}],"about":[{"href":"https:\/\/cursos.unipampa.edu.br\/cursos\/engenhariadesoftware\/index.php?rest_route=\/wp\/v2\/types\/page"}],"author":[{"embeddable":true,"href":"https:\/\/cursos.unipampa.edu.br\/cursos\/engenhariadesoftware\/index.php?rest_route=\/wp\/v2\/users\/587"}],"replies":[{"embeddable":true,"href":"https:\/\/cursos.unipampa.edu.br\/cursos\/engenhariadesoftware\/index.php?rest_route=%2Fwp%2Fv2%2Fcomments&post=2325"}],"version-history":[{"count":1,"href":"https:\/\/cursos.unipampa.edu.br\/cursos\/engenhariadesoftware\/index.php?rest_route=\/wp\/v2\/pages\/2325\/revisions"}],"predecessor-version":[{"id":2326,"href":"https:\/\/cursos.unipampa.edu.br\/cursos\/engenhariadesoftware\/index.php?rest_route=\/wp\/v2\/pages\/2325\/revisions\/2326"}],"wp:attachment":[{"href":"https:\/\/cursos.unipampa.edu.br\/cursos\/engenhariadesoftware\/index.php?rest_route=%2Fwp%2Fv2%2Fmedia&parent=2325"}],"curies":[{"name":"wp","href":"https:\/\/api.w.org\/{rel}","templated":true}]}}