
{"id":2209,"date":"2019-05-06T15:17:06","date_gmt":"2019-05-06T18:17:06","guid":{"rendered":"http:\/\/cursos.unipampa.edu.br\/cursos\/engenhariadesoftware\/?page_id=2209"},"modified":"2023-03-14T21:12:12","modified_gmt":"2023-03-15T00:12:12","slug":"perfil-do-egresso","status":"publish","type":"page","link":"https:\/\/cursos.unipampa.edu.br\/cursos\/engenhariadesoftware\/?page_id=2209","title":{"rendered":"Perfil do Egresso"},"content":{"rendered":"<p style=\"text-align: justify\">O egresso do Curso de Engenharia de Software deve possuir uma forma\u00e7\u00e3o que lhe promova a consci\u00eancia das exig\u00eancias \u00e9ticas e da relev\u00e2ncia p\u00fablica e social das compet\u00eancias, habilidades e valores constru\u00eddos na vida universit\u00e1ria, de modo a inseri-lo nos respectivos contextos profissionais com autonomia, solidariedade, postura cr\u00edtica e reflexiva, comprometida com o desenvolvimento local, regional e nacional sustent\u00e1veis, que vise \u00e0 constru\u00e7\u00e3o de uma sociedade justa e democr\u00e1tica. Dessa forma, os egressos do Curso devem ser capazes de:<\/p>\n<ul>\n<li style=\"text-align: justify\">aplicar teorias e pr\u00e1ticas de engenharia de software para desenvolver solu\u00e7\u00f5es de qualidade de maneira sistem\u00e1tica, controlada e eficaz;<\/li>\n<li style=\"text-align: justify\">empregar estrat\u00e9gias de gest\u00e3o de software para planejar, monitorar e controlar custo, tempo e escopo;<\/li>\n<li style=\"text-align: justify\">trabalhar em equipe, consciente de suas responsabilidades, para resolver problemas de diferentes dom\u00ednios de forma cr\u00edtica e criativa;<\/li>\n<li style=\"text-align: justify\">atuar profissionalmente de forma \u00e9tica e de acordo com a legisla\u00e7\u00e3o, compreendendo o impacto direto ou indireto de suas a\u00e7\u00f5es sobre as pessoas, as organiza\u00e7\u00f5es e a sociedade;<\/li>\n<li style=\"text-align: justify\">ter consci\u00eancia das quest\u00f5es sociais, pol\u00edticas e culturais envolvidas no desenvolvimento e no uso das tecnologias, bem como seus efeitos na sociedade e no meio ambiente;<\/li>\n<li style=\"text-align: justify\">atuar de forma criativa, inovadora e empreendedora, identificando oportunidades de neg\u00f3cio e contribuindo para o desenvolvimento regional;<\/li>\n<li>entender os aspectos econ\u00f4micos e financeiros associados a produtos, servi\u00e7os e organiza\u00e7\u00f5es;<\/li>\n<li>compreender a necessidade de cont\u00ednua atualiza\u00e7\u00e3o e aprimoramento de suas compet\u00eancias e habilidades.<\/li>\n<\/ul>\n<h2>Campo de Atua\u00e7\u00e3o Profissional<\/h2>\n<p>O Curso de Engenharia de Software foi pensado de forma a ampliar o campo de atua\u00e7\u00e3o de seus egressos. Al\u00e9m dos aspectos t\u00e9cnicos diretamente relacionados ao desenvolvimento de software, o curso busca desenvolver as compet\u00eancias e habilidades relacionadas \u00e0 gest\u00e3o, consultoria, pesquisa e empreendedorismo. Assim, o egresso do Curso pode atuar como:<\/p>\n<ul>\n<li>desenvolvedor em organiza\u00e7\u00f5es que produzam software para consumo pr\u00f3prio ou para comercializa\u00e7\u00e3o;<\/li>\n<li>gestor em organiza\u00e7\u00f5es que produzam software para consumo pr\u00f3prio ou para comercializa\u00e7\u00e3o;<\/li>\n<li>consultor em organiza\u00e7\u00f5es com programas de melhoria cont\u00ednua baseados em modelos de qualidade;<\/li>\n<li>pesquisador em organiza\u00e7\u00f5es que desenvolvam pesquisas relacionadas \u00e0 engenharia de software;<\/li>\n<li>empreendedor fornecendo softwares na forma de produtos, de projetos ou de servi\u00e7os.<\/li>\n<\/ul>\n","protected":false},"excerpt":{"rendered":"<p>O egresso do Curso de Engenharia de Software deve possuir uma forma\u00e7\u00e3o que lhe promova a consci\u00eancia das exig\u00eancias \u00e9ticas e da relev\u00e2ncia p\u00fablica e social das compet\u00eancias, habilidades e valores constru\u00eddos na vida universit\u00e1ria, de modo a inseri-lo nos respectivos contextos profissionais com autonomia, solidariedade, postura cr\u00edtica e reflexiva, comprometida com o desenvolvimento local, &hellip; <a href=\"https:\/\/cursos.unipampa.edu.br\/cursos\/engenhariadesoftware\/?page_id=2209\" class=\"more-link\">Continue lendo <span class=\"screen-reader-text\">Perfil do Egresso<\/span> <span class=\"meta-nav\">&rarr;<\/span><\/a><\/p>\n","protected":false},"author":857,"featured_media":0,"parent":0,"menu_order":0,"comment_status":"closed","ping_status":"closed","template":"","meta":[],"_links":{"self":[{"href":"https:\/\/cursos.unipampa.edu.br\/cursos\/engenhariadesoftware\/index.php?rest_route=\/wp\/v2\/pages\/2209"}],"collection":[{"href":"https:\/\/cursos.unipampa.edu.br\/cursos\/engenhariadesoftware\/index.php?rest_route=\/wp\/v2\/pages"}],"about":[{"href":"https:\/\/cursos.unipampa.edu.br\/cursos\/engenhariadesoftware\/index.php?rest_route=\/wp\/v2\/types\/page"}],"author":[{"embeddable":true,"href":"https:\/\/cursos.unipampa.edu.br\/cursos\/engenhariadesoftware\/index.php?rest_route=\/wp\/v2\/users\/857"}],"replies":[{"embeddable":true,"href":"https:\/\/cursos.unipampa.edu.br\/cursos\/engenhariadesoftware\/index.php?rest_route=%2Fwp%2Fv2%2Fcomments&post=2209"}],"version-history":[{"count":7,"href":"https:\/\/cursos.unipampa.edu.br\/cursos\/engenhariadesoftware\/index.php?rest_route=\/wp\/v2\/pages\/2209\/revisions"}],"predecessor-version":[{"id":3102,"href":"https:\/\/cursos.unipampa.edu.br\/cursos\/engenhariadesoftware\/index.php?rest_route=\/wp\/v2\/pages\/2209\/revisions\/3102"}],"wp:attachment":[{"href":"https:\/\/cursos.unipampa.edu.br\/cursos\/engenhariadesoftware\/index.php?rest_route=%2Fwp%2Fv2%2Fmedia&parent=2209"}],"curies":[{"name":"wp","href":"https:\/\/api.w.org\/{rel}","templated":true}]}}