
{"id":2150,"date":"2019-04-18T21:14:39","date_gmt":"2019-04-19T00:14:39","guid":{"rendered":"http:\/\/cursos.unipampa.edu.br\/cursos\/engenhariadesoftware\/?page_id=2150"},"modified":"2019-07-09T20:11:33","modified_gmt":"2019-07-09T23:11:33","slug":"joao-pablo-silva-da-silva","status":"publish","type":"page","link":"https:\/\/cursos.unipampa.edu.br\/cursos\/engenhariadesoftware\/?page_id=2150","title":{"rendered":"Jo\u00e3o Pablo Silva da Silva"},"content":{"rendered":"<p>Doutorado<\/p>\n<p>Classe C &#8211; Adjunto &#8211; N\u00edvel 2<\/p>\n<p>Curr\u00edculo Lattes: <a href=\"http:\/\/lattes.cnpq.br\/2530892415505191\" target=\"_blank\" rel=\"noopener noreferrer\">http:\/\/lattes.cnpq.br\/2530892415505191<\/a><\/p>\n<p>E-mail institucional: <a href=\"mailto:joaosilva@unipampa.edu.br\">joaosilva@unipampa.edu.br<\/a><\/p>\n<p style=\"text-align: justify\">Jo\u00e3o Pablo S. da Silva \u00e9 professor efetivo no Campus Alegrete da Universidade Federal do Pampa (Unipampa) desde 2011, onde executa atividades de ensino, pesquisa e extens\u00e3o relacionadas \u00e0 engenharia de software. Recebeu o t\u00edtulo de Doutor em Ci\u00eancia da Computa\u00e7\u00e3o da Universidade Federal do Rio Grande do Sul (UFRGS) em 2018, o t\u00edtulo de Mestre em Computa\u00e7\u00e3o Aplicada da Universidade Unisinos em 2010 e o t\u00edtulo de Bacharel em Ci\u00eancia da Computa\u00e7\u00e3o da Universidade Cat\u00f3lica de Pelotas (UCPel) em 2002. Trabalhou na ind\u00fastria de 2002 at\u00e9 2010 como desenvolvedor de software, gerente de projetos e consultor em engenharia de software. Atualmente, est\u00e1 trabalhando em t\u00f3picos de pesquisa relacionadas \u00e0 engenharia de software inteligente.<span class=\"texto\">\u00a0<\/span><\/p>\n","protected":false},"excerpt":{"rendered":"<p>Doutorado Classe C &#8211; Adjunto &#8211; N\u00edvel 2 Curr\u00edculo Lattes: http:\/\/lattes.cnpq.br\/2530892415505191 E-mail institucional: joaosilva@unipampa.edu.br Jo\u00e3o Pablo S. da Silva \u00e9 professor efetivo no Campus Alegrete da Universidade Federal do Pampa (Unipampa) desde 2011, onde executa atividades de ensino, pesquisa e extens\u00e3o relacionadas \u00e0 engenharia de software. Recebeu o t\u00edtulo de Doutor em Ci\u00eancia da Computa\u00e7\u00e3o &hellip; <a href=\"https:\/\/cursos.unipampa.edu.br\/cursos\/engenhariadesoftware\/?page_id=2150\" class=\"more-link\">Continue lendo <span class=\"screen-reader-text\">Jo\u00e3o Pablo Silva da Silva<\/span> <span class=\"meta-nav\">&rarr;<\/span><\/a><\/p>\n","protected":false},"author":587,"featured_media":0,"parent":0,"menu_order":0,"comment_status":"closed","ping_status":"closed","template":"","meta":[],"_links":{"self":[{"href":"https:\/\/cursos.unipampa.edu.br\/cursos\/engenhariadesoftware\/index.php?rest_route=\/wp\/v2\/pages\/2150"}],"collection":[{"href":"https:\/\/cursos.unipampa.edu.br\/cursos\/engenhariadesoftware\/index.php?rest_route=\/wp\/v2\/pages"}],"about":[{"href":"https:\/\/cursos.unipampa.edu.br\/cursos\/engenhariadesoftware\/index.php?rest_route=\/wp\/v2\/types\/page"}],"author":[{"embeddable":true,"href":"https:\/\/cursos.unipampa.edu.br\/cursos\/engenhariadesoftware\/index.php?rest_route=\/wp\/v2\/users\/587"}],"replies":[{"embeddable":true,"href":"https:\/\/cursos.unipampa.edu.br\/cursos\/engenhariadesoftware\/index.php?rest_route=%2Fwp%2Fv2%2Fcomments&post=2150"}],"version-history":[{"count":3,"href":"https:\/\/cursos.unipampa.edu.br\/cursos\/engenhariadesoftware\/index.php?rest_route=\/wp\/v2\/pages\/2150\/revisions"}],"predecessor-version":[{"id":2361,"href":"https:\/\/cursos.unipampa.edu.br\/cursos\/engenhariadesoftware\/index.php?rest_route=\/wp\/v2\/pages\/2150\/revisions\/2361"}],"wp:attachment":[{"href":"https:\/\/cursos.unipampa.edu.br\/cursos\/engenhariadesoftware\/index.php?rest_route=%2Fwp%2Fv2%2Fmedia&parent=2150"}],"curies":[{"name":"wp","href":"https:\/\/api.w.org\/{rel}","templated":true}]}}