
{"id":2136,"date":"2019-04-18T21:03:20","date_gmt":"2019-04-19T00:03:20","guid":{"rendered":"http:\/\/cursos.unipampa.edu.br\/cursos\/engenhariadesoftware\/?page_id=2136"},"modified":"2019-07-09T17:31:31","modified_gmt":"2019-07-09T20:31:31","slug":"diego-luis-kreutz","status":"publish","type":"page","link":"https:\/\/cursos.unipampa.edu.br\/cursos\/engenhariadesoftware\/?page_id=2136","title":{"rendered":"Diego Luis Kreutz"},"content":{"rendered":"<p>Mestrado<\/p>\n<p>Classe C &#8211; Adjunto &#8211; N\u00edvel 2<\/p>\n<p>Curr\u00edculo Lattes: <a href=\"http:\/\/lattes.cnpq.br\/2781747995973774\" target=\"_blank\" rel=\"noopener noreferrer\">http:\/\/lattes.cnpq.br\/2781747995973774<\/a><\/p>\n<p>E-mail institucional: <a href=\"mailto:diegokreutz@unipampa.edu.br\">diegokreutz@unipampa.edu.br<\/a><\/p>\n<p style=\"text-align: justify\">Possui gradua\u00e7\u00e3o em Ci\u00eancia da Computa\u00e7\u00e3o pela Universidade Federal de Santa Maria (2003), mestrado em Engenharia de Produ\u00e7\u00e3o (PPGEP), na \u00e1rea de Tecnologia de Informa\u00e7\u00e3o, pela Universidade Federal de Santa Maria (2005) e mestrado em Inform\u00e1tica (PPGI), pela Universidade Federal de Santa Maria (2009). Atualmente \u00e9 professor da Universidade Federal do Pampa. Tem experi\u00eancia na \u00e1rea de Ci\u00eancia da Computa\u00e7\u00e3o, com \u00eanfase em Redes de Computadores, Computa\u00e7\u00e3o de Alto Desempenho, Sistemas Distribu\u00eddos, Segura n\u00e7a e Desenvolvimento de Software, atuando principalmente nos seguintes temas: redes definidas por software (SDN), gerenciamento automatizado de redes, desenvolvimento e avalia\u00e7\u00e3o de sistemas e aplica\u00e7\u00f5es, programa\u00e7\u00e3o paralela e distribu\u00edda, an\u00e1lise de desempenho, protocolos e mecanismos de seguran\u00e7a, seguran\u00e7a e administra\u00e7\u00e3o de sistemas, computa\u00e7\u00e3o em nuvem e toler\u00e2ncia a falhas e intrus\u00f5es. \u00c9 tamb\u00e9m membro de sociedades cient\u00edficas e profissionais como: IEEE, IEEE Computer Society, ACM, EuroSys (ACM SIGOPS in Europe), SIGOPS, SBC, OSA, LuxDocs, e Toastmasters International.<span class=\"texto\">\u00a0<\/span><\/p>\n","protected":false},"excerpt":{"rendered":"<p>Mestrado Classe C &#8211; Adjunto &#8211; N\u00edvel 2 Curr\u00edculo Lattes: http:\/\/lattes.cnpq.br\/2781747995973774 E-mail institucional: diegokreutz@unipampa.edu.br Possui gradua\u00e7\u00e3o em Ci\u00eancia da Computa\u00e7\u00e3o pela Universidade Federal de Santa Maria (2003), mestrado em Engenharia de Produ\u00e7\u00e3o (PPGEP), na \u00e1rea de Tecnologia de Informa\u00e7\u00e3o, pela Universidade Federal de Santa Maria (2005) e mestrado em Inform\u00e1tica (PPGI), pela Universidade Federal de &hellip; <a href=\"https:\/\/cursos.unipampa.edu.br\/cursos\/engenhariadesoftware\/?page_id=2136\" class=\"more-link\">Continue lendo <span class=\"screen-reader-text\">Diego Luis Kreutz<\/span> <span class=\"meta-nav\">&rarr;<\/span><\/a><\/p>\n","protected":false},"author":587,"featured_media":0,"parent":0,"menu_order":0,"comment_status":"closed","ping_status":"closed","template":"","meta":[],"_links":{"self":[{"href":"https:\/\/cursos.unipampa.edu.br\/cursos\/engenhariadesoftware\/index.php?rest_route=\/wp\/v2\/pages\/2136"}],"collection":[{"href":"https:\/\/cursos.unipampa.edu.br\/cursos\/engenhariadesoftware\/index.php?rest_route=\/wp\/v2\/pages"}],"about":[{"href":"https:\/\/cursos.unipampa.edu.br\/cursos\/engenhariadesoftware\/index.php?rest_route=\/wp\/v2\/types\/page"}],"author":[{"embeddable":true,"href":"https:\/\/cursos.unipampa.edu.br\/cursos\/engenhariadesoftware\/index.php?rest_route=\/wp\/v2\/users\/587"}],"replies":[{"embeddable":true,"href":"https:\/\/cursos.unipampa.edu.br\/cursos\/engenhariadesoftware\/index.php?rest_route=%2Fwp%2Fv2%2Fcomments&post=2136"}],"version-history":[{"count":3,"href":"https:\/\/cursos.unipampa.edu.br\/cursos\/engenhariadesoftware\/index.php?rest_route=\/wp\/v2\/pages\/2136\/revisions"}],"predecessor-version":[{"id":2352,"href":"https:\/\/cursos.unipampa.edu.br\/cursos\/engenhariadesoftware\/index.php?rest_route=\/wp\/v2\/pages\/2136\/revisions\/2352"}],"wp:attachment":[{"href":"https:\/\/cursos.unipampa.edu.br\/cursos\/engenhariadesoftware\/index.php?rest_route=%2Fwp%2Fv2%2Fmedia&parent=2136"}],"curies":[{"name":"wp","href":"https:\/\/api.w.org\/{rel}","templated":true}]}}