
{"id":2134,"date":"2019-04-18T20:51:56","date_gmt":"2019-04-18T23:51:56","guid":{"rendered":"http:\/\/cursos.unipampa.edu.br\/cursos\/engenhariadesoftware\/?page_id=2134"},"modified":"2019-07-09T17:30:31","modified_gmt":"2019-07-09T20:30:31","slug":"cristiano-tolfo","status":"publish","type":"page","link":"https:\/\/cursos.unipampa.edu.br\/cursos\/engenhariadesoftware\/?page_id=2134","title":{"rendered":"Cristiano Tolfo"},"content":{"rendered":"<p>Doutorado<\/p>\n<p>Classe C &#8211; Adjunto &#8211; N\u00edvel 4<\/p>\n<p>Curr\u00edculo Lattes: <a href=\"http:\/\/lattes.cnpq.br\/7084227559559891\" target=\"_blank\" rel=\"noopener noreferrer\">http:\/\/lattes.cnpq.br\/7084227559559891<\/a><\/p>\n<p>E-mail institucional: <a href=\"mailto:cristianotolfo@unipampa.edu.br\">cristianotolfo@unipampa.edu.br<\/a><\/p>\n<p style=\"text-align: justify\">Possui Doutorado em Engenharia de Produ\u00e7\u00e3o pela Universidade Federal de Santa Catariana &#8211; UFSC (2012), Mestrado em Ci\u00eancia da Computa\u00e7\u00e3o pela Universidade Federal de Santa Catarina &#8211; UFSC (2005) e gradua\u00e7\u00e3o em Ci\u00eancia da Computa\u00e7\u00e3o. \u00c9 Professor Adjunto na Universidade Federal do Pampa &#8211; UNIPAMPA. Tem interesse por \u00e1reas como M\u00e9todos \u00e1geis, Sistemas de informa\u00e7\u00f5es gerenciais, Gest\u00e3o de tecnologias da informa\u00e7\u00e3o, Metodologias ativas de aprendizagem, Aprendizagem baseada em problemas, Educa\u00e7\u00e3o empreendedora, Empreendedorismo, Inova\u00e7\u00e3o tecnol\u00f3gica, Administra\u00e7\u00e3o de empresas, Gest\u00e3o de processos e Gest\u00e3o de projetos.<\/p>\n","protected":false},"excerpt":{"rendered":"<p>Doutorado Classe C &#8211; Adjunto &#8211; N\u00edvel 4 Curr\u00edculo Lattes: http:\/\/lattes.cnpq.br\/7084227559559891 E-mail institucional: cristianotolfo@unipampa.edu.br Possui Doutorado em Engenharia de Produ\u00e7\u00e3o pela Universidade Federal de Santa Catariana &#8211; UFSC (2012), Mestrado em Ci\u00eancia da Computa\u00e7\u00e3o pela Universidade Federal de Santa Catarina &#8211; UFSC (2005) e gradua\u00e7\u00e3o em Ci\u00eancia da Computa\u00e7\u00e3o. \u00c9 Professor Adjunto na Universidade Federal &hellip; <a href=\"https:\/\/cursos.unipampa.edu.br\/cursos\/engenhariadesoftware\/?page_id=2134\" class=\"more-link\">Continue lendo <span class=\"screen-reader-text\">Cristiano Tolfo<\/span> <span class=\"meta-nav\">&rarr;<\/span><\/a><\/p>\n","protected":false},"author":587,"featured_media":0,"parent":0,"menu_order":0,"comment_status":"closed","ping_status":"closed","template":"","meta":[],"_links":{"self":[{"href":"https:\/\/cursos.unipampa.edu.br\/cursos\/engenhariadesoftware\/index.php?rest_route=\/wp\/v2\/pages\/2134"}],"collection":[{"href":"https:\/\/cursos.unipampa.edu.br\/cursos\/engenhariadesoftware\/index.php?rest_route=\/wp\/v2\/pages"}],"about":[{"href":"https:\/\/cursos.unipampa.edu.br\/cursos\/engenhariadesoftware\/index.php?rest_route=\/wp\/v2\/types\/page"}],"author":[{"embeddable":true,"href":"https:\/\/cursos.unipampa.edu.br\/cursos\/engenhariadesoftware\/index.php?rest_route=\/wp\/v2\/users\/587"}],"replies":[{"embeddable":true,"href":"https:\/\/cursos.unipampa.edu.br\/cursos\/engenhariadesoftware\/index.php?rest_route=%2Fwp%2Fv2%2Fcomments&post=2134"}],"version-history":[{"count":2,"href":"https:\/\/cursos.unipampa.edu.br\/cursos\/engenhariadesoftware\/index.php?rest_route=\/wp\/v2\/pages\/2134\/revisions"}],"predecessor-version":[{"id":2350,"href":"https:\/\/cursos.unipampa.edu.br\/cursos\/engenhariadesoftware\/index.php?rest_route=\/wp\/v2\/pages\/2134\/revisions\/2350"}],"wp:attachment":[{"href":"https:\/\/cursos.unipampa.edu.br\/cursos\/engenhariadesoftware\/index.php?rest_route=%2Fwp%2Fv2%2Fmedia&parent=2134"}],"curies":[{"name":"wp","href":"https:\/\/api.w.org\/{rel}","templated":true}]}}