
{"id":2101,"date":"2019-04-18T15:00:11","date_gmt":"2019-04-18T18:00:11","guid":{"rendered":"http:\/\/cursos.unipampa.edu.br\/cursos\/engenhariadesoftware\/?page_id=2101"},"modified":"2019-04-18T15:00:11","modified_gmt":"2019-04-18T18:00:11","slug":"representacao-discente","status":"publish","type":"page","link":"https:\/\/cursos.unipampa.edu.br\/cursos\/engenhariadesoftware\/?page_id=2101","title":{"rendered":"Representa\u00e7\u00e3o Discente"},"content":{"rendered":"<p style=\"text-align: justify\">A representa\u00e7\u00e3o discente \u00e9 feita principalmente a partir de duas frentes, sendo elas: Representa\u00e7\u00e3o Discente do Curso e Diret\u00f3rio Acad\u00eamico do Curso. \u00c9 a partir delas que os\u00a0 acad\u00eamicos t\u00eam sua voz ouvida e levada aos devidos \u00f3rg\u00e3os deliberativos para aprecia\u00e7\u00e3o e discuss\u00e3o. Acesse o menu lateral e saiba a quem se dirigir e suas compet\u00eancias.<\/p>\n","protected":false},"excerpt":{"rendered":"<p>A representa\u00e7\u00e3o discente \u00e9 feita principalmente a partir de duas frentes, sendo elas: Representa\u00e7\u00e3o Discente do Curso e Diret\u00f3rio Acad\u00eamico do Curso. \u00c9 a partir delas que os\u00a0 acad\u00eamicos t\u00eam sua voz ouvida e levada aos devidos \u00f3rg\u00e3os deliberativos para aprecia\u00e7\u00e3o e discuss\u00e3o. Acesse o menu lateral e saiba a quem se dirigir e suas &hellip; <a href=\"https:\/\/cursos.unipampa.edu.br\/cursos\/engenhariadesoftware\/?page_id=2101\" class=\"more-link\">Continue lendo <span class=\"screen-reader-text\">Representa\u00e7\u00e3o Discente<\/span> <span class=\"meta-nav\">&rarr;<\/span><\/a><\/p>\n","protected":false},"author":587,"featured_media":0,"parent":0,"menu_order":0,"comment_status":"closed","ping_status":"closed","template":"","meta":[],"_links":{"self":[{"href":"https:\/\/cursos.unipampa.edu.br\/cursos\/engenhariadesoftware\/index.php?rest_route=\/wp\/v2\/pages\/2101"}],"collection":[{"href":"https:\/\/cursos.unipampa.edu.br\/cursos\/engenhariadesoftware\/index.php?rest_route=\/wp\/v2\/pages"}],"about":[{"href":"https:\/\/cursos.unipampa.edu.br\/cursos\/engenhariadesoftware\/index.php?rest_route=\/wp\/v2\/types\/page"}],"author":[{"embeddable":true,"href":"https:\/\/cursos.unipampa.edu.br\/cursos\/engenhariadesoftware\/index.php?rest_route=\/wp\/v2\/users\/587"}],"replies":[{"embeddable":true,"href":"https:\/\/cursos.unipampa.edu.br\/cursos\/engenhariadesoftware\/index.php?rest_route=%2Fwp%2Fv2%2Fcomments&post=2101"}],"version-history":[{"count":1,"href":"https:\/\/cursos.unipampa.edu.br\/cursos\/engenhariadesoftware\/index.php?rest_route=\/wp\/v2\/pages\/2101\/revisions"}],"predecessor-version":[{"id":2102,"href":"https:\/\/cursos.unipampa.edu.br\/cursos\/engenhariadesoftware\/index.php?rest_route=\/wp\/v2\/pages\/2101\/revisions\/2102"}],"wp:attachment":[{"href":"https:\/\/cursos.unipampa.edu.br\/cursos\/engenhariadesoftware\/index.php?rest_route=%2Fwp%2Fv2%2Fmedia&parent=2101"}],"curies":[{"name":"wp","href":"https:\/\/api.w.org\/{rel}","templated":true}]}}