
{"id":2093,"date":"2019-04-18T12:12:25","date_gmt":"2019-04-18T15:12:25","guid":{"rendered":"http:\/\/cursos.unipampa.edu.br\/cursos\/engenhariadesoftware\/?page_id=2093"},"modified":"2019-07-09T15:07:40","modified_gmt":"2019-07-09T18:07:40","slug":"aline-vieira-de-mello","status":"publish","type":"page","link":"https:\/\/cursos.unipampa.edu.br\/cursos\/engenhariadesoftware\/?page_id=2093","title":{"rendered":"Aline Vieira de Mello"},"content":{"rendered":"<p>Doutorado<\/p>\n<p>Classe C &#8211; Adjunto &#8211; N\u00edvel 3<\/p>\n<p>Curr\u00edculo Lattes: <a href=\"http:\/\/lattes.cnpq.br\/7822927936432169\" target=\"_blank\" rel=\"noopener noreferrer\">http:\/\/lattes.cnpq.br\/7822927936432169<\/a><\/p>\n<p>E-mail institucional: <a href=\"mailto:alinemello@unipampa.edu.br\">alinemello@unipampa.edu.br<\/a><\/p>\n<p class=\"resumo\" style=\"text-align: justify\">Aline Vieira de Mello concluiu a gradua\u00e7\u00e3o e o mestrado em Ci\u00eancia da Computa\u00e7\u00e3o pela Pontif\u00edcia Universidade Cat\u00f3lica do Rio Grande do Sul (PUCRS), Porto Alegre &#8211; Brasil, em 2003 e 2007, respectivamente. Em 2013, recebeu o titulo de doutora em Ci\u00eancia da Computa\u00e7\u00e3o pela Universit\u00e9 Pierre et Marie Curie (UPMC), Paris &#8211; Fran\u00e7a. Publicou trabalhos em anais de eventos nacionais e internacionais, recebendo o pr\u00eamio Best Conceptual Design na confer\u00eancia DATE. Tem experi\u00eancia na \u00e1rea de Ci\u00eancia da Computa\u00e7\u00e3o, com \u00eanfase em Arquitetura de Computadores e Sistemas Digitais, atuando principalmente nos seguintes temas: Multi Processor System on Chip (MPSOC), Network on Chip (NoC), Quality of Service (QoS) e Transaction Level Modeling (TLM). Atualmente \u00e9 professora na Universidade Federal do Pampa (UNIPAMPA) &#8211; <em>Campus<\/em> Alegrete.<\/p>\n","protected":false},"excerpt":{"rendered":"<p>Doutorado Classe C &#8211; Adjunto &#8211; N\u00edvel 3 Curr\u00edculo Lattes: http:\/\/lattes.cnpq.br\/7822927936432169 E-mail institucional: alinemello@unipampa.edu.br Aline Vieira de Mello concluiu a gradua\u00e7\u00e3o e o mestrado em Ci\u00eancia da Computa\u00e7\u00e3o pela Pontif\u00edcia Universidade Cat\u00f3lica do Rio Grande do Sul (PUCRS), Porto Alegre &#8211; Brasil, em 2003 e 2007, respectivamente. Em 2013, recebeu o titulo de doutora em &hellip; <a href=\"https:\/\/cursos.unipampa.edu.br\/cursos\/engenhariadesoftware\/?page_id=2093\" class=\"more-link\">Continue lendo <span class=\"screen-reader-text\">Aline Vieira de Mello<\/span> <span class=\"meta-nav\">&rarr;<\/span><\/a><\/p>\n","protected":false},"author":587,"featured_media":0,"parent":0,"menu_order":0,"comment_status":"closed","ping_status":"closed","template":"","meta":[],"_links":{"self":[{"href":"https:\/\/cursos.unipampa.edu.br\/cursos\/engenhariadesoftware\/index.php?rest_route=\/wp\/v2\/pages\/2093"}],"collection":[{"href":"https:\/\/cursos.unipampa.edu.br\/cursos\/engenhariadesoftware\/index.php?rest_route=\/wp\/v2\/pages"}],"about":[{"href":"https:\/\/cursos.unipampa.edu.br\/cursos\/engenhariadesoftware\/index.php?rest_route=\/wp\/v2\/types\/page"}],"author":[{"embeddable":true,"href":"https:\/\/cursos.unipampa.edu.br\/cursos\/engenhariadesoftware\/index.php?rest_route=\/wp\/v2\/users\/587"}],"replies":[{"embeddable":true,"href":"https:\/\/cursos.unipampa.edu.br\/cursos\/engenhariadesoftware\/index.php?rest_route=%2Fwp%2Fv2%2Fcomments&post=2093"}],"version-history":[{"count":4,"href":"https:\/\/cursos.unipampa.edu.br\/cursos\/engenhariadesoftware\/index.php?rest_route=\/wp\/v2\/pages\/2093\/revisions"}],"predecessor-version":[{"id":2340,"href":"https:\/\/cursos.unipampa.edu.br\/cursos\/engenhariadesoftware\/index.php?rest_route=\/wp\/v2\/pages\/2093\/revisions\/2340"}],"wp:attachment":[{"href":"https:\/\/cursos.unipampa.edu.br\/cursos\/engenhariadesoftware\/index.php?rest_route=%2Fwp%2Fv2%2Fmedia&parent=2093"}],"curies":[{"name":"wp","href":"https:\/\/api.w.org\/{rel}","templated":true}]}}