
{"id":2082,"date":"2019-04-18T11:36:09","date_gmt":"2019-04-18T14:36:09","guid":{"rendered":"http:\/\/cursos.unipampa.edu.br\/cursos\/engenhariadesoftware\/?page_id=2082"},"modified":"2019-07-09T17:38:29","modified_gmt":"2019-07-09T20:38:29","slug":"fabio-paulo-basso","status":"publish","type":"page","link":"https:\/\/cursos.unipampa.edu.br\/cursos\/engenhariadesoftware\/?page_id=2082","title":{"rendered":"F\u00e1bio Paulo Basso"},"content":{"rendered":"<p>Doutorado<\/p>\n<p>Classe A &#8211; Adjunto A &#8211; N\u00edvel 1<\/p>\n<p>Curr\u00edculo Lattes: <a href=\"http:\/\/lattes.cnpq.br\/6653688230110966\">http:\/\/lattes.cnpq.br\/6653688230110966<\/a><\/p>\n<p>E-mail institucional: <a href=\"mailto:fabiobasso@unipampa.edu.br\">fabiobasso@unipampa.edu.br<\/a><\/p>\n<p class=\"resumo\" style=\"text-align: justify\">Doutor pela Universidade Federal do Rio de Janeiro (UFRJ), mestre em Ci\u00eancia da Computa\u00e7\u00e3o pela Pontif\u00edcia Universidade Cat\u00f3lica do Rio Grande do Sul (PUCRS) e graduado em Inform\u00e1tica pela Universidade Regional do Noroeste do Estado do Rio Grande do Sul (UNIJU\u00cd). Tem experi\u00eancia com pesquisa e desenvolvimento em Engenharia de Software, atuando principalmente nos seguintes temas: Desenvolvimento \u00e1gil de software, arquiteturas de desenvolvimento Java, re\u00faso de software por meio de Engenharia Dirigida por Modelos (MDE) e refatora\u00e7\u00e3o, Padr\u00f5es de Projeto, UML e Linguagens Espec\u00edficas de Dom\u00ednio (DSLs). \u00c9 arquiteto e desenvolvedor para plataformas Web, Desktop e Mobile com larga experi\u00eancia em tecnologias que d\u00e3o suporte para Java (J2ME, J2SE e J2EE). Em 2007, fundou a empresa ADAPIT Solu\u00e7\u00f5es em TI, spin-off do trabalho desenvolvido em seu mestrado com foco em MDE como um Servi\u00e7o (P&amp;D em Engenharia de Software), que esteve incubada na Raiar (Ambiente de Desenvolvimento de Startups da PUCRS). Atuou como seu diretor at\u00e9 2011. Atualmente \u00e9 professor adjunto no cursos de Engenharia de Software e Ci\u00eancias da Computa\u00e7\u00e3o da Universidade Federal do Pampa (UNIPAMPA), campus de Alegrete (RS).<\/p>\n","protected":false},"excerpt":{"rendered":"<p>Doutorado Classe A &#8211; Adjunto A &#8211; N\u00edvel 1 Curr\u00edculo Lattes: http:\/\/lattes.cnpq.br\/6653688230110966 E-mail institucional: fabiobasso@unipampa.edu.br Doutor pela Universidade Federal do Rio de Janeiro (UFRJ), mestre em Ci\u00eancia da Computa\u00e7\u00e3o pela Pontif\u00edcia Universidade Cat\u00f3lica do Rio Grande do Sul (PUCRS) e graduado em Inform\u00e1tica pela Universidade Regional do Noroeste do Estado do Rio Grande do Sul &hellip; <a href=\"https:\/\/cursos.unipampa.edu.br\/cursos\/engenhariadesoftware\/?page_id=2082\" class=\"more-link\">Continue lendo <span class=\"screen-reader-text\">F\u00e1bio Paulo Basso<\/span> <span class=\"meta-nav\">&rarr;<\/span><\/a><\/p>\n","protected":false},"author":587,"featured_media":0,"parent":0,"menu_order":0,"comment_status":"closed","ping_status":"closed","template":"","meta":[],"_links":{"self":[{"href":"https:\/\/cursos.unipampa.edu.br\/cursos\/engenhariadesoftware\/index.php?rest_route=\/wp\/v2\/pages\/2082"}],"collection":[{"href":"https:\/\/cursos.unipampa.edu.br\/cursos\/engenhariadesoftware\/index.php?rest_route=\/wp\/v2\/pages"}],"about":[{"href":"https:\/\/cursos.unipampa.edu.br\/cursos\/engenhariadesoftware\/index.php?rest_route=\/wp\/v2\/types\/page"}],"author":[{"embeddable":true,"href":"https:\/\/cursos.unipampa.edu.br\/cursos\/engenhariadesoftware\/index.php?rest_route=\/wp\/v2\/users\/587"}],"replies":[{"embeddable":true,"href":"https:\/\/cursos.unipampa.edu.br\/cursos\/engenhariadesoftware\/index.php?rest_route=%2Fwp%2Fv2%2Fcomments&post=2082"}],"version-history":[{"count":3,"href":"https:\/\/cursos.unipampa.edu.br\/cursos\/engenhariadesoftware\/index.php?rest_route=\/wp\/v2\/pages\/2082\/revisions"}],"predecessor-version":[{"id":2356,"href":"https:\/\/cursos.unipampa.edu.br\/cursos\/engenhariadesoftware\/index.php?rest_route=\/wp\/v2\/pages\/2082\/revisions\/2356"}],"wp:attachment":[{"href":"https:\/\/cursos.unipampa.edu.br\/cursos\/engenhariadesoftware\/index.php?rest_route=%2Fwp%2Fv2%2Fmedia&parent=2082"}],"curies":[{"name":"wp","href":"https:\/\/api.w.org\/{rel}","templated":true}]}}