
{"id":2052,"date":"2019-04-29T15:42:51","date_gmt":"2019-04-29T18:42:51","guid":{"rendered":"http:\/\/cursos.unipampa.edu.br\/cursos\/engenhariadesoftware\/?page_id=2052"},"modified":"2025-10-09T14:42:13","modified_gmt":"2025-10-09T17:42:13","slug":"grupos-de-pesquisa","status":"publish","type":"page","link":"https:\/\/cursos.unipampa.edu.br\/cursos\/engenhariadesoftware\/?page_id=2052","title":{"rendered":"Grupos de Pesquisa"},"content":{"rendered":"<p style=\"text-align: justify\">O <em>Campus<\/em> Alegrete, no ramo da Computa\u00e7\u00e3o, possui v\u00e1rios grupos\/laborat\u00f3rios de pesquisa certificados no Diret\u00f3rio dos Grupos de Pesquisa do CNPq. Veja a lista abaixo.<\/p>\n<p><strong>LESSE &#8211; Laboratoy of Empirical Studies in Software Engineering<\/strong><\/p>\n<p style=\"text-align: justify\">O LESSE <span lang=\"pt\">tem sua pesquisa centrada basicamente em estabelecer processos, metodologias e ferramentas para o desenvolvimento, evolu\u00e7\u00e3o e reutiliza\u00e7\u00e3o de software, bem como suporte \u00e0 Engenharia de Software Emp\u00edrica.<\/span><\/p>\n<p>L\u00edderes do grupo: Maicon Bernardino da Silveira e Elder de Macedo Rodrigues<\/p>\n<p>Link no CNPq:\u00a0<a href=\"http:\/\/dgp.cnpq.br\/dgp\/espelhogrupo\/9310369711151270\">http:\/\/dgp.cnpq.br\/dgp\/espelhogrupo\/9310369711151270<\/a><\/p>\n<p>Link do laborat\u00f3rio:\u00a0<a href=\"http:\/\/lesse.com.br\">http:\/\/lesse.com.br<\/a><\/p>\n<p><strong>LabISE &#8211; Laboratory of Intelligent Software Engineering<\/strong><\/p>\n<p>O LabISE tem como objetivo explorar a sinergia entre Engenharia de Software (ES) e Intelig\u00eancia Artificial (IA), realizando pesquisas com IA aplicada a ES, a qual busca aplicar tecnologias de IA nas solu\u00e7\u00f5es de problemas de ES e ES aplicada \u00e0 IA, a qual busca aplicar pr\u00e1ticas de ES no desenvolvimento de solu\u00e7\u00f5es para IA.<\/p>\n<p>L\u00edder do grupo: Alice Fonseca Finger<\/p>\n<p>Link no CNPq: <a href=\"http:\/\/dgp.cnpq.br\/dgp\/espelhogrupo\/6454422577485346\">http:\/\/dgp.cnpq.br\/dgp\/espelhogrupo\/6454422577485346<\/a><\/p>\n<p>Link do laborat\u00f3rio: <a href=\"https:\/\/labise.com.br\/\">https:\/\/labise.com.br\/<\/a><\/p>\n<p><strong>LAPIA &#8211; Laboratory of Applied Image Processing<\/strong><\/p>\n<p style=\"text-align: justify\">O LAPIA, desde 2011, atua em pesquisas multidisciplinares na \u00e1rea de processamento e an\u00e1lise de imagens m\u00e9dicas, morfologia matem\u00e1tica, sistemas de informa\u00e7\u00e3o multim\u00eddia, recupera\u00e7\u00e3o de imagens em banco de dados, rastreamento de objetos em v\u00eddeo, detec\u00e7\u00e3o de movimento e m\u00e9todos estoc\u00e1sticos aplacados ao processamento de imagens.<\/p>\n<p>L\u00edder do grupo: Alessandro Bof de Oliveira<\/p>\n<p>Link no CNPq:\u00a0<a href=\"http:\/\/dgp.cnpq.br\/dgp\/espelhogrupo\/6513523962518198\">http:\/\/dgp.cnpq.br\/dgp\/espelhogrupo\/6513523962518198<\/a><\/p>\n<p><strong>LEA &#8211; Laborat\u00f3rio de Estudos Avan\u00e7ados em Computa\u00e7\u00e3o<\/strong><\/p>\n<p style=\"text-align: justify\">O LEA integra diversos pesquisadores interessados em \u00e1reas correlatas ou aplicadas entre si, com o objetivo de explorar as fronteiras interdisciplinares que v\u00eam surgindo a partir das interse\u00e7\u00f5es de \u00e1reas j\u00e1 estabelecidas.<\/p>\n<p>L\u00edderes do grupo: Claudio Schepke e Diego Luis Kreutz<\/p>\n<p>Link no CNPq:\u00a0<a href=\"http:\/\/dgp.cnpq.br\/dgp\/espelhogrupo\/1417129667597227\">http:\/\/dgp.cnpq.br\/dgp\/espelhogrupo\/1417129667597227<\/a><\/p>\n<p><strong>LESA &#8211; Laborat\u00f3rio de Engenharia de Software Aplicada<\/strong><\/p>\n<p style=\"text-align: justify\">O LESA tem por objetivo desenvolver o avan\u00e7o do conhecimento cient\u00edfico e tecnol\u00f3gico de forma aplicada na \u00e1rea de Engenharia de Software. Aliando a pesquisa acad\u00eamica com a aplica\u00e7\u00e3o pr\u00e1tica na ind\u00fastria, desenvolve pesquisas que fomentam a qualidade e a produtividade para o setor de software.<\/p>\n<p>L\u00edderes do grupo: Cristiano Tolfo e Gilleanes Thorwald Araujo Guedes<\/p>\n<p>Link no CNPq:\u00a0<a href=\"http:\/\/dgp.cnpq.br\/dgp\/espelhogrupo\/8224214977657776\">http:\/\/dgp.cnpq.br\/dgp\/espelhogrupo\/8224214977657776<\/a><\/p>\n<p>Link do laborat\u00f3rio:\u00a0<a href=\"http:\/\/porteiras.s.unipampa.edu.br\/lesa\/\">http:\/\/porteiras.s.unipampa.edu.br\/lesa\/<\/a><\/p>\n<p><strong>LOS &#8211; Laborat\u00f3rio de Otimiza\u00e7\u00e3o de Sistemas &#8211; <em>Optimization Systems Lab<\/em><\/strong><\/p>\n<p style=\"text-align: justify\">Researchers are conducting research in the following areas:<br \/>\n<b>i)<\/b>\u00a0<i>Parallel Computing<\/i><br \/>\n<b>ii)<\/b><i>\u00a0Heterogeneous Multicore Architectures<\/i><br \/>\n<b>iii)<\/b>\u00a0<i>Software Defined Networking<\/i><br \/>\n<b>iv)<\/b>\u00a0<i>Cloud Computing<\/i><br \/>\nWe are associated with the Department of Computer Science from\u00a0<a href=\"http:\/\/novoportal.unipampa.edu.br\/novoportal\/en\">UNIPAMPA<\/a>,\u00a0<a href=\"https:\/\/www.iffarroupilha.edu.br\/alegrete\">IFFar<\/a>, and\u00a0<a href=\"http:\/\/www.inf.ufrgs.br\/site\/en\/\">INF\/UFRGS<\/a>.<\/p>\n<p>L\u00edderes do grupo: Marcelo Caggiani Luizelli<\/p>\n<p>Link no CNPq: <a href=\"http:\/\/dgp.cnpq.br\/dgp\/espelhogrupo\/464197\">http:\/\/dgp.cnpq.br\/dgp\/espelhogrupo\/464197<\/a><\/p>\n<p>Link do laborat\u00f3rio: <a href=\"https:\/\/lospampa.com\">https:\/\/lospampa.com<\/a><\/p>\n","protected":false},"excerpt":{"rendered":"<p>O Campus Alegrete, no ramo da Computa\u00e7\u00e3o, possui v\u00e1rios grupos\/laborat\u00f3rios de pesquisa certificados no Diret\u00f3rio dos Grupos de Pesquisa do CNPq. Veja a lista abaixo. LESSE &#8211; Laboratoy of Empirical Studies in Software Engineering O LESSE tem sua pesquisa centrada basicamente em estabelecer processos, metodologias e ferramentas para o desenvolvimento, evolu\u00e7\u00e3o e reutiliza\u00e7\u00e3o de software, &hellip; <a href=\"https:\/\/cursos.unipampa.edu.br\/cursos\/engenhariadesoftware\/?page_id=2052\" class=\"more-link\">Continue lendo <span class=\"screen-reader-text\">Grupos de Pesquisa<\/span> <span class=\"meta-nav\">&rarr;<\/span><\/a><\/p>\n","protected":false},"author":857,"featured_media":0,"parent":0,"menu_order":0,"comment_status":"closed","ping_status":"closed","template":"","meta":[],"_links":{"self":[{"href":"https:\/\/cursos.unipampa.edu.br\/cursos\/engenhariadesoftware\/index.php?rest_route=\/wp\/v2\/pages\/2052"}],"collection":[{"href":"https:\/\/cursos.unipampa.edu.br\/cursos\/engenhariadesoftware\/index.php?rest_route=\/wp\/v2\/pages"}],"about":[{"href":"https:\/\/cursos.unipampa.edu.br\/cursos\/engenhariadesoftware\/index.php?rest_route=\/wp\/v2\/types\/page"}],"author":[{"embeddable":true,"href":"https:\/\/cursos.unipampa.edu.br\/cursos\/engenhariadesoftware\/index.php?rest_route=\/wp\/v2\/users\/857"}],"replies":[{"embeddable":true,"href":"https:\/\/cursos.unipampa.edu.br\/cursos\/engenhariadesoftware\/index.php?rest_route=%2Fwp%2Fv2%2Fcomments&post=2052"}],"version-history":[{"count":21,"href":"https:\/\/cursos.unipampa.edu.br\/cursos\/engenhariadesoftware\/index.php?rest_route=\/wp\/v2\/pages\/2052\/revisions"}],"predecessor-version":[{"id":3650,"href":"https:\/\/cursos.unipampa.edu.br\/cursos\/engenhariadesoftware\/index.php?rest_route=\/wp\/v2\/pages\/2052\/revisions\/3650"}],"wp:attachment":[{"href":"https:\/\/cursos.unipampa.edu.br\/cursos\/engenhariadesoftware\/index.php?rest_route=%2Fwp%2Fv2%2Fmedia&parent=2052"}],"curies":[{"name":"wp","href":"https:\/\/api.w.org\/{rel}","templated":true}]}}